{"id":6207,"date":"2018-05-30T12:21:55","date_gmt":"2018-05-30T10:21:55","guid":{"rendered":"http:\/\/heinen-doors.com?page_id=6207"},"modified":"2021-09-27T11:28:56","modified_gmt":"2021-09-27T09:28:56","slug":"privacybeleid","status":"publish","type":"page","link":"https:\/\/www.heinen-doors.com\/nl\/privacybeleid\/","title":{"rendered":"Privacybeleid"},"content":{"rendered":"<div class=\"prose\">\n<h2 id=\"cookie-notice\">COOKIES<\/h2>\n<p>Onze website maakt gebruik van cookies om zijn werking te verbeteren. Cookies zijn data die op uw apparaat worden opgeslagen en waarmee de website informatie over u bijhoudt voor een betere surfervaring.<\/p>\n<p>We gebruiken verschillende cookies voor specifieke doeleinden:<\/p>\n<ul>\n<li><strong>noodzakelijke cookies:<\/strong>\u00a0die worden gebruikt om de website correct te laten werken. Ze verzamelen geen persoonsgegevens;<\/li>\n<li><strong>Cloudflare-cookies:<\/strong>\u00a0Cloudflare is een CDN (Content Delivery Network) waarmee bepaalde inhoud sneller geleverd kan worden in functie van de plaats waar de gebruiker zich bevindt. Om de gebruiker een individuele navigatie te bieden, maakt het Cloudflare-cookie het mogelijk om verschillende gebruikers met hetzelfde IP-adres te onderscheiden (bijvoorbeeld vier gebruikers verbonden via de wifi van een fastfoodrestaurant). Het cookie registreert geen persoonsgegevens aan de hand waarvan de gebruiker ge\u00efdentificeerd kan worden;<\/li>\n<li><strong>functionele cookies:<\/strong>\u00a0dit zijn cookies die zorgen voor een comfortabeler bezoek aan de website. Zo kunnen ze bijvoorbeeld het adres van de gebruiker opslaan om automatisch het veld \u2018adres\u2019 van een formulier in te vullen zodat de gebruiker dat niet meer zelf hoeft te doen.<\/li>\n<\/ul>\n<p>Door op de knop \u2018Ik ga akkoord\u2019 te klikken, aanvaardt u het gebruik van cookies (artikel\u00a06, 1, a van de AVG). U kunt deze goedkeuring op elk moment annuleren door op de knop \u2018Cookiebeleid\u2019 in de rechteronderhoek van uw scherm te klikken. Als u geen cookies wilt toestaan, kan dat een impact hebben op het gebruik van bepaalde functies.<\/p>\n<h2>CONTACTFORMULIER<\/h2>\n<p>U stemt ermee in dat de via dit formulier verzamelde gegevens door Heinen\u00a0 worden opgeslagen voor een puur praktisch doel (om Heinen toe te laten indien nodig later opnieuw contact met u op te nemen). De gegevens worden niet doorgegeven aan derden en worden niet gebruikt in een ander kader dan dat waarvoor u dit formulier hebt ingevuld. U kunt deze gegevens te allen tijde raadplegen, wijzigen of verwijderen door contact met ons op te nemen via info@heinen-doors.com.<\/p>\n<h2>GOOGLE ANALYTICS<\/h2>\n<p>Voor puur statistische doeleinden gebruiken we Google Analytics om het websiteverkeer dagelijks te analyseren. Daartoe gebruikt Google Analytics cookies die de activiteit van de gebruiker op de website volgen. Voordat de gebruiker instemt met het cookiebeleid wordt het door de gebruiker gebruikte IP-adres geanonimiseerd, wat betekent dat het laatste octet (IPv4) of de laatste 80\u00a0bits (IPv6) van het IP-adres wordt\/worden ingesteld op nul om de identificatie van het geografische gebied van de gebruiker met behulp van het IP-adres te beperken. Ook geolocatie is uitgeschakeld om elke mogelijkheid van identificatie via locatie te voorkomen. Zodra de gebruiker het cookiebeleid van de website accepteert, is het IP-adres niet langer anoniem en is geolocatie geactiveerd. Die gegevens hebben echter een statistisch doel en er worden geen IP-adressen gekoppeld aan specifieke gebruikers, d.w.z. dat de IP-adressen niet worden gebruikt om de navigatie van \u00e9\u00e9n persoon te analyseren, maar wel van een groep individuen. De cookie vervalt automatisch 1\u00a0maand na acceptatie van de Google Analytics-tracking (er zal een nieuwe bevestiging worden aangevraagd).<\/p>\n<h2>PERSOONSGEGEVENS<\/h2>\n<p>Alle gegevens over de gebruiker die via cookies of formulieren van de website worden verzameld, worden alleen in onze database opgeslagen als de gebruiker daar van tevoren heeft mee ingestemd. De informatie zal niet worden gebruikt in andere omstandigheden dan die de gebruiker heeft aanvaard. De gebruiker heeft recht van inzage in alle gegevens die hem betreffen: hij kan ze raadplegen, wijzigen of verwijderen wanneer hij maar wil en zonder dat hij daarvoor een reden aan Heinen moet opgeven. De gebruiker kan daarvoor via het onderstaande formulier contact opnemen met de persoon die verantwoordelijk is voor de gegevensverwerking. Daarnaast kan hij op elk moment een klacht indienen bij de toezichthoudende autoriteit van zijn land (artikel 13, 2, d van de AGV).<\/p>\n<p>Uw gegevens kunnen gebruikt worden:<\/p>\n<ul>\n<li>om onze diensten aan de gebruiker te leveren. Indien de gebruiker bijvoorbeeld een account op onze website heeft aangemaakt, zullen we de gegevens van die account gebruiken om de gebruiker op de hoogte te stellen van eventuele wijzigingen in onze diensten;<\/li>\n<li>om de gebruikerservaring te verbeteren;<\/li>\n<li>om de interactie tussen Heinen en de gebruiker te verbeteren;<\/li>\n<li>om ze te analyseren om de werking van de website te verbeteren;<\/li>\n<li>voor andere doeleinden waarvoor wij op voorhand de toelating hebben gevraagd aan de gebruiker.<\/li>\n<\/ul>\n<p>We gebruiken verschillende veilige protocollen om de gegevens die via deze website worden verzameld te beschermen. Hoewel we ons best doen, kunnen we de volledige beveiliging van die informatie echter niet garanderen. We zullen de gepaste instantie op de hoogte brengen in geval van een inbreuk op de beveiliging. U ontvangt ook een melding als we een dergelijk probleem identificeren. Uiteraard zullen we er alles aan doen om inbreuken op de beveiliging te voorkomen.\u00a0<strong>Opgelet:<\/strong>\u00a0indien de gebruiker een account heeft aangemaakt op onze website, moet hij zijn gebruikersnaam en wachtwoord geheim houden.<\/p>\n<p>De rechten van de gebruiker betreffende zijn gegevens zijn de volgende:<\/p>\n<ul>\n<li>het\u00a0<strong>recht op informatie<\/strong>: de gebruiker heeft het recht te weten hoe de gegevens die op de website verzameld worden, gebruikt worden;<\/li>\n<li>het\u00a0<strong>recht op inzage<\/strong>: de gebruiker heeft recht op inzage in de gegevens die op de website verzameld worden;<\/li>\n<li>het\u00a0<strong>recht op rectificatie<\/strong>: de gebruiker heeft het recht om de rectificatie te vragen van gegevens die door de website bewaard worden;<\/li>\n<li>het\u00a0<strong>recht op wissing<\/strong>: de gebruiker heeft het recht om de wissing te vragen van een deel van of alle gegevens die over hem worden bijgehouden;<\/li>\n<li>het\u00a0<strong>recht op de beperking van het gebruik van gegevens<\/strong>: de gebruiker heeft het recht om de manier waarop de website zijn gegevens gebruikt te beperken;<\/li>\n<li>het\u00a0<strong>recht op intrekking<\/strong>: de gebruiker mag elke instemming wat betreft het gebruik van persoonsgegevens die via onze website werden verstrekt opnieuw intrekken.<\/li>\n<\/ul>\n<p>Zodra het verzoek is ingediend, neemt de manager zo snel mogelijk contact op met de gebruiker door hem een bestand met zijn persoonsgegevens te verstrekken.<\/p>\n<p>Klik\u00a0<a id=\"open-request-form\" class=\"local\" href=\"https:\/\/www.heinen-doors.com\/nl\/privacybeleid\/\">hier<\/a>\u00a0om de gegevens op onze servers aan te vragen<\/p>\n<h2>INTELLECTUELE-EIGENDOMSRECHTEN<\/h2>\n<p>De website en de inhoud ervan, inclusief maar niet beperkt tot tekst, architecturaal concept, grafische elementen, afbeeldingen, logo\u2019s en pictogrammen, zijn beschermd door intellectuele-eigendoms- of andere rechten en blijven het eigendom van hun respectievelijke auteurs en\/of eigenaars en dat gedurende de wettelijke beschermingstermijn en wereldwijd.<\/p>\n<p>De licentie die aan de gebruiker is verleend, omvat alleen het recht om de geraadpleegde werken te reproduceren voor weergave op \u00e9\u00e9n scherm en kopie\u00ebn of reproducties voor priv\u00e9gebruik en niet voor collectief of commercieel gebruik.<\/p>\n<p>Analyses en korte citaten, gerechtvaardigd door het kritische, controversi\u00eble, pedagogische, wetenschappelijke of informatieve karakter van het werk waarin ze zijn opgenomen, worden ook toegestaan, op voorwaarde dat duidelijk de naam van de auteur en de bron worden vermeld.<\/p>\n<p>Afgezien van die uitzonderingen mogen de website en de inhoud ervan niet geheel of gedeeltelijk worden gekopieerd, gereproduceerd, gedistribueerd, gebruikt, aangepast of vertaald, behalve met de voorafgaande schriftelijke toestemming van Heinen.<\/p>\n<ol>\n<li>De persoonsgegevens van bezoekers die gebruikmaken van de diensten van Heinen zijn bedoeld voor het opmaken van offertes en om hun vragen te beantwoorden.<\/li>\n<li>In overeenstemming met de wettelijke bepalingen heeft Heinen in Belgi\u00eb een voorafgaande verklaring over de verwerking afgelegd bij de Commissie voor de bescherming van de persoonlijke levenssfeer. Die verklaring is online beschikbaar op https:\/\/www.privacycommission.be\/<br \/>\nZonder uw toestemming zullen we geen informatie over u vrijgeven, delen of verkopen aan derden.<br \/>\nDoor middel van een verzoek dat per e-mail wordt verzonden naar info@legaldesk.be en na het aantonen van uw identiteit kunt u kosteloos de schriftelijke mededeling van uw persoonsgegevens verkrijgen en, indien nodig, de rectificatie van de gegevens die onnauwkeurig, onvolledig of irrelevant zijn.<\/li>\n<li>Heinen verbindt zich ertoe al het mogelijke te doen om persoonsgegevens te beschermen, in het bijzonder om te voorkomen dat ze worden vervormd, beschadigd of meegedeeld aan onbevoegde derden.<br \/>\nHeinen behoudt zich het recht voor om informatie met betrekking tot berichten, zoals de inhoud, herkomst of bestemming, te controleren en te onderzoeken, als redelijkerwijs wordt aangenomen dat alle of een deel van dergelijke berichten betrekking hebben op illegale of ongeoorloofde activiteiten, of als dit wordt bevolen door de bevoegde instanties.<br \/>\nTenzij de controle wordt uitgevoerd op verzoek van de bevoegde instanties, kan de controle door Heinen alleen betrekking hebben op berichten van openbare of niet-vertrouwelijke aard, dat wil zeggen bijvoorbeeld maar niet beperkt tot de informatie op een webpagina, berichten op discussiefora of computermailings.<\/li>\n<\/ol>\n<p>Heinen kan desondanks de persoonsgegevens van de internetgebruikers bekendmaken op verzoek van een wettelijke instantie of te goeder trouw wanneer die actie vereist is:<\/p>\n<ul>\n<li>om de van kracht zijnde wetgeving of regelgeving te respecteren;<\/li>\n<li>om zijn rechten of eigendommen of die van de gebruikers van de website www.legaldesk.be te beschermen of te verdedigen.<\/li>\n<\/ul>\n<h2>DISCLAIMER<\/h2>\n<p>1. Gebruiksrechten en -plichten<\/p>\n<p>De verspreide informatie en de hulpmiddelen die op de website worden aangeboden, mogen alleen voor persoonlijke doeleinden worden gebruikt, op een normale en redelijke manier en uitsluitend voor de doeleinden waarvoor ze beschikbaar worden gesteld.<\/p>\n<p>2. Intellectuele-eigendomsrechten<\/p>\n<p>De volledige website is onderworpen aan de Belgische en internationale wetgeving inzake auteursrechten en intellectuele eigendom.<br \/>\nDe reproductie en\/of het kopi\u00ebren, op welke manier dan ook, van de volledige website of een deel ervan is ten strengste verboden, behalve met de voorafgaande schriftelijke toestemming van Heinen.<br \/>\nDat omvat zowel de inhoud van de website als de componenten, vorm, presentatie en structuur. De ingeschreven en niet-ingeschreven handelsmerken en logo\u2019s op de website zijn de exclusieve eigendom van Heinen en mogen niet worden gebruikt of gereproduceerd.<\/p>\n<p>3. Aansprakelijkheid<\/p>\n<p>Heinen wijst elke aansprakelijkheid af en biedt geen enkele garantie in geval van onderbreking, slechte werking van de website of directe of indirecte schade aan de computersystemen van de gebruiker, met name door virussen die, ondanks de verschillende beveiligingen, niet konden worden gedetecteerd of vermeden.<\/p><\/div>\n","protected":false},"excerpt":{"rendered":"<p>COOKIES Onze website maakt gebruik van cookies om zijn werking te verbeteren. Cookies zijn data die op uw apparaat worden opgeslagen en waarmee de website informatie over u bijhoudt voor een betere surfervaring. We gebruiken verschillende cookies voor specifieke doeleinden: noodzakelijke cookies:\u00a0die worden gebruikt om de website correct te laten werken. Ze verzamelen geen persoonsgegevens; [&hellip;]<\/p>\n","protected":false},"author":1379,"featured_media":0,"parent":0,"menu_order":0,"comment_status":"closed","ping_status":"closed","template":"","meta":{"_acf_changed":false,"inline_featured_image":false,"footnotes":""},"class_list":["post-6207","page","type-page","status-publish","hentry"],"acf":[],"yoast_head":"<!-- This site is optimized with the Yoast SEO plugin v27.1.1 - https:\/\/yoast.com\/product\/yoast-seo-wordpress\/ -->\n<title>Privacybeleid | Heinen<\/title>\n<meta name=\"robots\" content=\"index, follow, max-snippet:-1, max-image-preview:large, max-video-preview:-1\" \/>\n<link rel=\"canonical\" href=\"https:\/\/www.heinen-doors.com\/nl\/privacybeleid\/\" \/>\n<meta property=\"og:locale\" content=\"nl_NL\" \/>\n<meta property=\"og:type\" content=\"article\" \/>\n<meta property=\"og:title\" content=\"Privacybeleid | Heinen\" \/>\n<meta property=\"og:description\" content=\"COOKIES Onze website maakt gebruik van cookies om zijn werking te verbeteren. Cookies zijn data die op uw apparaat worden opgeslagen en waarmee de website informatie over u bijhoudt voor een betere surfervaring. We gebruiken verschillende cookies voor specifieke doeleinden: noodzakelijke cookies:\u00a0die worden gebruikt om de website correct te laten werken. Ze verzamelen geen persoonsgegevens; [&hellip;]\" \/>\n<meta property=\"og:url\" content=\"https:\/\/www.heinen-doors.com\/nl\/privacybeleid\/\" \/>\n<meta property=\"og:site_name\" content=\"Heinen\" \/>\n<meta property=\"article:modified_time\" content=\"2021-09-27T09:28:56+00:00\" \/>\n<meta property=\"og:image\" content=\"https:\/\/www.heinen-doors.com\/wp-content\/uploads\/2017\/05\/logo-heinen.png\" \/>\n\t<meta property=\"og:image:width\" content=\"910\" \/>\n\t<meta property=\"og:image:height\" content=\"856\" \/>\n\t<meta property=\"og:image:type\" content=\"image\/png\" \/>\n<meta name=\"twitter:card\" content=\"summary_large_image\" \/>\n<meta name=\"twitter:label1\" content=\"Est. reading time\" \/>\n\t<meta name=\"twitter:data1\" content=\"8 minutes\" \/>\n<script type=\"application\/ld+json\" class=\"yoast-schema-graph\">{\"@context\":\"https:\/\/schema.org\",\"@graph\":[{\"@type\":\"WebPage\",\"@id\":\"https:\/\/www.heinen-doors.com\/nl\/privacybeleid\/\",\"url\":\"https:\/\/www.heinen-doors.com\/nl\/privacybeleid\/\",\"name\":\"Privacybeleid | Heinen\",\"isPartOf\":{\"@id\":\"https:\/\/www.heinen-doors.com\/nl\/#website\"},\"datePublished\":\"2018-05-30T10:21:55+00:00\",\"dateModified\":\"2021-09-27T09:28:56+00:00\",\"breadcrumb\":{\"@id\":\"https:\/\/www.heinen-doors.com\/nl\/privacybeleid\/#breadcrumb\"},\"inLanguage\":\"nl-NL\",\"potentialAction\":[{\"@type\":\"ReadAction\",\"target\":[\"https:\/\/www.heinen-doors.com\/nl\/privacybeleid\/\"]}]},{\"@type\":\"BreadcrumbList\",\"@id\":\"https:\/\/www.heinen-doors.com\/nl\/privacybeleid\/#breadcrumb\",\"itemListElement\":[{\"@type\":\"ListItem\",\"position\":1,\"name\":\"Heinen\",\"item\":\"https:\/\/www.heinen-doors.com\/nl\/\"},{\"@type\":\"ListItem\",\"position\":2,\"name\":\"Privacybeleid\"}]},{\"@type\":\"WebSite\",\"@id\":\"https:\/\/www.heinen-doors.com\/nl\/#website\",\"url\":\"https:\/\/www.heinen-doors.com\/nl\/\",\"name\":\"Heinen Doors\",\"description\":\"Service &amp; technologie pour votre s\u00e9curit\u00e9\",\"publisher\":{\"@id\":\"https:\/\/www.heinen-doors.com\/nl\/#organization\"},\"potentialAction\":[{\"@type\":\"SearchAction\",\"target\":{\"@type\":\"EntryPoint\",\"urlTemplate\":\"https:\/\/www.heinen-doors.com\/nl\/?s={search_term_string}\"},\"query-input\":{\"@type\":\"PropertyValueSpecification\",\"valueRequired\":true,\"valueName\":\"search_term_string\"}}],\"inLanguage\":\"nl-NL\"},{\"@type\":\"Organization\",\"@id\":\"https:\/\/www.heinen-doors.com\/nl\/#organization\",\"name\":\"Heinen S.A.\",\"url\":\"https:\/\/www.heinen-doors.com\/nl\/\",\"logo\":{\"@type\":\"ImageObject\",\"inLanguage\":\"nl-NL\",\"@id\":\"https:\/\/www.heinen-doors.com\/nl\/#\/schema\/logo\/image\/\",\"url\":\"https:\/\/www.heinen-doors.com\/wp-content\/uploads\/2017\/05\/logo-heinen.svg\",\"contentUrl\":\"https:\/\/www.heinen-doors.com\/wp-content\/uploads\/2017\/05\/logo-heinen.svg\",\"width\":1,\"height\":1,\"caption\":\"Heinen S.A.\"},\"image\":{\"@id\":\"https:\/\/www.heinen-doors.com\/nl\/#\/schema\/logo\/image\/\"},\"sameAs\":[\"https:\/\/www.linkedin.com\/company-beta\/5359788\/\",\"https:\/\/www.youtube.com\/channel\/UCFngSniJBVon9jL54LtQxNQ\"]}]}<\/script>\n<!-- \/ Yoast SEO plugin. -->","yoast_head_json":{"title":"Privacybeleid | Heinen","robots":{"index":"index","follow":"follow","max-snippet":"max-snippet:-1","max-image-preview":"max-image-preview:large","max-video-preview":"max-video-preview:-1"},"canonical":"https:\/\/www.heinen-doors.com\/nl\/privacybeleid\/","og_locale":"nl_NL","og_type":"article","og_title":"Privacybeleid | Heinen","og_description":"COOKIES Onze website maakt gebruik van cookies om zijn werking te verbeteren. Cookies zijn data die op uw apparaat worden opgeslagen en waarmee de website informatie over u bijhoudt voor een betere surfervaring. We gebruiken verschillende cookies voor specifieke doeleinden: noodzakelijke cookies:\u00a0die worden gebruikt om de website correct te laten werken. Ze verzamelen geen persoonsgegevens; [&hellip;]","og_url":"https:\/\/www.heinen-doors.com\/nl\/privacybeleid\/","og_site_name":"Heinen","article_modified_time":"2021-09-27T09:28:56+00:00","og_image":[{"width":910,"height":856,"url":"https:\/\/www.heinen-doors.com\/wp-content\/uploads\/2017\/05\/logo-heinen.png","type":"image\/png"}],"twitter_card":"summary_large_image","twitter_misc":{"Est. reading time":"8 minutes"},"schema":{"@context":"https:\/\/schema.org","@graph":[{"@type":"WebPage","@id":"https:\/\/www.heinen-doors.com\/nl\/privacybeleid\/","url":"https:\/\/www.heinen-doors.com\/nl\/privacybeleid\/","name":"Privacybeleid | Heinen","isPartOf":{"@id":"https:\/\/www.heinen-doors.com\/nl\/#website"},"datePublished":"2018-05-30T10:21:55+00:00","dateModified":"2021-09-27T09:28:56+00:00","breadcrumb":{"@id":"https:\/\/www.heinen-doors.com\/nl\/privacybeleid\/#breadcrumb"},"inLanguage":"nl-NL","potentialAction":[{"@type":"ReadAction","target":["https:\/\/www.heinen-doors.com\/nl\/privacybeleid\/"]}]},{"@type":"BreadcrumbList","@id":"https:\/\/www.heinen-doors.com\/nl\/privacybeleid\/#breadcrumb","itemListElement":[{"@type":"ListItem","position":1,"name":"Heinen","item":"https:\/\/www.heinen-doors.com\/nl\/"},{"@type":"ListItem","position":2,"name":"Privacybeleid"}]},{"@type":"WebSite","@id":"https:\/\/www.heinen-doors.com\/nl\/#website","url":"https:\/\/www.heinen-doors.com\/nl\/","name":"Heinen Doors","description":"Service &amp; technologie pour votre s\u00e9curit\u00e9","publisher":{"@id":"https:\/\/www.heinen-doors.com\/nl\/#organization"},"potentialAction":[{"@type":"SearchAction","target":{"@type":"EntryPoint","urlTemplate":"https:\/\/www.heinen-doors.com\/nl\/?s={search_term_string}"},"query-input":{"@type":"PropertyValueSpecification","valueRequired":true,"valueName":"search_term_string"}}],"inLanguage":"nl-NL"},{"@type":"Organization","@id":"https:\/\/www.heinen-doors.com\/nl\/#organization","name":"Heinen S.A.","url":"https:\/\/www.heinen-doors.com\/nl\/","logo":{"@type":"ImageObject","inLanguage":"nl-NL","@id":"https:\/\/www.heinen-doors.com\/nl\/#\/schema\/logo\/image\/","url":"https:\/\/www.heinen-doors.com\/wp-content\/uploads\/2017\/05\/logo-heinen.svg","contentUrl":"https:\/\/www.heinen-doors.com\/wp-content\/uploads\/2017\/05\/logo-heinen.svg","width":1,"height":1,"caption":"Heinen S.A."},"image":{"@id":"https:\/\/www.heinen-doors.com\/nl\/#\/schema\/logo\/image\/"},"sameAs":["https:\/\/www.linkedin.com\/company-beta\/5359788\/","https:\/\/www.youtube.com\/channel\/UCFngSniJBVon9jL54LtQxNQ"]}]}},"_links":{"self":[{"href":"https:\/\/www.heinen-doors.com\/nl\/wp-json\/wp\/v2\/pages\/6207","targetHints":{"allow":["GET"]}}],"collection":[{"href":"https:\/\/www.heinen-doors.com\/nl\/wp-json\/wp\/v2\/pages"}],"about":[{"href":"https:\/\/www.heinen-doors.com\/nl\/wp-json\/wp\/v2\/types\/page"}],"author":[{"embeddable":true,"href":"https:\/\/www.heinen-doors.com\/nl\/wp-json\/wp\/v2\/users\/1379"}],"replies":[{"embeddable":true,"href":"https:\/\/www.heinen-doors.com\/nl\/wp-json\/wp\/v2\/comments?post=6207"}],"version-history":[{"count":0,"href":"https:\/\/www.heinen-doors.com\/nl\/wp-json\/wp\/v2\/pages\/6207\/revisions"}],"wp:attachment":[{"href":"https:\/\/www.heinen-doors.com\/nl\/wp-json\/wp\/v2\/media?parent=6207"}],"curies":[{"name":"wp","href":"https:\/\/api.w.org\/{rel}","templated":true}]}}