{"id":2964,"date":"2017-02-02T12:17:04","date_gmt":"2017-02-02T11:17:04","guid":{"rendered":"https:\/\/heinen-doors.com\/inscription-pro\/"},"modified":"2021-06-29T11:22:03","modified_gmt":"2021-06-29T09:22:03","slug":"registreren-pro","status":"publish","type":"page","link":"https:\/\/www.heinen-doors.com\/nl\/mijn-account\/registreren-pro\/","title":{"rendered":"Registreren voor de Pro-downloads"},"content":{"rendered":"<div class=\"prose\">\n<h2>Download onze technische documentatie<\/h2>\n<p>Download onze technische documentatie<\/h2>\n<p>.<br \/>\nBent u op zoek naar een technische fiche of een informatieblad met betrekking tot een van onze producten? Wij stellen onze technische documentatie gratis ter beschikking aan professionals om te downloaden.<\/p>\n<p>Onmiddellijk na uw registratie zijn deze bestanden met \u00e9\u00e9n klik toegankelijk:<\/p>\n<ul>\n<li>specificaties<\/li>\n<li> BIM-objecten<\/li>\n<li>Productbladen<\/li>\n<li>Technische documentatie<\/li>\n<\/ul>\n<p>Het enige wat u hoeft te doen is uw contactgegevens hiernaast in te vullen en onze documentenbibliotheek staat tot uw beschikking.<\/p><\/div>\n","protected":false},"excerpt":{"rendered":"<p>Download onze technische documentatie Download onze technische documentatie . Bent u op zoek naar een technische fiche of een informatieblad met betrekking tot een van onze producten? Wij stellen onze technische documentatie gratis ter beschikking aan professionals om te downloaden. Onmiddellijk na uw registratie zijn deze bestanden met \u00e9\u00e9n klik toegankelijk: specificaties BIM-objecten Productbladen Technische [&hellip;]<\/p>\n","protected":false},"author":1379,"featured_media":0,"parent":33663,"menu_order":0,"comment_status":"closed","ping_status":"closed","template":"page-inscription.php","meta":{"_acf_changed":false,"inline_featured_image":false,"footnotes":""},"class_list":["post-2964","page","type-page","status-publish","hentry"],"acf":[],"yoast_head":"<!-- This site is optimized with the Yoast SEO plugin v27.1.1 - https:\/\/yoast.com\/product\/yoast-seo-wordpress\/ -->\n<title>Registreren voor de Pro-downloads | Mijn account | Heinen<\/title>\n<meta name=\"description\" content=\"Inscrivez-vous \u00e0 notre section de t\u00e9l\u00e9chargements techniques Pro.\" \/>\n<meta name=\"robots\" content=\"index, follow, max-snippet:-1, max-image-preview:large, max-video-preview:-1\" \/>\n<link rel=\"canonical\" href=\"https:\/\/www.heinen-doors.com\/nl\/mijn-account\/registreren-pro\/\" \/>\n<meta property=\"og:locale\" content=\"nl_NL\" \/>\n<meta property=\"og:type\" content=\"article\" \/>\n<meta property=\"og:title\" content=\"Registreren voor de Pro-downloads | Mijn account | Heinen\" \/>\n<meta property=\"og:description\" content=\"Inscrivez-vous \u00e0 notre section de t\u00e9l\u00e9chargements techniques Pro.\" \/>\n<meta property=\"og:url\" content=\"https:\/\/www.heinen-doors.com\/nl\/mijn-account\/registreren-pro\/\" \/>\n<meta property=\"og:site_name\" content=\"Heinen\" \/>\n<meta property=\"article:modified_time\" content=\"2021-06-29T09:22:03+00:00\" \/>\n<meta property=\"og:image\" content=\"https:\/\/www.heinen-doors.com\/wp-content\/uploads\/2017\/05\/logo-heinen.png\" \/>\n\t<meta property=\"og:image:width\" content=\"910\" \/>\n\t<meta property=\"og:image:height\" content=\"856\" \/>\n\t<meta property=\"og:image:type\" content=\"image\/png\" \/>\n<meta name=\"twitter:card\" content=\"summary_large_image\" \/>\n<script type=\"application\/ld+json\" class=\"yoast-schema-graph\">{\"@context\":\"https:\/\/schema.org\",\"@graph\":[{\"@type\":\"WebPage\",\"@id\":\"https:\/\/www.heinen-doors.com\/nl\/mijn-account\/registreren-pro\/\",\"url\":\"https:\/\/www.heinen-doors.com\/nl\/mijn-account\/registreren-pro\/\",\"name\":\"Registreren voor de Pro-downloads | Mijn account | Heinen\",\"isPartOf\":{\"@id\":\"https:\/\/www.heinen-doors.com\/nl\/#website\"},\"datePublished\":\"2017-02-02T11:17:04+00:00\",\"dateModified\":\"2021-06-29T09:22:03+00:00\",\"description\":\"Inscrivez-vous \u00e0 notre section de t\u00e9l\u00e9chargements techniques Pro.\",\"breadcrumb\":{\"@id\":\"https:\/\/www.heinen-doors.com\/nl\/mijn-account\/registreren-pro\/#breadcrumb\"},\"inLanguage\":\"nl-NL\",\"potentialAction\":[{\"@type\":\"ReadAction\",\"target\":[\"https:\/\/www.heinen-doors.com\/nl\/mijn-account\/registreren-pro\/\"]}]},{\"@type\":\"BreadcrumbList\",\"@id\":\"https:\/\/www.heinen-doors.com\/nl\/mijn-account\/registreren-pro\/#breadcrumb\",\"itemListElement\":[{\"@type\":\"ListItem\",\"position\":1,\"name\":\"Heinen\",\"item\":\"https:\/\/www.heinen-doors.com\/nl\/\"},{\"@type\":\"ListItem\",\"position\":2,\"name\":\"Registreren voor de Pro-downloads\"}]},{\"@type\":\"WebSite\",\"@id\":\"https:\/\/www.heinen-doors.com\/nl\/#website\",\"url\":\"https:\/\/www.heinen-doors.com\/nl\/\",\"name\":\"Heinen Doors\",\"description\":\"Service &amp; technologie pour votre s\u00e9curit\u00e9\",\"publisher\":{\"@id\":\"https:\/\/www.heinen-doors.com\/nl\/#organization\"},\"potentialAction\":[{\"@type\":\"SearchAction\",\"target\":{\"@type\":\"EntryPoint\",\"urlTemplate\":\"https:\/\/www.heinen-doors.com\/nl\/?s={search_term_string}\"},\"query-input\":{\"@type\":\"PropertyValueSpecification\",\"valueRequired\":true,\"valueName\":\"search_term_string\"}}],\"inLanguage\":\"nl-NL\"},{\"@type\":\"Organization\",\"@id\":\"https:\/\/www.heinen-doors.com\/nl\/#organization\",\"name\":\"Heinen S.A.\",\"url\":\"https:\/\/www.heinen-doors.com\/nl\/\",\"logo\":{\"@type\":\"ImageObject\",\"inLanguage\":\"nl-NL\",\"@id\":\"https:\/\/www.heinen-doors.com\/nl\/#\/schema\/logo\/image\/\",\"url\":\"https:\/\/www.heinen-doors.com\/wp-content\/uploads\/2017\/05\/logo-heinen.svg\",\"contentUrl\":\"https:\/\/www.heinen-doors.com\/wp-content\/uploads\/2017\/05\/logo-heinen.svg\",\"width\":1,\"height\":1,\"caption\":\"Heinen S.A.\"},\"image\":{\"@id\":\"https:\/\/www.heinen-doors.com\/nl\/#\/schema\/logo\/image\/\"},\"sameAs\":[\"https:\/\/www.linkedin.com\/company-beta\/5359788\/\",\"https:\/\/www.youtube.com\/channel\/UCFngSniJBVon9jL54LtQxNQ\"]}]}<\/script>\n<!-- \/ Yoast SEO plugin. -->","yoast_head_json":{"title":"Registreren voor de Pro-downloads | Mijn account | Heinen","description":"Inscrivez-vous \u00e0 notre section de t\u00e9l\u00e9chargements techniques Pro.","robots":{"index":"index","follow":"follow","max-snippet":"max-snippet:-1","max-image-preview":"max-image-preview:large","max-video-preview":"max-video-preview:-1"},"canonical":"https:\/\/www.heinen-doors.com\/nl\/mijn-account\/registreren-pro\/","og_locale":"nl_NL","og_type":"article","og_title":"Registreren voor de Pro-downloads | Mijn account | Heinen","og_description":"Inscrivez-vous \u00e0 notre section de t\u00e9l\u00e9chargements techniques Pro.","og_url":"https:\/\/www.heinen-doors.com\/nl\/mijn-account\/registreren-pro\/","og_site_name":"Heinen","article_modified_time":"2021-06-29T09:22:03+00:00","og_image":[{"width":910,"height":856,"url":"https:\/\/www.heinen-doors.com\/wp-content\/uploads\/2017\/05\/logo-heinen.png","type":"image\/png"}],"twitter_card":"summary_large_image","schema":{"@context":"https:\/\/schema.org","@graph":[{"@type":"WebPage","@id":"https:\/\/www.heinen-doors.com\/nl\/mijn-account\/registreren-pro\/","url":"https:\/\/www.heinen-doors.com\/nl\/mijn-account\/registreren-pro\/","name":"Registreren voor de Pro-downloads | Mijn account | Heinen","isPartOf":{"@id":"https:\/\/www.heinen-doors.com\/nl\/#website"},"datePublished":"2017-02-02T11:17:04+00:00","dateModified":"2021-06-29T09:22:03+00:00","description":"Inscrivez-vous \u00e0 notre section de t\u00e9l\u00e9chargements techniques Pro.","breadcrumb":{"@id":"https:\/\/www.heinen-doors.com\/nl\/mijn-account\/registreren-pro\/#breadcrumb"},"inLanguage":"nl-NL","potentialAction":[{"@type":"ReadAction","target":["https:\/\/www.heinen-doors.com\/nl\/mijn-account\/registreren-pro\/"]}]},{"@type":"BreadcrumbList","@id":"https:\/\/www.heinen-doors.com\/nl\/mijn-account\/registreren-pro\/#breadcrumb","itemListElement":[{"@type":"ListItem","position":1,"name":"Heinen","item":"https:\/\/www.heinen-doors.com\/nl\/"},{"@type":"ListItem","position":2,"name":"Registreren voor de Pro-downloads"}]},{"@type":"WebSite","@id":"https:\/\/www.heinen-doors.com\/nl\/#website","url":"https:\/\/www.heinen-doors.com\/nl\/","name":"Heinen Doors","description":"Service &amp; technologie pour votre s\u00e9curit\u00e9","publisher":{"@id":"https:\/\/www.heinen-doors.com\/nl\/#organization"},"potentialAction":[{"@type":"SearchAction","target":{"@type":"EntryPoint","urlTemplate":"https:\/\/www.heinen-doors.com\/nl\/?s={search_term_string}"},"query-input":{"@type":"PropertyValueSpecification","valueRequired":true,"valueName":"search_term_string"}}],"inLanguage":"nl-NL"},{"@type":"Organization","@id":"https:\/\/www.heinen-doors.com\/nl\/#organization","name":"Heinen S.A.","url":"https:\/\/www.heinen-doors.com\/nl\/","logo":{"@type":"ImageObject","inLanguage":"nl-NL","@id":"https:\/\/www.heinen-doors.com\/nl\/#\/schema\/logo\/image\/","url":"https:\/\/www.heinen-doors.com\/wp-content\/uploads\/2017\/05\/logo-heinen.svg","contentUrl":"https:\/\/www.heinen-doors.com\/wp-content\/uploads\/2017\/05\/logo-heinen.svg","width":1,"height":1,"caption":"Heinen S.A."},"image":{"@id":"https:\/\/www.heinen-doors.com\/nl\/#\/schema\/logo\/image\/"},"sameAs":["https:\/\/www.linkedin.com\/company-beta\/5359788\/","https:\/\/www.youtube.com\/channel\/UCFngSniJBVon9jL54LtQxNQ"]}]}},"_links":{"self":[{"href":"https:\/\/www.heinen-doors.com\/nl\/wp-json\/wp\/v2\/pages\/2964","targetHints":{"allow":["GET"]}}],"collection":[{"href":"https:\/\/www.heinen-doors.com\/nl\/wp-json\/wp\/v2\/pages"}],"about":[{"href":"https:\/\/www.heinen-doors.com\/nl\/wp-json\/wp\/v2\/types\/page"}],"author":[{"embeddable":true,"href":"https:\/\/www.heinen-doors.com\/nl\/wp-json\/wp\/v2\/users\/1379"}],"replies":[{"embeddable":true,"href":"https:\/\/www.heinen-doors.com\/nl\/wp-json\/wp\/v2\/comments?post=2964"}],"version-history":[{"count":0,"href":"https:\/\/www.heinen-doors.com\/nl\/wp-json\/wp\/v2\/pages\/2964\/revisions"}],"up":[{"embeddable":true,"href":"https:\/\/www.heinen-doors.com\/nl\/wp-json\/wp\/v2\/pages\/33663"}],"wp:attachment":[{"href":"https:\/\/www.heinen-doors.com\/nl\/wp-json\/wp\/v2\/media?parent=2964"}],"curies":[{"name":"wp","href":"https:\/\/api.w.org\/{rel}","templated":true}]}}