{"id":72,"date":"2017-02-02T12:17:04","date_gmt":"2017-02-02T11:17:04","guid":{"rendered":"http:\/\/heinen-doors.com\/?page_id=72"},"modified":"2025-02-25T14:00:04","modified_gmt":"2025-02-25T13:00:04","slug":"inscription-pro","status":"publish","type":"page","link":"https:\/\/www.heinen-doors.com\/fr\/mon-compte\/inscription-pro\/","title":{"rendered":"Inscription aux t\u00e9l\u00e9chargements Pro"},"content":{"rendered":"<div class=\"prose\">\n<style>\n#tarteaucitronRoot {\ndisplay: none !important;\n}\n<\/style>\n<h2>T\u00e9l\u00e9chargez notre documentation technique<\/h2>\n<p>Vous recherchez une fiche technique ou une fiche de renseignement relative \u00e0 l\u2019un de nos produits ? Nous mettons notre documentation technique en t\u00e9l\u00e9chargement libre \u00e0 disposition des professionnels.<\/p>\n<p>Directement apr\u00e8s votre inscription, ces fichiers seront accessibles en un seul clic :<\/p>\n<ul>\n<li>cahiers des charges<\/li>\n<li>objets BIM<\/li>\n<li>fiches produits<\/li>\n<li>documentation technique<\/li>\n<\/ul>\n<p>Il vous suffit de renseigner ci-contre vos coordonn\u00e9es et notre biblioth\u00e8que de documents sera \u00e0 votre port\u00e9e.<\/p><\/div>\n","protected":false},"excerpt":{"rendered":"<p>T\u00e9l\u00e9chargez notre documentation technique Vous recherchez une fiche technique ou une fiche de renseignement relative \u00e0 l\u2019un de nos produits ? Nous mettons notre documentation technique en t\u00e9l\u00e9chargement libre \u00e0 disposition des professionnels. Directement apr\u00e8s votre inscription, ces fichiers seront accessibles en un seul clic : cahiers des charges objets BIM fiches produits documentation technique [&hellip;]<\/p>\n","protected":false},"author":1379,"featured_media":0,"parent":33661,"menu_order":0,"comment_status":"closed","ping_status":"closed","template":"page-inscription.php","meta":{"_acf_changed":false,"inline_featured_image":false,"footnotes":""},"class_list":["post-72","page","type-page","status-publish","hentry"],"acf":[],"yoast_head":"<!-- This site is optimized with the Yoast SEO plugin v27.1.1 - https:\/\/yoast.com\/product\/yoast-seo-wordpress\/ -->\n<title>Inscription aux t\u00e9l\u00e9chargements Pro | Mon compte | Heinen Doors<\/title>\n<meta name=\"description\" content=\"Inscrivez-vous \u00e0 notre section de t\u00e9l\u00e9chargements techniques Pro.\" \/>\n<meta name=\"robots\" content=\"noindex, nofollow\" \/>\n<meta property=\"og:locale\" content=\"fr_FR\" \/>\n<meta property=\"og:type\" content=\"article\" \/>\n<meta property=\"og:title\" content=\"Inscription aux t\u00e9l\u00e9chargements Pro | Mon compte | Heinen Doors\" \/>\n<meta property=\"og:description\" content=\"Inscrivez-vous \u00e0 notre section de t\u00e9l\u00e9chargements techniques Pro.\" \/>\n<meta property=\"og:url\" content=\"https:\/\/www.heinen-doors.com\/fr\/mon-compte\/inscription-pro\/\" \/>\n<meta property=\"og:site_name\" content=\"Heinen Doors\" \/>\n<meta property=\"article:modified_time\" content=\"2025-02-25T13:00:04+00:00\" \/>\n<meta property=\"og:image\" content=\"https:\/\/www.heinen-doors.com\/wp-content\/uploads\/2017\/05\/logo-heinen.png\" \/>\n\t<meta property=\"og:image:width\" content=\"910\" \/>\n\t<meta property=\"og:image:height\" content=\"856\" \/>\n\t<meta property=\"og:image:type\" content=\"image\/png\" \/>\n<meta name=\"twitter:card\" content=\"summary_large_image\" \/>\n<meta name=\"twitter:label1\" content=\"Dur\u00e9e de lecture estim\u00e9e\" \/>\n\t<meta name=\"twitter:data1\" content=\"1 minute\" \/>\n<script type=\"application\/ld+json\" class=\"yoast-schema-graph\">{\"@context\":\"https:\/\/schema.org\",\"@graph\":[{\"@type\":\"WebPage\",\"@id\":\"https:\/\/www.heinen-doors.com\/fr\/mon-compte\/inscription-pro\/\",\"url\":\"https:\/\/www.heinen-doors.com\/fr\/mon-compte\/inscription-pro\/\",\"name\":\"Inscription aux t\u00e9l\u00e9chargements Pro | Mon compte | Heinen Doors\",\"isPartOf\":{\"@id\":\"https:\/\/www.heinen-doors.com\/fr\/#website\"},\"datePublished\":\"2017-02-02T11:17:04+00:00\",\"dateModified\":\"2025-02-25T13:00:04+00:00\",\"description\":\"Inscrivez-vous \u00e0 notre section de t\u00e9l\u00e9chargements techniques Pro.\",\"breadcrumb\":{\"@id\":\"https:\/\/www.heinen-doors.com\/fr\/mon-compte\/inscription-pro\/#breadcrumb\"},\"inLanguage\":\"fr-FR\",\"potentialAction\":[{\"@type\":\"ReadAction\",\"target\":[\"https:\/\/www.heinen-doors.com\/fr\/mon-compte\/inscription-pro\/\"]}]},{\"@type\":\"BreadcrumbList\",\"@id\":\"https:\/\/www.heinen-doors.com\/fr\/mon-compte\/inscription-pro\/#breadcrumb\",\"itemListElement\":[{\"@type\":\"ListItem\",\"position\":1,\"name\":\"Heinen\",\"item\":\"https:\/\/www.heinen-doors.com\/fr\/\"},{\"@type\":\"ListItem\",\"position\":2,\"name\":\"Mon compte\",\"item\":\"https:\/\/www.heinen-doors.com\/fr\/mon-compte\/\"},{\"@type\":\"ListItem\",\"position\":3,\"name\":\"Inscription aux t\u00e9l\u00e9chargements Pro\"}]},{\"@type\":\"WebSite\",\"@id\":\"https:\/\/www.heinen-doors.com\/fr\/#website\",\"url\":\"https:\/\/www.heinen-doors.com\/fr\/\",\"name\":\"Heinen Doors\",\"description\":\"Service &amp; technologie pour votre s\u00e9curit\u00e9\",\"publisher\":{\"@id\":\"https:\/\/www.heinen-doors.com\/fr\/#organization\"},\"potentialAction\":[{\"@type\":\"SearchAction\",\"target\":{\"@type\":\"EntryPoint\",\"urlTemplate\":\"https:\/\/www.heinen-doors.com\/fr\/?s={search_term_string}\"},\"query-input\":{\"@type\":\"PropertyValueSpecification\",\"valueRequired\":true,\"valueName\":\"search_term_string\"}}],\"inLanguage\":\"fr-FR\"},{\"@type\":\"Organization\",\"@id\":\"https:\/\/www.heinen-doors.com\/fr\/#organization\",\"name\":\"Heinen S.A.\",\"url\":\"https:\/\/www.heinen-doors.com\/fr\/\",\"logo\":{\"@type\":\"ImageObject\",\"inLanguage\":\"fr-FR\",\"@id\":\"https:\/\/www.heinen-doors.com\/fr\/#\/schema\/logo\/image\/\",\"url\":\"https:\/\/www.heinen-doors.com\/wp-content\/uploads\/2017\/05\/logo-heinen.svg\",\"contentUrl\":\"https:\/\/www.heinen-doors.com\/wp-content\/uploads\/2017\/05\/logo-heinen.svg\",\"width\":1,\"height\":1,\"caption\":\"Heinen S.A.\"},\"image\":{\"@id\":\"https:\/\/www.heinen-doors.com\/fr\/#\/schema\/logo\/image\/\"},\"sameAs\":[\"https:\/\/www.linkedin.com\/company-beta\/5359788\/\",\"https:\/\/www.youtube.com\/channel\/UCFngSniJBVon9jL54LtQxNQ\"]}]}<\/script>\n<!-- \/ Yoast SEO plugin. -->","yoast_head_json":{"title":"Inscription aux t\u00e9l\u00e9chargements Pro | Mon compte | Heinen Doors","description":"Inscrivez-vous \u00e0 notre section de t\u00e9l\u00e9chargements techniques Pro.","robots":{"index":"noindex","follow":"nofollow"},"og_locale":"fr_FR","og_type":"article","og_title":"Inscription aux t\u00e9l\u00e9chargements Pro | Mon compte | Heinen Doors","og_description":"Inscrivez-vous \u00e0 notre section de t\u00e9l\u00e9chargements techniques Pro.","og_url":"https:\/\/www.heinen-doors.com\/fr\/mon-compte\/inscription-pro\/","og_site_name":"Heinen Doors","article_modified_time":"2025-02-25T13:00:04+00:00","og_image":[{"width":910,"height":856,"url":"https:\/\/www.heinen-doors.com\/wp-content\/uploads\/2017\/05\/logo-heinen.png","type":"image\/png"}],"twitter_card":"summary_large_image","twitter_misc":{"Dur\u00e9e de lecture estim\u00e9e":"1 minute"},"schema":{"@context":"https:\/\/schema.org","@graph":[{"@type":"WebPage","@id":"https:\/\/www.heinen-doors.com\/fr\/mon-compte\/inscription-pro\/","url":"https:\/\/www.heinen-doors.com\/fr\/mon-compte\/inscription-pro\/","name":"Inscription aux t\u00e9l\u00e9chargements Pro | Mon compte | Heinen Doors","isPartOf":{"@id":"https:\/\/www.heinen-doors.com\/fr\/#website"},"datePublished":"2017-02-02T11:17:04+00:00","dateModified":"2025-02-25T13:00:04+00:00","description":"Inscrivez-vous \u00e0 notre section de t\u00e9l\u00e9chargements techniques Pro.","breadcrumb":{"@id":"https:\/\/www.heinen-doors.com\/fr\/mon-compte\/inscription-pro\/#breadcrumb"},"inLanguage":"fr-FR","potentialAction":[{"@type":"ReadAction","target":["https:\/\/www.heinen-doors.com\/fr\/mon-compte\/inscription-pro\/"]}]},{"@type":"BreadcrumbList","@id":"https:\/\/www.heinen-doors.com\/fr\/mon-compte\/inscription-pro\/#breadcrumb","itemListElement":[{"@type":"ListItem","position":1,"name":"Heinen","item":"https:\/\/www.heinen-doors.com\/fr\/"},{"@type":"ListItem","position":2,"name":"Mon compte","item":"https:\/\/www.heinen-doors.com\/fr\/mon-compte\/"},{"@type":"ListItem","position":3,"name":"Inscription aux t\u00e9l\u00e9chargements Pro"}]},{"@type":"WebSite","@id":"https:\/\/www.heinen-doors.com\/fr\/#website","url":"https:\/\/www.heinen-doors.com\/fr\/","name":"Heinen Doors","description":"Service &amp; technologie pour votre s\u00e9curit\u00e9","publisher":{"@id":"https:\/\/www.heinen-doors.com\/fr\/#organization"},"potentialAction":[{"@type":"SearchAction","target":{"@type":"EntryPoint","urlTemplate":"https:\/\/www.heinen-doors.com\/fr\/?s={search_term_string}"},"query-input":{"@type":"PropertyValueSpecification","valueRequired":true,"valueName":"search_term_string"}}],"inLanguage":"fr-FR"},{"@type":"Organization","@id":"https:\/\/www.heinen-doors.com\/fr\/#organization","name":"Heinen S.A.","url":"https:\/\/www.heinen-doors.com\/fr\/","logo":{"@type":"ImageObject","inLanguage":"fr-FR","@id":"https:\/\/www.heinen-doors.com\/fr\/#\/schema\/logo\/image\/","url":"https:\/\/www.heinen-doors.com\/wp-content\/uploads\/2017\/05\/logo-heinen.svg","contentUrl":"https:\/\/www.heinen-doors.com\/wp-content\/uploads\/2017\/05\/logo-heinen.svg","width":1,"height":1,"caption":"Heinen S.A."},"image":{"@id":"https:\/\/www.heinen-doors.com\/fr\/#\/schema\/logo\/image\/"},"sameAs":["https:\/\/www.linkedin.com\/company-beta\/5359788\/","https:\/\/www.youtube.com\/channel\/UCFngSniJBVon9jL54LtQxNQ"]}]}},"_links":{"self":[{"href":"https:\/\/www.heinen-doors.com\/fr\/wp-json\/wp\/v2\/pages\/72","targetHints":{"allow":["GET"]}}],"collection":[{"href":"https:\/\/www.heinen-doors.com\/fr\/wp-json\/wp\/v2\/pages"}],"about":[{"href":"https:\/\/www.heinen-doors.com\/fr\/wp-json\/wp\/v2\/types\/page"}],"author":[{"embeddable":true,"href":"https:\/\/www.heinen-doors.com\/fr\/wp-json\/wp\/v2\/users\/1379"}],"replies":[{"embeddable":true,"href":"https:\/\/www.heinen-doors.com\/fr\/wp-json\/wp\/v2\/comments?post=72"}],"version-history":[{"count":0,"href":"https:\/\/www.heinen-doors.com\/fr\/wp-json\/wp\/v2\/pages\/72\/revisions"}],"up":[{"embeddable":true,"href":"https:\/\/www.heinen-doors.com\/fr\/wp-json\/wp\/v2\/pages\/33661"}],"wp:attachment":[{"href":"https:\/\/www.heinen-doors.com\/fr\/wp-json\/wp\/v2\/media?parent=72"}],"curies":[{"name":"wp","href":"https:\/\/api.w.org\/{rel}","templated":true}]}}