{"id":6173,"date":"2018-05-29T12:15:07","date_gmt":"2018-05-29T10:15:07","guid":{"rendered":"http:\/\/heinen-doors.com?page_id=6173"},"modified":"2025-03-10T21:24:58","modified_gmt":"2025-03-10T20:24:58","slug":"charte-relative-a-la-protection-de-la-vie-privee","status":"publish","type":"page","link":"https:\/\/www.heinen-doors.com\/fr\/charte-relative-a-la-protection-de-la-vie-privee\/","title":{"rendered":"Charte relative \u00e0 la protection de la vie priv\u00e9e"},"content":{"rendered":"<div class=\"prose\"><h2 id=\"cookie-notice\">COOKIES<\/h2>\n<p>Notre site utilise des cookies afin d\u2019am\u00e9liorer les fonctionnalit\u00e9s qu\u2019il propose. Les cookies sont des donn\u00e9es qui sont sauvegard\u00e9es sur votre appareil et qui permettent au site de conserver certaines informations vous concernant pour une meilleure navigation.<\/p>\n<p>Nous utilisons divers cookies pour des buts sp\u00e9cifiques :<\/p>\n<ul>\n<li><strong>les cookies n\u00e9cessaires :<\/strong>\u00a0ils sont utilis\u00e9s pour permettre \u00e0 diverses fonctionnalit\u00e9s d&rsquo;\u00eatre correctement utilis\u00e9es sur le site. Ces cookies ne collectent aucune donn\u00e9e personnelle;<\/li>\n<li><strong>les cookies Cloudflare :<\/strong>\u00a0Cloudflare est un CDN (Content Delivery Network) qui permet de d\u00e9livrer certaines ressources plus rapidement en fonction de la localisation de l&rsquo;utilisateur. Dans un but de permettre \u00e0 l&rsquo;utilisateur une navigation individuelle, le cookie mis en place par Cloudflare permet de diff\u00e9rencier plusieurs utilisateurs utilisant une m\u00eame adresse IP (par exemple : quatre utilisateurs connect\u00e9s sur le WiFi d&rsquo;un FastFood). Ce cookie n&rsquo;enregistre aucune donn\u00e9e personnelle permettant d&rsquo;identifier l&rsquo;utilisateur;<\/li>\n<li><strong>les cookies fonctionnels :<\/strong>\u00a0ils sont ceux qui permettent un meilleur confort lors de l&rsquo;utilisation de certaines fonctionnalit\u00e9s du site. Par exemple, ils peuvent enregistrer l&rsquo;adresse de l&rsquo;utilisateur pour remplir automatiquement le champ \u00ab\u00a0adresse\u00a0\u00bb d&rsquo;un formulaire et \u00e9viter \u00e0 l&rsquo;utilisateur de le compl\u00e9ter lui-m\u00eame.<\/li>\n<\/ul>\n<p>En cliquant sur le bouton \u00ab j\u2019accepte \u00bb, vous acceptez l\u2019utilisation des cookies (article 6, 1, a du RGPD). Vous pouvez \u00e0 tout moment annuler cette approbation en cliquant sur le bouton \u201cPolitique de cookie\u201d situ\u00e9 en bas \u00e0 droite de votre \u00e9cran. Dans le cas o\u00f9 vous ne souhaitez pas autoriser les cookies, il se peut que l\u2019utilisation de certaines fonctionnalit\u00e9s en soient alt\u00e9r\u00e9es.<\/p>\n<h2>FORMULAIRE DE CONTACT<\/h2>\n<p>Vous acceptez que les donn\u00e9es collect\u00e9es via ce formulaire soient stock\u00e9es par Heinen pour un besoin purement pratique (dans le cas o\u00f9 Heinen devrait vous recontacter si n\u00e9cessaire). Ces donn\u00e9es ne seront pas transmises \u00e0 des tiers et ne seront pas utilis\u00e9es dans un autre cadre que celui pour lequel vous avez compl\u00e9t\u00e9 ce formulaire. Vous pourrez \u00e0 tout moment consulter, modifier ou supprimer ces donn\u00e9es en nous contactant \u00e0 l\u2019adresse info@heinen-doors.com.<\/p>\n<h2>GOOGLE ANALYTICS<\/h2>\n<p>Dans un but purement statistique, nous utilisons Google Analytics afin de pouvoir d\u00e9terminer le trafic du site de mani\u00e8re quotidienne. Pour ce faire, Google Analytics utilise des cookies qui permettent de tracer l\u2019activit\u00e9 de l\u2019utilisateur sur le site internet. Avant que l\u2019utilisateur ne donne son accord concernant la politique des cookies, l\u2019adresse IP utilis\u00e9e par ce dernier est anonymis\u00e9e, ce qui veut dire que le dernier octet (IPv4) ou les 80 derniers bits (IPv6) de l\u2019adresse IP est\/sont mis \u00e0 z\u00e9ro afin de limiter l\u2019identification de la zone g\u00e9ographique de l\u2019utilisateur \u00e0 l\u2019aide de son adresse IP. La g\u00e9olocalisation est \u00e9galement d\u00e9sactiv\u00e9e pour \u00e9viter toute possibilit\u00e9 d\u2019identification par lieu. \u00c0 partir du moment o\u00f9 l\u2019utilisateur accepte la politique des cookies du site, l\u2019adresse IP n\u2019est plus anonymis\u00e9e et la g\u00e9olocalisation est activ\u00e9e. Cependant, ces donn\u00e9es ont une finalit\u00e9 statistique et aucune adresse IP ne sera reli\u00e9e \u00e0 un utilisateur sp\u00e9cifique, c\u2019est-\u00e0-dire que les adresses IP ne seront pas utilis\u00e9es pour analyser la navigation d\u2019une seule personne mais plut\u00f4t d\u2019un groupe d\u2019individus. Ce cookie expirera automatiquement 1 mois apr\u00e8s l\u2019acceptation du suivi Google Analytics (une nouvelle confirmation vous sera alors demand\u00e9e).<\/p>\n<h2>DONN\u00c9ES PERSONNELLES<\/h2>\n<p>Toutes les donn\u00e9es concernant l\u2019utilisateur collect\u00e9es au travers de cookies ou formulaires du site sont stock\u00e9es dans notre base de donn\u00e9es uniquement s\u2019il a donn\u00e9 son accord au pr\u00e9alable. Ces informations ne seront pas utilis\u00e9es dans d\u2019autres conditions que celles que l\u2019utilisateur a accept\u00e9es. L\u2019utilisateur dispose d\u2019un droit de regard sur chaque information le concernant : il peut les consulter, les modifier ou encore les supprimer quand bon lui semble et sans avoir \u00e0 fournir de raison \u00e0 Heinen. Pour ce faire, l\u2019utilisateur peut contacter le responsable du traitement des donn\u00e9es via le formulaire ci-dessous. En outre, il peut \u00e9galement \u00e0 tout moment introduire une r\u00e9clamation aupr\u00e8s de l\u2019autorit\u00e9 de contr\u00f4le de son pays (article 13, 2, d du RGPD).<\/p>\n<p>Vos donn\u00e9es pourront \u00eatre utilis\u00e9es pour :<\/p>\n<ul>\n<li>fournir nos services \u00e0 l&rsquo;utilisateur. Dans le cas o\u00f9, par exemple, l&rsquo;utilisateur aurait cr\u00e9\u00e9 un compte sur notre site, nous utiliserons les donn\u00e9es li\u00e9es au compte afin de notifier l&rsquo;utilisateur de tout changement sur nos services;<\/li>\n<li>am\u00e9liorer l&rsquo;exp\u00e9rience de l&rsquo;utilisateur;<\/li>\n<li>am\u00e9liorer l&rsquo;interaction entre Heinen et l&rsquo;utilisateur;<\/li>\n<li>analyser ces donn\u00e9es pour am\u00e9liorer le fonctionnement du site;<\/li>\n<li>toutes communications \u00e0 des fins commerciales<\/li>\n<li>d&rsquo;autres buts pour lesquels nous avons demand\u00e9 l&rsquo;autorisation de l&rsquo;utilisateur au pr\u00e9alable.<\/li>\n<\/ul>\n<p>Nous utilisons divers protocoles s\u00e9curis\u00e9s pour prot\u00e9ger les donn\u00e9es collect\u00e9es via ce site. Cependant, et bien que nous faisions de notre mieux, nous ne pouvons garantir l&rsquo;enti\u00e8re s\u00e9curit\u00e9 de ces informations. De ce fait, nous pr\u00e9viendrons les autorit\u00e9s appropri\u00e9es en cas de faille de s\u00e9curit\u00e9. Vous serez \u00e9galement pr\u00e9venu dans le cas o\u00f9 nous identifierions une telle faille. Nous ferons bien \u00e9videmment tout ce qui est en notre pouvoir pour \u00e9viter les failles de s\u00e9curit\u00e9.\u00a0<strong>Attention :<\/strong>\u00a0si l&rsquo;utilisateur a cr\u00e9\u00e9 un compte sur notre site, il est imp\u00e9ratif de garder secret son nom d&rsquo;utilisateur et son mot de passe !<\/p>\n<p>Les droits de l&rsquo;utilisateur concernant ses donn\u00e9es sont les suivants :<\/p>\n<ul>\n<li>le\u00a0<strong>droit \u00e0 l&rsquo;information :<\/strong>\u00a0l&rsquo;utilisateur a le droit de savoir comment sont utilis\u00e9es les donn\u00e9es collect\u00e9es sur le site;<\/li>\n<li>le\u00a0<strong>droit \u00e0 l&rsquo;acc\u00e8s :<\/strong>\u00a0l&rsquo;utilisateur a le droit d&rsquo;acc\u00e9der aux donn\u00e9es collect\u00e9es sur le site;<\/li>\n<li>le\u00a0<strong>droit \u00e0 la correction :<\/strong>\u00a0l&rsquo;utilisateur a le droit de demander une correction des donn\u00e9es d\u00e9tenues par le site;<\/li>\n<li>le\u00a0<strong>droit \u00e0 la suppression :<\/strong>\u00a0l&rsquo;utilisateur a le droit de demander la suppression d&rsquo;une partie ou de toutes les donn\u00e9es d\u00e9tenues le concernant;<\/li>\n<li>le\u00a0<strong>droit \u00e0 la restriction de l&rsquo;utilisation des donn\u00e9es :<\/strong>\u00a0l&rsquo;utilisateur a le droit de restreindre la fa\u00e7on dont le site utilise les donn\u00e9es le concernant;<\/li>\n<li>le\u00a0<strong>droit de r\u00e9traction :<\/strong>\u00a0l&rsquo;utilisateur a le droit de se r\u00e9tracter concernant n&rsquo;importe quel consentement \u00e0 propos de l&rsquo;utilisation des donn\u00e9es personnelles donn\u00e9 sur notre site.<\/li>\n<\/ul>\n<p>Une fois la demande ins\u00e9r\u00e9e, le responsable contactera dans les plus brefs d\u00e9lais l\u2019utilisateur en lui fournissant un fichier comprenant ses informations personnelles.<\/p>\n<p>Pour demander les donn\u00e9es stock\u00e9es dans nos serveurs, veuillez cliquer\u00a0<a id=\"open-request-form\" class=\"local\" href=\"https:\/\/www.heinen-doors.com\/fr\/charte-relative-a-la-protection-de-la-vie-privee\/\">ici<\/a><\/p>\n<h2>DROITS DE PROPRI\u00c9T\u00c9 INTELLECTUELLE<\/h2>\n<p>Le Site et son contenu, en ce compris de fa\u00e7on non limitative les textes, concept architecturaux, graphiques, images, logos et ic\u00f4nes, sont prot\u00e9g\u00e9s par des droits de propri\u00e9t\u00e9 intellectuelle ou autres et restent la propri\u00e9t\u00e9 de leurs auteurs et\/ou titulaires respectifs et ce pour la dur\u00e9e l\u00e9gale de protection et pour le monde entier.<\/p>\n<p>La licence d\u2019utilisation conf\u00e9r\u00e9e \u00e0 l\u2019Utilisateur comprend uniquement le droit de reproduire les \u0153uvres consult\u00e9es pour stockage aux fins de repr\u00e9sentation sur \u00e9cran monoposte et les copies ou reproductions strictement r\u00e9serv\u00e9es \u00e0 l\u2019usage priv\u00e9 de l\u2019Utilisateur et non destin\u00e9es \u00e0 une utilisation collective ou commerciale.<\/p>\n<p>Sont \u00e9galement autoris\u00e9es, sous r\u00e9serve que soient indiqu\u00e9es, clairement le nom de l\u2019auteur et la source, les analyses et courtes citations justifi\u00e9es par le caract\u00e8re critique, pol\u00e9mique, p\u00e9dagogique, scientifique ou d\u2019information de l\u2019\u0153uvre \u00e0 laquelle elles sont incorpor\u00e9es.<\/p>\n<p>En dehors de ces exceptions, le Site et son contenu ne peuvent \u00eatre copi\u00e9s, reproduits, distribu\u00e9s, utilis\u00e9s, adapt\u00e9s ou traduits, en tout ou en partie, sauf autorisation \u00e9crite pr\u00e9alable d\u2019Heinen s.a.<\/p>\n<ol>\n<li>Les donn\u00e9es personnelles des internautes qui font appel aux services de Heinen sont destin\u00e9es \u00e0 la r\u00e9alisation de devis, \u00e0 r\u00e9pondre \u00e0 leurs questions.<\/li>\n<li>Conform\u00e9ment aux dispositions l\u00e9gales, Heinen a effectu\u00e9 en Belgique une d\u00e9claration pr\u00e9alable de traitement aupr\u00e8s de la Commission de la Protection de la Vie Priv\u00e9e. Cette d\u00e9claration est accessible en ligne \u00e0 l\u2019adresse https:\/\/www.privacycommission.be\/<br \/>Sans votre consentement, nous ne divulguons, ne partageons ni ne vendons \u00e0 un tiers aucune information vous concernant..<br \/>Moyennant une demande envoy\u00e9e par e-mail, adress\u00e9e \u00e0 info@legaldesk.be, et apr\u00e8s avoir justifi\u00e9 votre identit\u00e9, vous pouvez obtenir gratuitement la communication \u00e9crite des donn\u00e9es \u00e0 caract\u00e8re personnel vous concernant ainsi que, le cas \u00e9ch\u00e9ant, la rectification de celles qui seraient inexactes, incompl\u00e8tes ou non pertinentes.<\/li>\n<li>La soci\u00e9t\u00e9 Heinen s\u2019engage \u00e0 faire tout son possible pour prot\u00e9ger les donn\u00e9es \u00e0 caract\u00e8re personnel, afin notamment d\u2019emp\u00eacher qu\u2019elles soient d\u00e9form\u00e9es, endommag\u00e9es ou communiqu\u00e9es \u00e0 des tiers non autoris\u00e9s.<br \/>Heinen se r\u00e9serve le droit de contr\u00f4ler et examiner les informations se rapportant aux messages, tel que leur contenu, leur provenance ou leur destination, s\u2019il est raisonnablement permis de croire que tout ou une partie de ces communications ont trait \u00e0 des activit\u00e9s ill\u00e9gales ou illicites, ou si elle en a re\u00e7u l\u2019ordre des autorit\u00e9s comp\u00e9tentes.<br \/>Sauf si le contr\u00f4le est effectu\u00e9 \u00e0 la requ\u00eate des autorit\u00e9s comp\u00e9tentes, le contr\u00f4le de Heinen ne pourra porter que sur les messages \u00e0 caract\u00e8re public ou non-confidentiel, c\u2019est \u00e0 dire les informations se trouvant sur une page web, les messages que l\u2019on trouve dans les forums de discussion ou les mailings informatiques, sans que cette liste soit limitative.<\/li>\n<\/ol>\n<p>Heinen peut n\u00e9anmoins divulguer les informations personnelles des internautes sur requ\u00eate d\u2019une autorit\u00e9 l\u00e9gale ou en toute bonne fois en consid\u00e9rant que cette action est requise :<\/p>\n<ul>\n<li>pour se conformer \u00e0 toute loi ou r\u00e9glementation en vigueur ;<\/li>\n<li>pour prot\u00e9ger ou d\u00e9fendre ses droits ou biens, ou ceux des utilisateurs du site web www.legaldesk.be<\/li>\n<\/ul>\n<h2>DISCLAIMER<\/h2>\n<p>1. Droits et obligations d\u2019utilisation<\/p>\n<p>Les informations diffus\u00e9es et les outils propos\u00e9s sur le site ne peuvent \u00eatre utilis\u00e9s qu\u2019\u00e0 des fins personnelles, de mani\u00e8re normale et raisonnable et exclusivement pour les finalit\u00e9s pour lesquelles ils sont mis \u00e0 disposition.<\/p>\n<p>2. Droits de propri\u00e9t\u00e9 intellectuelle<\/p>\n<p>L\u2019ensemble de ce site rel\u00e8ve de la l\u00e9gislation belge et internationale sur le droit d\u2019auteur et la propri\u00e9t\u00e9 intellectuelle.<br \/>La reproduction et\/ou copie de quelque mani\u00e8re que ce soit de tout ou une partie de ce site est strictement interdite, sauf autorisation pr\u00e9alable et \u00e9crite de la soci\u00e9t\u00e9 Heinen.<br \/>Sont vis\u00e9s tant le contenu du site que ses composants, sa forme, pr\u00e9sentation, structure. Les marques et logos, enregistr\u00e9s ou non, pr\u00e9sents sur le site sont la propri\u00e9t\u00e9 exclusive de Heinen et ne peuvent \u00eatre utilis\u00e9s ou reproduits.<\/p>\n<p>3. Responsabilit\u00e9<\/p>\n<p>Heinen d\u00e9cline toute responsabilit\u00e9 et n\u2019offre aucune garantie en cas d\u2019interruption, mauvais fonctionnement du site, ou dommages directs ou indirects caus\u00e9s aux syst\u00e8mes informatiques de l\u2019utilisateur, notamment par des virus qui, malgr\u00e9 les diff\u00e9rentes protections pr\u00e9vues, n\u2019auraient pu \u00eatre d\u00e9tect\u00e9s ou \u00e9vit\u00e9s.<\/p>\n\n<\/div>\n<p><\/p>\n","protected":false},"excerpt":{"rendered":"<p>COOKIES Notre site utilise des cookies afin d\u2019am\u00e9liorer les fonctionnalit\u00e9s qu\u2019il propose. Les cookies sont des donn\u00e9es qui sont sauvegard\u00e9es sur votre appareil et qui permettent au site de conserver certaines informations vous concernant pour une meilleure navigation. Nous utilisons divers cookies pour des buts sp\u00e9cifiques : les cookies n\u00e9cessaires :\u00a0ils sont utilis\u00e9s pour permettre [&hellip;]<\/p>\n","protected":false},"author":1379,"featured_media":0,"parent":0,"menu_order":0,"comment_status":"closed","ping_status":"closed","template":"","meta":{"_acf_changed":false,"inline_featured_image":false,"footnotes":""},"class_list":["post-6173","page","type-page","status-publish","hentry"],"acf":[],"yoast_head":"<!-- This site is optimized with the Yoast SEO plugin v27.1.1 - https:\/\/yoast.com\/product\/yoast-seo-wordpress\/ -->\n<title>Charte relative \u00e0 la protection de la vie priv\u00e9e | Heinen Doors<\/title>\n<meta name=\"robots\" content=\"index, follow, max-snippet:-1, max-image-preview:large, max-video-preview:-1\" \/>\n<link rel=\"canonical\" href=\"https:\/\/www.heinen-doors.com\/fr\/charte-relative-a-la-protection-de-la-vie-privee\/\" \/>\n<meta property=\"og:locale\" content=\"fr_FR\" \/>\n<meta property=\"og:type\" content=\"article\" \/>\n<meta property=\"og:title\" content=\"Charte relative \u00e0 la protection de la vie priv\u00e9e | Heinen Doors\" \/>\n<meta property=\"og:description\" content=\"COOKIES Notre site utilise des cookies afin d\u2019am\u00e9liorer les fonctionnalit\u00e9s qu\u2019il propose. Les cookies sont des donn\u00e9es qui sont sauvegard\u00e9es sur votre appareil et qui permettent au site de conserver certaines informations vous concernant pour une meilleure navigation. Nous utilisons divers cookies pour des buts sp\u00e9cifiques : les cookies n\u00e9cessaires :\u00a0ils sont utilis\u00e9s pour permettre [&hellip;]\" \/>\n<meta property=\"og:url\" content=\"https:\/\/www.heinen-doors.com\/fr\/charte-relative-a-la-protection-de-la-vie-privee\/\" \/>\n<meta property=\"og:site_name\" content=\"Heinen Doors\" \/>\n<meta property=\"article:modified_time\" content=\"2025-03-10T20:24:58+00:00\" \/>\n<meta property=\"og:image\" content=\"https:\/\/www.heinen-doors.com\/wp-content\/uploads\/2017\/05\/logo-heinen.png\" \/>\n\t<meta property=\"og:image:width\" content=\"910\" \/>\n\t<meta property=\"og:image:height\" content=\"856\" \/>\n\t<meta property=\"og:image:type\" content=\"image\/png\" \/>\n<meta name=\"twitter:card\" content=\"summary_large_image\" \/>\n<meta name=\"twitter:label1\" content=\"Dur\u00e9e de lecture estim\u00e9e\" \/>\n\t<meta name=\"twitter:data1\" content=\"9 minutes\" \/>\n<script type=\"application\/ld+json\" class=\"yoast-schema-graph\">{\"@context\":\"https:\/\/schema.org\",\"@graph\":[{\"@type\":\"WebPage\",\"@id\":\"https:\/\/www.heinen-doors.com\/fr\/charte-relative-a-la-protection-de-la-vie-privee\/\",\"url\":\"https:\/\/www.heinen-doors.com\/fr\/charte-relative-a-la-protection-de-la-vie-privee\/\",\"name\":\"Charte relative \u00e0 la protection de la vie priv\u00e9e | Heinen Doors\",\"isPartOf\":{\"@id\":\"https:\/\/www.heinen-doors.com\/fr\/#website\"},\"datePublished\":\"2018-05-29T10:15:07+00:00\",\"dateModified\":\"2025-03-10T20:24:58+00:00\",\"breadcrumb\":{\"@id\":\"https:\/\/www.heinen-doors.com\/fr\/charte-relative-a-la-protection-de-la-vie-privee\/#breadcrumb\"},\"inLanguage\":\"fr-FR\",\"potentialAction\":[{\"@type\":\"ReadAction\",\"target\":[\"https:\/\/www.heinen-doors.com\/fr\/charte-relative-a-la-protection-de-la-vie-privee\/\"]}]},{\"@type\":\"BreadcrumbList\",\"@id\":\"https:\/\/www.heinen-doors.com\/fr\/charte-relative-a-la-protection-de-la-vie-privee\/#breadcrumb\",\"itemListElement\":[{\"@type\":\"ListItem\",\"position\":1,\"name\":\"Heinen\",\"item\":\"https:\/\/www.heinen-doors.com\/fr\/\"},{\"@type\":\"ListItem\",\"position\":2,\"name\":\"Charte relative \u00e0 la protection de la vie priv\u00e9e\"}]},{\"@type\":\"WebSite\",\"@id\":\"https:\/\/www.heinen-doors.com\/fr\/#website\",\"url\":\"https:\/\/www.heinen-doors.com\/fr\/\",\"name\":\"Heinen Doors\",\"description\":\"Service &amp; technologie pour votre s\u00e9curit\u00e9\",\"publisher\":{\"@id\":\"https:\/\/www.heinen-doors.com\/fr\/#organization\"},\"potentialAction\":[{\"@type\":\"SearchAction\",\"target\":{\"@type\":\"EntryPoint\",\"urlTemplate\":\"https:\/\/www.heinen-doors.com\/fr\/?s={search_term_string}\"},\"query-input\":{\"@type\":\"PropertyValueSpecification\",\"valueRequired\":true,\"valueName\":\"search_term_string\"}}],\"inLanguage\":\"fr-FR\"},{\"@type\":\"Organization\",\"@id\":\"https:\/\/www.heinen-doors.com\/fr\/#organization\",\"name\":\"Heinen S.A.\",\"url\":\"https:\/\/www.heinen-doors.com\/fr\/\",\"logo\":{\"@type\":\"ImageObject\",\"inLanguage\":\"fr-FR\",\"@id\":\"https:\/\/www.heinen-doors.com\/fr\/#\/schema\/logo\/image\/\",\"url\":\"https:\/\/www.heinen-doors.com\/wp-content\/uploads\/2017\/05\/logo-heinen.svg\",\"contentUrl\":\"https:\/\/www.heinen-doors.com\/wp-content\/uploads\/2017\/05\/logo-heinen.svg\",\"width\":1,\"height\":1,\"caption\":\"Heinen S.A.\"},\"image\":{\"@id\":\"https:\/\/www.heinen-doors.com\/fr\/#\/schema\/logo\/image\/\"},\"sameAs\":[\"https:\/\/www.linkedin.com\/company-beta\/5359788\/\",\"https:\/\/www.youtube.com\/channel\/UCFngSniJBVon9jL54LtQxNQ\"]}]}<\/script>\n<!-- \/ Yoast SEO plugin. -->","yoast_head_json":{"title":"Charte relative \u00e0 la protection de la vie priv\u00e9e | Heinen Doors","robots":{"index":"index","follow":"follow","max-snippet":"max-snippet:-1","max-image-preview":"max-image-preview:large","max-video-preview":"max-video-preview:-1"},"canonical":"https:\/\/www.heinen-doors.com\/fr\/charte-relative-a-la-protection-de-la-vie-privee\/","og_locale":"fr_FR","og_type":"article","og_title":"Charte relative \u00e0 la protection de la vie priv\u00e9e | Heinen Doors","og_description":"COOKIES Notre site utilise des cookies afin d\u2019am\u00e9liorer les fonctionnalit\u00e9s qu\u2019il propose. Les cookies sont des donn\u00e9es qui sont sauvegard\u00e9es sur votre appareil et qui permettent au site de conserver certaines informations vous concernant pour une meilleure navigation. Nous utilisons divers cookies pour des buts sp\u00e9cifiques : les cookies n\u00e9cessaires :\u00a0ils sont utilis\u00e9s pour permettre [&hellip;]","og_url":"https:\/\/www.heinen-doors.com\/fr\/charte-relative-a-la-protection-de-la-vie-privee\/","og_site_name":"Heinen Doors","article_modified_time":"2025-03-10T20:24:58+00:00","og_image":[{"width":910,"height":856,"url":"https:\/\/www.heinen-doors.com\/wp-content\/uploads\/2017\/05\/logo-heinen.png","type":"image\/png"}],"twitter_card":"summary_large_image","twitter_misc":{"Dur\u00e9e de lecture estim\u00e9e":"9 minutes"},"schema":{"@context":"https:\/\/schema.org","@graph":[{"@type":"WebPage","@id":"https:\/\/www.heinen-doors.com\/fr\/charte-relative-a-la-protection-de-la-vie-privee\/","url":"https:\/\/www.heinen-doors.com\/fr\/charte-relative-a-la-protection-de-la-vie-privee\/","name":"Charte relative \u00e0 la protection de la vie priv\u00e9e | Heinen Doors","isPartOf":{"@id":"https:\/\/www.heinen-doors.com\/fr\/#website"},"datePublished":"2018-05-29T10:15:07+00:00","dateModified":"2025-03-10T20:24:58+00:00","breadcrumb":{"@id":"https:\/\/www.heinen-doors.com\/fr\/charte-relative-a-la-protection-de-la-vie-privee\/#breadcrumb"},"inLanguage":"fr-FR","potentialAction":[{"@type":"ReadAction","target":["https:\/\/www.heinen-doors.com\/fr\/charte-relative-a-la-protection-de-la-vie-privee\/"]}]},{"@type":"BreadcrumbList","@id":"https:\/\/www.heinen-doors.com\/fr\/charte-relative-a-la-protection-de-la-vie-privee\/#breadcrumb","itemListElement":[{"@type":"ListItem","position":1,"name":"Heinen","item":"https:\/\/www.heinen-doors.com\/fr\/"},{"@type":"ListItem","position":2,"name":"Charte relative \u00e0 la protection de la vie priv\u00e9e"}]},{"@type":"WebSite","@id":"https:\/\/www.heinen-doors.com\/fr\/#website","url":"https:\/\/www.heinen-doors.com\/fr\/","name":"Heinen Doors","description":"Service &amp; technologie pour votre s\u00e9curit\u00e9","publisher":{"@id":"https:\/\/www.heinen-doors.com\/fr\/#organization"},"potentialAction":[{"@type":"SearchAction","target":{"@type":"EntryPoint","urlTemplate":"https:\/\/www.heinen-doors.com\/fr\/?s={search_term_string}"},"query-input":{"@type":"PropertyValueSpecification","valueRequired":true,"valueName":"search_term_string"}}],"inLanguage":"fr-FR"},{"@type":"Organization","@id":"https:\/\/www.heinen-doors.com\/fr\/#organization","name":"Heinen S.A.","url":"https:\/\/www.heinen-doors.com\/fr\/","logo":{"@type":"ImageObject","inLanguage":"fr-FR","@id":"https:\/\/www.heinen-doors.com\/fr\/#\/schema\/logo\/image\/","url":"https:\/\/www.heinen-doors.com\/wp-content\/uploads\/2017\/05\/logo-heinen.svg","contentUrl":"https:\/\/www.heinen-doors.com\/wp-content\/uploads\/2017\/05\/logo-heinen.svg","width":1,"height":1,"caption":"Heinen S.A."},"image":{"@id":"https:\/\/www.heinen-doors.com\/fr\/#\/schema\/logo\/image\/"},"sameAs":["https:\/\/www.linkedin.com\/company-beta\/5359788\/","https:\/\/www.youtube.com\/channel\/UCFngSniJBVon9jL54LtQxNQ"]}]}},"_links":{"self":[{"href":"https:\/\/www.heinen-doors.com\/fr\/wp-json\/wp\/v2\/pages\/6173","targetHints":{"allow":["GET"]}}],"collection":[{"href":"https:\/\/www.heinen-doors.com\/fr\/wp-json\/wp\/v2\/pages"}],"about":[{"href":"https:\/\/www.heinen-doors.com\/fr\/wp-json\/wp\/v2\/types\/page"}],"author":[{"embeddable":true,"href":"https:\/\/www.heinen-doors.com\/fr\/wp-json\/wp\/v2\/users\/1379"}],"replies":[{"embeddable":true,"href":"https:\/\/www.heinen-doors.com\/fr\/wp-json\/wp\/v2\/comments?post=6173"}],"version-history":[{"count":0,"href":"https:\/\/www.heinen-doors.com\/fr\/wp-json\/wp\/v2\/pages\/6173\/revisions"}],"wp:attachment":[{"href":"https:\/\/www.heinen-doors.com\/fr\/wp-json\/wp\/v2\/media?parent=6173"}],"curies":[{"name":"wp","href":"https:\/\/api.w.org\/{rel}","templated":true}]}}