{"id":28382,"date":"2024-10-14T18:26:20","date_gmt":"2024-10-14T16:26:20","guid":{"rendered":"https:\/\/www.heinen-doors.com\/?page_id=28382"},"modified":"2025-02-18T16:30:11","modified_gmt":"2025-02-18T15:30:11","slug":"solutions","status":"publish","type":"page","link":"https:\/\/www.heinen-doors.com\/fr\/solutions\/","title":{"rendered":"Solutions"},"content":{"rendered":"\n\n\t<div class=\"text-image full relative overflow-hidden    py-14\" >\n\n\t\t\n\t\t\n\t\t<div class=\" container \">\n\n\t\t\t\n\t\t\t\t\t\t\n\n\t\t\t<div style=\"grid-template-columns: 55% 1fr;\" class=\"lg:grid  gap-8 \">\n\n\t\t\t\t<div class=\" \">\n\n\t\t\t\t\t<header class=\"flex flex-col \">\n\n\t\t\t\t\t\t\n\t\t\t\t\t\t\t\t\t\t\t\t\t<h1 class=\"mt-0 mb-8 \">Gamme produits<\/h1>\n\t\t\t\t\t\t\n\t\t\t\t\t\t\t\t\t\t\t\t\t<h3 class=\"mb-8 text-primary\">Concept Metal+ \u00e0 la base de chaque porte Heinen <\/h3>\n\t\t\t\t\t\t\n\t\t\t\t\t<\/header>\n\n\t\t\t\t\t\t\t\t\t\t\t<div class=\"prose text-secondary \">\n\t\t\t\t\t\t\t<p>Chaque porte Heinen poss\u00e8de la m\u00eame structure robuste qui permet de cumuler des performances de base ainsi qu\u2019une multitude de performances de haut niveau, sur une seule et m\u00eame porte, tant pour l\u2019int\u00e9rieur que l\u2019ext\u00e9rieur, c&rsquo;est le Concept Metal+.<\/p>\n<ul>\n<li>Toutes les portes Heinen sont compos\u00e9es d&rsquo;une structure tubulaire en acier (60 x 60 x 2 mm), de t\u00f4les d&rsquo;habillage viss\u00e9es et de paumelles viss\u00e9es. Elles\u00a0pr\u00e9sentent toujours le m\u00eame aspect esth\u00e9tique, peu importe leurs performances.<\/li>\n<li>La garantie Heinen (15 ans ou 10 ans ) est d\u00e9finie par le mode de pose.<\/li>\n<\/ul>\n\n\t\t\t\t\t\t<\/div>\n\t\t\t\t\t\n\t\t\t\t\t\n\t\t\t\t\t\t\t\t\t\t\t<div class=\"flex flex-wrap justify-center gap-4 mb-12 md:justify-start \">\n\t\t\t\t\t\t\t\t\t\t\t\t\t\t\t\n\n\n\n\n<!-- parse-ignore-start -->\n<a  href=\"https:\/\/www.heinen-doors.com\/fr\/solutions\/gammes-produit\/\" class=\"group gap-2 border-2 rounded-3xl justify-center items-center w-full xs:w-auto inline-flex px-3 sm:px-6 py-3 space-x-1 leading-6 transition duration-150 ease-in-out     mt-6  bg-primary hover:bg-primaryAccent border-primary font-bold hover:border-primaryAccent text-white hover:text-white\" >\n\tD\u00e9couvrez notre gamme\n\t\n\t\n\t<!-- temp -->\n\t<svg class=\"hidden group-hover:block\" xmlns=\"http:\/\/www.w3.org\/2000\/svg\" width=\"16\" height=\"10\" viewBox=\"0 0 16 10\" fill=\"none\">\n<path d=\"M1.00016 5.08329L15 5.08329M15 5.08329L10.9167 9.16657M15 5.08329L10.9167 1\" stroke=\"#004059\" stroke-width=\"1.5\" stroke-linecap=\"round\" stroke-linejoin=\"round\"\/>\n<\/svg>\n\t\n<\/a>\n<!-- parse-ignore-end -->\n\t\t\t\t\t\t\t\t\t\t\t\t\t<\/div>\n\t\t\t\t\t\n\t\t\t\t<\/div>\n\n\t\t\t\t\t\t\t\t\t<div class=\"relative\">\n\t\t\t\t\t\t<figure class=\"overflow-hidden    lg:scale-110 \">\n\t\t\t\t\t\t\t<img decoding=\"async\" width=\"624\" height=\"624\" src=\"https:\/\/www.heinen-doors.com\/wp-content\/uploads\/2025\/02\/macaraons_nuage_FR.png\" class=\"w-full h-auto object-cover\" alt=\"macaraons_nuage_FR\" srcset=\"https:\/\/www.heinen-doors.com\/wp-content\/uploads\/2025\/02\/macaraons_nuage_FR.png 624w, https:\/\/www.heinen-doors.com\/wp-content\/uploads\/2025\/02\/macaraons_nuage_FR-450x450.png 450w, https:\/\/www.heinen-doors.com\/wp-content\/uploads\/2025\/02\/macaraons_nuage_FR-320x320.png 320w, https:\/\/www.heinen-doors.com\/wp-content\/uploads\/2025\/02\/macaraons_nuage_FR-160x160.png 160w, https:\/\/www.heinen-doors.com\/wp-content\/uploads\/2025\/02\/macaraons_nuage_FR-480x480.png 480w, https:\/\/www.heinen-doors.com\/wp-content\/uploads\/2025\/02\/macaraons_nuage_FR-350x350.png 350w\" sizes=\"(max-width: 624px) 100vw, 624px\" \/>\n\t\t\t\t\t\t<\/figure>\n\t\t\t\t\t<\/div>\n\t\t\t\t\n\t\t\t<\/div>\n\t\t<\/div>\n\t<\/div>\n\n\n\n\n\t<div class=\"text-image full relative overflow-hidden  lg:-mb-24 -mb-10  py-14\"  style=\"background: linear-gradient(45deg, #eef4f7, white);\" >\n\n\t\t\n\t\t\n\t\t<div class=\" container \">\n\n\t\t\t\n\t\t\t\t\t\t\n\n\t\t\t<div style=\"grid-template-columns: 55% 1fr;\" class=\"lg:grid  gap-8 \">\n\n\t\t\t\t<div class=\" \">\n\n\t\t\t\t\t<header class=\"flex flex-col \">\n\n\t\t\t\t\t\t\n\t\t\t\t\t\t\t\t\t\t\t\t\t<h2 class=\"mt-0 mb-8 \">Performances<\/h2>\n\t\t\t\t\t\t\n\t\t\t\t\t\t\t\t\t\t\t\t\t<h3 class=\"mb-8 text-primary\">Optionelles et cumulables<\/h3>\n\t\t\t\t\t\t\n\t\t\t\t\t<\/header>\n\n\t\t\t\t\t\t\t\t\t\t\t<div class=\"prose text-secondary \">\n\t\t\t\t\t\t\t<p>Les portes Heinen peuvent cumuler les performances \u00ab\u00a0\u00e0 la carte\u00a0\u00bb : en fonction de vos besoins, une ou plusieurs performances sont ajout\u00e9es \u00e0 la porte de base robuste Metal+.<\/p>\n<p>Certaines performances ne sont disponibles que pour les portes pleines sans vitrage. La plupart de ces performances peuvent \u00eatre combin\u00e9es jusqu&rsquo;\u00e0 une certaine limite.<br \/>\nPour un aper\u00e7u des performances combinables par type de porte, veuillez consulter nos fiches techniques.<\/p>\n\n\t\t\t\t\t\t<\/div>\n\t\t\t\t\t\n\t\t\t\t\t\n\t\t\t\t\t\t\t\t\t\t\t<div class=\"flex flex-wrap justify-center gap-4 mb-12 md:justify-start \">\n\t\t\t\t\t\t\t\t\t\t\t\t\t\t\t\n\n\n\n\n<!-- parse-ignore-start -->\n<a  href=\"https:\/\/www.heinen-doors.com\/fr\/solutions\/performances\/\" class=\"group gap-2 border-2 rounded-3xl justify-center items-center w-full xs:w-auto inline-flex px-3 sm:px-6 py-3 space-x-1 leading-6 transition duration-150 ease-in-out     mt-6  bg-primary hover:bg-primaryAccent border-primary font-bold hover:border-primaryAccent text-white hover:text-white\" >\n\tD\u00e9couvrez nos performances\n\t\n\t\n\t<!-- temp -->\n\t<svg class=\"hidden group-hover:block\" xmlns=\"http:\/\/www.w3.org\/2000\/svg\" width=\"16\" height=\"10\" viewBox=\"0 0 16 10\" fill=\"none\">\n<path d=\"M1.00016 5.08329L15 5.08329M15 5.08329L10.9167 9.16657M15 5.08329L10.9167 1\" stroke=\"#004059\" stroke-width=\"1.5\" stroke-linecap=\"round\" stroke-linejoin=\"round\"\/>\n<\/svg>\n\t\n<\/a>\n<!-- parse-ignore-end -->\n\t\t\t\t\t\t\t\t\t\t\t\t\t<\/div>\n\t\t\t\t\t\n\t\t\t\t<\/div>\n\n\t\t\t\t\t\t\t\t\t<div class=\"relative\">\n\t\t\t\t\t\t<figure class=\"overflow-hidden    0 \">\n\t\t\t\t\t\t\t<img decoding=\"async\" width=\"398\" height=\"398\" src=\"https:\/\/www.heinen-doors.com\/wp-content\/uploads\/2024\/10\/Roue-performances.png\" class=\"w-full h-auto object-cover\" alt=\"Roue-performances\" srcset=\"https:\/\/www.heinen-doors.com\/wp-content\/uploads\/2024\/10\/Roue-performances.png 398w, https:\/\/www.heinen-doors.com\/wp-content\/uploads\/2024\/10\/Roue-performances-320x320.png 320w, https:\/\/www.heinen-doors.com\/wp-content\/uploads\/2024\/10\/Roue-performances-160x160.png 160w, https:\/\/www.heinen-doors.com\/wp-content\/uploads\/2024\/10\/Roue-performances-350x350.png 350w\" sizes=\"(max-width: 398px) 100vw, 398px\" \/>\n\t\t\t\t\t\t<\/figure>\n\t\t\t\t\t<\/div>\n\t\t\t\t\n\t\t\t<\/div>\n\t\t<\/div>\n\t<\/div>\n","protected":false},"excerpt":{"rendered":"","protected":false},"author":2359,"featured_media":0,"parent":0,"menu_order":0,"comment_status":"closed","ping_status":"closed","template":"","meta":{"_acf_changed":false,"inline_featured_image":false,"footnotes":""},"class_list":["post-28382","page","type-page","status-publish","hentry"],"acf":[],"yoast_head":"<!-- This site is optimized with the Yoast SEO plugin v27.1.1 - https:\/\/yoast.com\/product\/yoast-seo-wordpress\/ -->\n<title>Solutions | Heinen Doors<\/title>\n<meta name=\"robots\" content=\"index, follow, max-snippet:-1, max-image-preview:large, max-video-preview:-1\" \/>\n<link rel=\"canonical\" href=\"https:\/\/www.heinen-doors.com\/fr\/solutions\/\" \/>\n<meta property=\"og:locale\" content=\"fr_FR\" \/>\n<meta property=\"og:type\" content=\"article\" \/>\n<meta property=\"og:title\" content=\"Solutions | Heinen Doors\" \/>\n<meta property=\"og:url\" content=\"https:\/\/www.heinen-doors.com\/fr\/solutions\/\" \/>\n<meta property=\"og:site_name\" content=\"Heinen Doors\" \/>\n<meta property=\"article:modified_time\" content=\"2025-02-18T15:30:11+00:00\" \/>\n<meta property=\"og:image\" content=\"https:\/\/www.heinen-doors.com\/wp-content\/uploads\/2017\/05\/logo-heinen.png\" \/>\n\t<meta property=\"og:image:width\" content=\"910\" \/>\n\t<meta property=\"og:image:height\" content=\"856\" \/>\n\t<meta property=\"og:image:type\" content=\"image\/png\" \/>\n<meta name=\"twitter:card\" content=\"summary_large_image\" \/>\n<script type=\"application\/ld+json\" class=\"yoast-schema-graph\">{\"@context\":\"https:\/\/schema.org\",\"@graph\":[{\"@type\":\"WebPage\",\"@id\":\"https:\/\/www.heinen-doors.com\/fr\/solutions\/\",\"url\":\"https:\/\/www.heinen-doors.com\/fr\/solutions\/\",\"name\":\"Solutions | Heinen Doors\",\"isPartOf\":{\"@id\":\"https:\/\/www.heinen-doors.com\/fr\/#website\"},\"datePublished\":\"2024-10-14T16:26:20+00:00\",\"dateModified\":\"2025-02-18T15:30:11+00:00\",\"breadcrumb\":{\"@id\":\"https:\/\/www.heinen-doors.com\/fr\/solutions\/#breadcrumb\"},\"inLanguage\":\"fr-FR\",\"potentialAction\":[{\"@type\":\"ReadAction\",\"target\":[\"https:\/\/www.heinen-doors.com\/fr\/solutions\/\"]}]},{\"@type\":\"BreadcrumbList\",\"@id\":\"https:\/\/www.heinen-doors.com\/fr\/solutions\/#breadcrumb\",\"itemListElement\":[{\"@type\":\"ListItem\",\"position\":1,\"name\":\"Heinen\",\"item\":\"https:\/\/www.heinen-doors.com\/fr\/\"},{\"@type\":\"ListItem\",\"position\":2,\"name\":\"Solutions\"}]},{\"@type\":\"WebSite\",\"@id\":\"https:\/\/www.heinen-doors.com\/fr\/#website\",\"url\":\"https:\/\/www.heinen-doors.com\/fr\/\",\"name\":\"Heinen Doors\",\"description\":\"Service &amp; technologie pour votre s\u00e9curit\u00e9\",\"publisher\":{\"@id\":\"https:\/\/www.heinen-doors.com\/fr\/#organization\"},\"potentialAction\":[{\"@type\":\"SearchAction\",\"target\":{\"@type\":\"EntryPoint\",\"urlTemplate\":\"https:\/\/www.heinen-doors.com\/fr\/?s={search_term_string}\"},\"query-input\":{\"@type\":\"PropertyValueSpecification\",\"valueRequired\":true,\"valueName\":\"search_term_string\"}}],\"inLanguage\":\"fr-FR\"},{\"@type\":\"Organization\",\"@id\":\"https:\/\/www.heinen-doors.com\/fr\/#organization\",\"name\":\"Heinen S.A.\",\"url\":\"https:\/\/www.heinen-doors.com\/fr\/\",\"logo\":{\"@type\":\"ImageObject\",\"inLanguage\":\"fr-FR\",\"@id\":\"https:\/\/www.heinen-doors.com\/fr\/#\/schema\/logo\/image\/\",\"url\":\"https:\/\/www.heinen-doors.com\/wp-content\/uploads\/2017\/05\/logo-heinen.svg\",\"contentUrl\":\"https:\/\/www.heinen-doors.com\/wp-content\/uploads\/2017\/05\/logo-heinen.svg\",\"width\":1,\"height\":1,\"caption\":\"Heinen S.A.\"},\"image\":{\"@id\":\"https:\/\/www.heinen-doors.com\/fr\/#\/schema\/logo\/image\/\"},\"sameAs\":[\"https:\/\/www.linkedin.com\/company-beta\/5359788\/\",\"https:\/\/www.youtube.com\/channel\/UCFngSniJBVon9jL54LtQxNQ\"]}]}<\/script>\n<!-- \/ Yoast SEO plugin. -->","yoast_head_json":{"title":"Solutions | Heinen Doors","robots":{"index":"index","follow":"follow","max-snippet":"max-snippet:-1","max-image-preview":"max-image-preview:large","max-video-preview":"max-video-preview:-1"},"canonical":"https:\/\/www.heinen-doors.com\/fr\/solutions\/","og_locale":"fr_FR","og_type":"article","og_title":"Solutions | Heinen Doors","og_url":"https:\/\/www.heinen-doors.com\/fr\/solutions\/","og_site_name":"Heinen Doors","article_modified_time":"2025-02-18T15:30:11+00:00","og_image":[{"width":910,"height":856,"url":"https:\/\/www.heinen-doors.com\/wp-content\/uploads\/2017\/05\/logo-heinen.png","type":"image\/png"}],"twitter_card":"summary_large_image","schema":{"@context":"https:\/\/schema.org","@graph":[{"@type":"WebPage","@id":"https:\/\/www.heinen-doors.com\/fr\/solutions\/","url":"https:\/\/www.heinen-doors.com\/fr\/solutions\/","name":"Solutions | Heinen Doors","isPartOf":{"@id":"https:\/\/www.heinen-doors.com\/fr\/#website"},"datePublished":"2024-10-14T16:26:20+00:00","dateModified":"2025-02-18T15:30:11+00:00","breadcrumb":{"@id":"https:\/\/www.heinen-doors.com\/fr\/solutions\/#breadcrumb"},"inLanguage":"fr-FR","potentialAction":[{"@type":"ReadAction","target":["https:\/\/www.heinen-doors.com\/fr\/solutions\/"]}]},{"@type":"BreadcrumbList","@id":"https:\/\/www.heinen-doors.com\/fr\/solutions\/#breadcrumb","itemListElement":[{"@type":"ListItem","position":1,"name":"Heinen","item":"https:\/\/www.heinen-doors.com\/fr\/"},{"@type":"ListItem","position":2,"name":"Solutions"}]},{"@type":"WebSite","@id":"https:\/\/www.heinen-doors.com\/fr\/#website","url":"https:\/\/www.heinen-doors.com\/fr\/","name":"Heinen Doors","description":"Service &amp; technologie pour votre s\u00e9curit\u00e9","publisher":{"@id":"https:\/\/www.heinen-doors.com\/fr\/#organization"},"potentialAction":[{"@type":"SearchAction","target":{"@type":"EntryPoint","urlTemplate":"https:\/\/www.heinen-doors.com\/fr\/?s={search_term_string}"},"query-input":{"@type":"PropertyValueSpecification","valueRequired":true,"valueName":"search_term_string"}}],"inLanguage":"fr-FR"},{"@type":"Organization","@id":"https:\/\/www.heinen-doors.com\/fr\/#organization","name":"Heinen S.A.","url":"https:\/\/www.heinen-doors.com\/fr\/","logo":{"@type":"ImageObject","inLanguage":"fr-FR","@id":"https:\/\/www.heinen-doors.com\/fr\/#\/schema\/logo\/image\/","url":"https:\/\/www.heinen-doors.com\/wp-content\/uploads\/2017\/05\/logo-heinen.svg","contentUrl":"https:\/\/www.heinen-doors.com\/wp-content\/uploads\/2017\/05\/logo-heinen.svg","width":1,"height":1,"caption":"Heinen S.A."},"image":{"@id":"https:\/\/www.heinen-doors.com\/fr\/#\/schema\/logo\/image\/"},"sameAs":["https:\/\/www.linkedin.com\/company-beta\/5359788\/","https:\/\/www.youtube.com\/channel\/UCFngSniJBVon9jL54LtQxNQ"]}]}},"_links":{"self":[{"href":"https:\/\/www.heinen-doors.com\/fr\/wp-json\/wp\/v2\/pages\/28382","targetHints":{"allow":["GET"]}}],"collection":[{"href":"https:\/\/www.heinen-doors.com\/fr\/wp-json\/wp\/v2\/pages"}],"about":[{"href":"https:\/\/www.heinen-doors.com\/fr\/wp-json\/wp\/v2\/types\/page"}],"author":[{"embeddable":true,"href":"https:\/\/www.heinen-doors.com\/fr\/wp-json\/wp\/v2\/users\/2359"}],"replies":[{"embeddable":true,"href":"https:\/\/www.heinen-doors.com\/fr\/wp-json\/wp\/v2\/comments?post=28382"}],"version-history":[{"count":0,"href":"https:\/\/www.heinen-doors.com\/fr\/wp-json\/wp\/v2\/pages\/28382\/revisions"}],"wp:attachment":[{"href":"https:\/\/www.heinen-doors.com\/fr\/wp-json\/wp\/v2\/media?parent=28382"}],"curies":[{"name":"wp","href":"https:\/\/api.w.org\/{rel}","templated":true}]}}