{"id":13448,"date":"2021-06-09T11:16:56","date_gmt":"2021-06-09T09:16:56","guid":{"rendered":"https:\/\/heinen-doors.com\/?page_id=13448"},"modified":"2025-01-16T15:48:52","modified_gmt":"2025-01-16T14:48:52","slug":"cahier-des-charges-et-objets-bim","status":"publish","type":"page","link":"https:\/\/www.heinen-doors.com\/fr\/cahier-des-charges-et-objets-bim\/","title":{"rendered":"Cahier des charges et objets BIM"},"content":{"rendered":"<div class=\"relative full page-title\" style=\"background: linear-gradient(45deg, #eef4f7, white);\">\n\t<div class=\"container\">\n\t\t<div class=\" max-w-[640px] text-center py-24 mx-auto\">\n\t\t\t<h1 class=\"center\">Cahier des charges et configurateur BIM<\/h1>\n\t\t<\/div>\n\t<\/div>\n<\/div>\n\n\n\n\t<div class=\"full\">\n\t\t<div class=\"container flex flex-col gap-4\">\n\t\t\t<div class=\"flex flex-wrap items-start justify-between gap-4\">\n\t\t\t\t\t\t\t\t\t<h1 class=\"mt-0 \">T\u00e9l\u00e9chargez nos cahiers des charges<\/h1>\n\t\t\t\t\t\t\t<\/div>\n\n\t\t\t<div class=\"grid md:grid-cols-[450px_1fr] gap-8\">\n\n\t\t\t\t\t\t\t\t\t<div class=\"relative\">\n\t\t\t\t\t\t<figure class=\"overflow-hidden\">\n\t\t\t\t\t\t\t<img decoding=\"async\" width=\"1920\" height=\"1280\" src=\"https:\/\/www.heinen-doors.com\/wp-content\/uploads\/2021\/06\/architecture-1857175_1920.jpg\" class=\"w-full h-auto object-cover\" alt=\"Plan d&#039;architecte\" srcset=\"https:\/\/www.heinen-doors.com\/wp-content\/uploads\/2021\/06\/architecture-1857175_1920.jpg 1920w, https:\/\/www.heinen-doors.com\/wp-content\/uploads\/2021\/06\/architecture-1857175_1920-450x300.jpg 450w, https:\/\/www.heinen-doors.com\/wp-content\/uploads\/2021\/06\/architecture-1857175_1920-320x213.jpg 320w, https:\/\/www.heinen-doors.com\/wp-content\/uploads\/2021\/06\/architecture-1857175_1920-768x512.jpg 768w, https:\/\/www.heinen-doors.com\/wp-content\/uploads\/2021\/06\/architecture-1857175_1920-1536x1024.jpg 1536w, https:\/\/www.heinen-doors.com\/wp-content\/uploads\/2021\/06\/architecture-1857175_1920-478x319.jpg 478w\" sizes=\"(max-width: 1920px) 100vw, 1920px\" \/>\n\t\t\t\t\t\t<\/figure>\n\t\t\t\t\t<\/div>\n\t\t\t\t\n\t\t\t\t<div>\n\t\t\t\t\t\t\t\t\t\t\t<div class=\"prose text-secondary \">\n\t\t\t\t\t\t\t<p>Vous recherchez une collaboration professionnelle pour int\u00e9grer la s\u00e9curit\u00e9 dans vos projets d\u00e8s la r\u00e9daction du cahier des charges ou de l\u2019appel d\u2019offre.<br \/>\nL\u2019\u00e9quipe des ing\u00e9nieurs commerciaux de Heinen \u00e9tudie avec vous, en amont, la faisabilit\u00e9 technique.<\/p>\n<p><strong>D\u00e9cideur, Ma\u00eetre d\u2019ouvrage ?<\/strong> Vous cherchez les solutions les plus adapt\u00e9es au cadre r\u00e9glementaire, l\u00e9gal et p\u00e9nal.<\/p>\n<p><strong>Responsable de la s\u00e9curit\u00e9 ?<\/strong> Vous cherchez la s\u00e9r\u00e9nit\u00e9 et un niveau de s\u00e9curit\u00e9 optimal, garanti dans le temps.<\/p>\n<p><strong>Architecte ? Prescripteur ?<\/strong> Vous cherchez une collaboration professionnelle pour int\u00e9grer la s\u00e9curit\u00e9 dans vos projets, d\u00e8s le stade de l\u2019esquisse.<\/p>\n<p><strong>Entrepreneur du b\u00e2timent ?<\/strong> Vous cherchez une gamme de produits reconnus et un soutien sans faille jusqu\u2019\u00e0 la r\u00e9ception des travaux.<\/p>\n<p>T\u00e9l\u00e9chargez les cahiers des charges des portes Heinen en format MS Word.<\/p>\n\n\t\t\t\t\t\t<\/div>\n\t\t\t\t\t\n\t\t\t\t\t\t\t\t\t<\/div>\n\t\t\t<\/div>\n\t\t<\/div>\n\t<\/div>\n\n\n<div class=\"default\">\n\t<div class=\"container\">\n\t\t\t\t\t\t\t<div class=\"grid grid-cols-2 gap-4 md:grid-cols-4 lg:grid-cols-5\">\n\t\t\t\t\t\t\t\t\t<div class=\"p-4 shadow-lg document-item rounded-xl\">\n\t\t\t\t\t\t<div class=\"flex flex-col items-center\">\n\t\t\t\t\t\t\t\t\t\t\t\t\t\t\t<figure class=\"w-full h-auto overflow-hidden\">\n\t\t\t\t\t\t\t\t\t<img decoding=\"async\" width=\"596\" height=\"842\" src=\"https:\/\/www.heinen-doors.com\/wp-content\/uploads\/1970\/01\/Cahier-charges-battantes-FR.jpg\" class=\"w-full h-full object-contain mb-4 block\" alt=\"Cahier-charges-battantes-FR\" id=\"\" loading=\"lazy\" srcset=\"https:\/\/www.heinen-doors.com\/wp-content\/uploads\/1970\/01\/Cahier-charges-battantes-FR.jpg 596w, https:\/\/www.heinen-doors.com\/wp-content\/uploads\/1970\/01\/Cahier-charges-battantes-FR-319x450.jpg 319w, https:\/\/www.heinen-doors.com\/wp-content\/uploads\/1970\/01\/Cahier-charges-battantes-FR-227x320.jpg 227w, https:\/\/www.heinen-doors.com\/wp-content\/uploads\/1970\/01\/Cahier-charges-battantes-FR-478x675.jpg 478w\" sizes=\"auto, (max-width: 596px) 100vw, 596px\" \/>\n\t\t\t\t\t\t\t\t<\/figure>\n\t\t\t\t\t\t\t\n\t\t\t\t\t\t\t<h3 class=\"text-base font-bold text-center\">SPHE 0000 | Cahier des charges &#8211; Portes battantes huisserie scell\u00e9e<\/h3>\n\n\t\t\t\t\t\t\t\t\t\t\t\t\t\t\t<div class=\"mt-2\">\n\t\t\t\t\t\t\t\t\t\n\n\n\t\n\n<!-- parse-ignore-start -->\n<a  href=\"https:\/\/www.heinen-doors.com\/fr\/\/?wpdmdl=2759&#038;ind=1689836697449\" class=\"group gap-2 border-2 rounded-3xl justify-center items-center w-full xs:w-auto inline-flex px-3 sm:px-6 py-3 space-x-1 leading-6 transition duration-150 ease-in-out group-transparent  transparent  btn-download text-sm  bg-transparent border-primary hover:bg-primary-50 font-bold text-primary hover:text-primary\"  target=\"_blank\">\n\tT\u00e9l\u00e9charger\n\t\n\t\n\t<!-- temp -->\n\t<svg class=\"hidden group-hover:block\" xmlns=\"http:\/\/www.w3.org\/2000\/svg\" width=\"16\" height=\"10\" viewBox=\"0 0 16 10\" fill=\"none\">\n<path d=\"M1.00016 5.08329L15 5.08329M15 5.08329L10.9167 9.16657M15 5.08329L10.9167 1\" stroke=\"#004059\" stroke-width=\"1.5\" stroke-linecap=\"round\" stroke-linejoin=\"round\"\/>\n<\/svg>\n\t\n<\/a>\n<!-- parse-ignore-end -->\n\t\t\t\t\t\t\t\t<\/div>\n\t\t\t\t\t\t\t\t\t\t\t\t\t<\/div>\n\t\t\t\t\t<\/div>\n\t\t\t\t\t\t\t\t\t<div class=\"p-4 shadow-lg document-item rounded-xl\">\n\t\t\t\t\t\t<div class=\"flex flex-col items-center\">\n\t\t\t\t\t\t\t\t\t\t\t\t\t\t\t<figure class=\"w-full h-auto overflow-hidden\">\n\t\t\t\t\t\t\t\t\t<img decoding=\"async\" width=\"596\" height=\"842\" src=\"https:\/\/www.heinen-doors.com\/wp-content\/uploads\/2023\/07\/Cahier-charges-battantes-vissees-FR.jpg\" class=\"w-full h-full object-contain mb-4 block\" alt=\"Cahier-charges-battantes-vissees-FR\" id=\"\" loading=\"lazy\" srcset=\"https:\/\/www.heinen-doors.com\/wp-content\/uploads\/2023\/07\/Cahier-charges-battantes-vissees-FR.jpg 596w, https:\/\/www.heinen-doors.com\/wp-content\/uploads\/2023\/07\/Cahier-charges-battantes-vissees-FR-319x450.jpg 319w, https:\/\/www.heinen-doors.com\/wp-content\/uploads\/2023\/07\/Cahier-charges-battantes-vissees-FR-227x320.jpg 227w, https:\/\/www.heinen-doors.com\/wp-content\/uploads\/2023\/07\/Cahier-charges-battantes-vissees-FR-478x675.jpg 478w\" sizes=\"auto, (max-width: 596px) 100vw, 596px\" \/>\n\t\t\t\t\t\t\t\t<\/figure>\n\t\t\t\t\t\t\t\n\t\t\t\t\t\t\t<h3 class=\"text-base font-bold text-center\">SPHE 0100 | Cahier des charges &#8211; Portes battantes huisserie viss\u00e9e<\/h3>\n\n\t\t\t\t\t\t\t\t\t\t\t\t\t\t\t<div class=\"mt-2\">\n\t\t\t\t\t\t\t\t\t\n\n\n\t\n\n<!-- parse-ignore-start -->\n<a  href=\"https:\/\/www.heinen-doors.com\/fr\/\/?wpdmdl=26639&#038;ind=1696321756152\" class=\"group gap-2 border-2 rounded-3xl justify-center items-center w-full xs:w-auto inline-flex px-3 sm:px-6 py-3 space-x-1 leading-6 transition duration-150 ease-in-out group-transparent  transparent  btn-download text-sm  bg-transparent border-primary hover:bg-primary-50 font-bold text-primary hover:text-primary\"  target=\"_blank\">\n\tT\u00e9l\u00e9charger\n\t\n\t\n\t<!-- temp -->\n\t<svg class=\"hidden group-hover:block\" xmlns=\"http:\/\/www.w3.org\/2000\/svg\" width=\"16\" height=\"10\" viewBox=\"0 0 16 10\" fill=\"none\">\n<path d=\"M1.00016 5.08329L15 5.08329M15 5.08329L10.9167 9.16657M15 5.08329L10.9167 1\" stroke=\"#004059\" stroke-width=\"1.5\" stroke-linecap=\"round\" stroke-linejoin=\"round\"\/>\n<\/svg>\n\t\n<\/a>\n<!-- parse-ignore-end -->\n\t\t\t\t\t\t\t\t<\/div>\n\t\t\t\t\t\t\t\t\t\t\t\t\t<\/div>\n\t\t\t\t\t<\/div>\n\t\t\t\t\t\t\t\t\t<div class=\"p-4 shadow-lg document-item rounded-xl\">\n\t\t\t\t\t\t<div class=\"flex flex-col items-center\">\n\t\t\t\t\t\t\t\t\t\t\t\t\t\t\t<figure class=\"w-full h-auto overflow-hidden\">\n\t\t\t\t\t\t\t\t\t<img decoding=\"async\" width=\"596\" height=\"842\" src=\"https:\/\/www.heinen-doors.com\/wp-content\/uploads\/2023\/07\/Cahier-charges-applique-FR.jpg\" class=\"w-full h-full object-contain mb-4 block\" alt=\"Cahier-charges-applique-FR\" id=\"\" loading=\"lazy\" srcset=\"https:\/\/www.heinen-doors.com\/wp-content\/uploads\/2023\/07\/Cahier-charges-applique-FR.jpg 596w, https:\/\/www.heinen-doors.com\/wp-content\/uploads\/2023\/07\/Cahier-charges-applique-FR-319x450.jpg 319w, https:\/\/www.heinen-doors.com\/wp-content\/uploads\/2023\/07\/Cahier-charges-applique-FR-227x320.jpg 227w, https:\/\/www.heinen-doors.com\/wp-content\/uploads\/2023\/07\/Cahier-charges-applique-FR-478x675.jpg 478w\" sizes=\"auto, (max-width: 596px) 100vw, 596px\" \/>\n\t\t\t\t\t\t\t\t<\/figure>\n\t\t\t\t\t\t\t\n\t\t\t\t\t\t\t<h3 class=\"text-base font-bold text-center\">SPHE 0200 | Cahier des charges &#8211; Portes battantes huisserie en applique<\/h3>\n\n\t\t\t\t\t\t\t\t\t\t\t\t\t\t\t<div class=\"mt-2\">\n\t\t\t\t\t\t\t\t\t\n\n\n\t\n\n<!-- parse-ignore-start -->\n<a  href=\"https:\/\/www.heinen-doors.com\/fr\/\/?wpdmdl=26681&#038;ind=1689844132792\" class=\"group gap-2 border-2 rounded-3xl justify-center items-center w-full xs:w-auto inline-flex px-3 sm:px-6 py-3 space-x-1 leading-6 transition duration-150 ease-in-out group-transparent  transparent  btn-download text-sm  bg-transparent border-primary hover:bg-primary-50 font-bold text-primary hover:text-primary\"  target=\"_blank\">\n\tT\u00e9l\u00e9charger\n\t\n\t\n\t<!-- temp -->\n\t<svg class=\"hidden group-hover:block\" xmlns=\"http:\/\/www.w3.org\/2000\/svg\" width=\"16\" height=\"10\" viewBox=\"0 0 16 10\" fill=\"none\">\n<path d=\"M1.00016 5.08329L15 5.08329M15 5.08329L10.9167 9.16657M15 5.08329L10.9167 1\" stroke=\"#004059\" stroke-width=\"1.5\" stroke-linecap=\"round\" stroke-linejoin=\"round\"\/>\n<\/svg>\n\t\n<\/a>\n<!-- parse-ignore-end -->\n\t\t\t\t\t\t\t\t<\/div>\n\t\t\t\t\t\t\t\t\t\t\t\t\t<\/div>\n\t\t\t\t\t<\/div>\n\t\t\t\t\t\t\t\t\t<div class=\"p-4 shadow-lg document-item rounded-xl\">\n\t\t\t\t\t\t<div class=\"flex flex-col items-center\">\n\t\t\t\t\t\t\t\t\t\t\t\t\t\t\t<figure class=\"w-full h-auto overflow-hidden\">\n\t\t\t\t\t\t\t\t\t<img decoding=\"async\" width=\"596\" height=\"842\" src=\"https:\/\/www.heinen-doors.com\/wp-content\/uploads\/1970\/01\/Cahier-charges-va-vient-FR.jpg\" class=\"w-full h-full object-contain mb-4 block\" alt=\"Cahier-charges-va-vient-FR\" id=\"\" loading=\"lazy\" srcset=\"https:\/\/www.heinen-doors.com\/wp-content\/uploads\/1970\/01\/Cahier-charges-va-vient-FR.jpg 596w, https:\/\/www.heinen-doors.com\/wp-content\/uploads\/1970\/01\/Cahier-charges-va-vient-FR-319x450.jpg 319w, https:\/\/www.heinen-doors.com\/wp-content\/uploads\/1970\/01\/Cahier-charges-va-vient-FR-227x320.jpg 227w, https:\/\/www.heinen-doors.com\/wp-content\/uploads\/1970\/01\/Cahier-charges-va-vient-FR-478x675.jpg 478w\" sizes=\"auto, (max-width: 596px) 100vw, 596px\" \/>\n\t\t\t\t\t\t\t\t<\/figure>\n\t\t\t\t\t\t\t\n\t\t\t\t\t\t\t<h3 class=\"text-base font-bold text-center\">SPHE 0300 | Cahier des charges &#8211; Portes va-et-vient<\/h3>\n\n\t\t\t\t\t\t\t\t\t\t\t\t\t\t\t<div class=\"mt-2\">\n\t\t\t\t\t\t\t\t\t\n\n\n\t\n\n<!-- parse-ignore-start -->\n<a  href=\"https:\/\/www.heinen-doors.com\/fr\/\/?wpdmdl=2760&#038;ind=1696322620751\" class=\"group gap-2 border-2 rounded-3xl justify-center items-center w-full xs:w-auto inline-flex px-3 sm:px-6 py-3 space-x-1 leading-6 transition duration-150 ease-in-out group-transparent  transparent  btn-download text-sm  bg-transparent border-primary hover:bg-primary-50 font-bold text-primary hover:text-primary\"  target=\"_blank\">\n\tT\u00e9l\u00e9charger\n\t\n\t\n\t<!-- temp -->\n\t<svg class=\"hidden group-hover:block\" xmlns=\"http:\/\/www.w3.org\/2000\/svg\" width=\"16\" height=\"10\" viewBox=\"0 0 16 10\" fill=\"none\">\n<path d=\"M1.00016 5.08329L15 5.08329M15 5.08329L10.9167 9.16657M15 5.08329L10.9167 1\" stroke=\"#004059\" stroke-width=\"1.5\" stroke-linecap=\"round\" stroke-linejoin=\"round\"\/>\n<\/svg>\n\t\n<\/a>\n<!-- parse-ignore-end -->\n\t\t\t\t\t\t\t\t<\/div>\n\t\t\t\t\t\t\t\t\t\t\t\t\t<\/div>\n\t\t\t\t\t<\/div>\n\t\t\t\t\t\t\t<\/div>\n\t\t\t<\/div>\n<\/div>\n<div class=\"prose\">\n\n<h4>Qu\u2019est-ce que le BIM\u00a0?<\/h4>\n<p>Building Information Modeling. C\u2019est la gestion d\u2019un projet de construction par le biais d\u2019une maquette num\u00e9rique 3D contenant une multitude d\u2019objets (tel que des portes, des fa\u00e7ades, de tuyaux, etc. \u2026). Elle a pour but essentiel le partage d\u2019informations entre divers intervenants du chantier (concepteur du projet, fabricant de produit, installateur). Elle permet de calculer les quantit\u00e9s et co\u00fbts d\u2019une part et d\u2019autre part \u00e9viter les conflits.<\/p>\n<p>Vous d\u00e9sirez configurer vos portes sur mesure avec des cumuls de performances? Vous voulez t\u00e9l\u00e9chargez des Objets BIM aux divers format?<\/p>\n<p>Heinen Doors met \u00e0 disposition de ces partenaires, de ses clients et utilisateurs de ces portes un outil de configuration de portes Heinen permettant de t\u00e9l\u00e9charger sa configuration aux divers formats tel que Revit, IFC, CAD, dxf.<\/p>\n<p>Notre configurateur BIM fournit des informations que vous pouvez utiliser lorsque vous recherchez une porte Heinen. Vu la multitude et la complexit\u00e9 des configurations disponibles, Heinen Doors Belgium ne peut offrir qu\u2019une partie de sa gamme via son configurateur BIM. Les informations figurant sur ce configurateur sont uniquement destin\u00e9es \u00e0 des fins d&rsquo;information g\u00e9n\u00e9rale. Aucun droit ne peut \u00eatre tir\u00e9 des informations contenues dans ce configurateur. Bien que Heinen Doors Belgium apporte le soin n\u00e9cessaire \u00e0 la compilation et \u00e0 la maintenance de cet outil, Heinen Doors Belgium ne peut garantir et rejette toute responsabilit\u00e9 en ce qui concerne l&rsquo;exactitude, l&rsquo;exhaustivit\u00e9 et l&rsquo;actualit\u00e9 des informations fournies.<\/p>\n<p>Heinen Doors Belgium ne peut pas non plus garantir que le configurateur fonctionnera sans erreurs ni interruptions.<\/p>\n\n<div id=\"attachment_17406\" style=\"width: 248px\" class=\"wp-caption alignright\"><a href=\"https:\/\/bcb-online.nl\/?zoekterm=Heinen+-+Metal+Plus\"><img decoding=\"async\" aria-describedby=\"caption-attachment-17406\" class=\"wp-image-17406\" src=\"https:\/\/www.heinen-doors.com\/wp-content\/uploads\/2021\/08\/BouwConnect_logo_Bibliotheek-450x78.jpg\" alt=\"link to bouwconnect bibliotheek\" width=\"238\" height=\"41\" srcset=\"https:\/\/www.heinen-doors.com\/wp-content\/uploads\/2021\/08\/BouwConnect_logo_Bibliotheek-450x78.jpg 450w, https:\/\/www.heinen-doors.com\/wp-content\/uploads\/2021\/08\/BouwConnect_logo_Bibliotheek-1920x334.jpg 1920w, https:\/\/www.heinen-doors.com\/wp-content\/uploads\/2021\/08\/BouwConnect_logo_Bibliotheek-320x56.jpg 320w, https:\/\/www.heinen-doors.com\/wp-content\/uploads\/2021\/08\/BouwConnect_logo_Bibliotheek-768x134.jpg 768w, https:\/\/www.heinen-doors.com\/wp-content\/uploads\/2021\/08\/BouwConnect_logo_Bibliotheek-1536x267.jpg 1536w, https:\/\/www.heinen-doors.com\/wp-content\/uploads\/2021\/08\/BouwConnect_logo_Bibliotheek-478x83.jpg 478w, https:\/\/www.heinen-doors.com\/wp-content\/uploads\/2021\/08\/BouwConnect_logo_Bibliotheek.jpg 2048w\" sizes=\"(max-width: 238px) 100vw, 238px\" \/><\/a><p id=\"caption-attachment-17406\" class=\"wp-caption-text\">Powered by Bouwconnect<\/p><\/div>\n<h2>Configurateur BIM<\/h2>\n<p><iframe src=\"https:\/\/heinen.bimservice.bouwconnect.nl\/fab-filters\/fr\" height=\"900\"><\/iframe><\/p><\/div>","protected":false},"excerpt":{"rendered":"<p>Qu\u2019est-ce que le BIM\u00a0? Building Information Modeling. C\u2019est la gestion d\u2019un projet de construction par le biais d\u2019une maquette num\u00e9rique 3D contenant une multitude d\u2019objets (tel que des portes, des fa\u00e7ades, de tuyaux, etc. \u2026). Elle a pour but essentiel le partage d\u2019informations entre divers intervenants du chantier (concepteur du projet, fabricant de produit, installateur). [&hellip;]<\/p>\n","protected":false},"author":1379,"featured_media":13731,"parent":0,"menu_order":0,"comment_status":"closed","ping_status":"closed","template":"","meta":{"_acf_changed":false,"inline_featured_image":false,"footnotes":""},"class_list":["post-13448","page","type-page","status-publish","has-post-thumbnail","hentry"],"acf":[],"yoast_head":"<!-- This site is optimized with the Yoast SEO plugin v27.1.1 - https:\/\/yoast.com\/product\/yoast-seo-wordpress\/ -->\n<title>Cahiers des charges et objets BIM porte coupe-feu en acier | Heinen<\/title>\n<meta name=\"description\" content=\"Cr\u00e9ez et t\u00e9l\u00e9chargez un cahier des charges et un objet BIM sur mesure avec le configurateur de Heinen. pour les portes coupe-feu, anti-effraction et mixtes.\" \/>\n<meta name=\"robots\" content=\"index, follow, max-snippet:-1, max-image-preview:large, max-video-preview:-1\" \/>\n<link rel=\"canonical\" href=\"https:\/\/www.heinen-doors.com\/fr\/cahier-des-charges-et-objets-bim\/\" \/>\n<meta property=\"og:locale\" content=\"fr_FR\" \/>\n<meta property=\"og:type\" content=\"article\" \/>\n<meta property=\"og:title\" content=\"Cahiers des charges et objets BIM porte coupe-feu en acier | Heinen\" \/>\n<meta property=\"og:description\" content=\"Cr\u00e9ez et t\u00e9l\u00e9chargez un cahier des charges et un objet BIM sur mesure avec le configurateur de Heinen. pour les portes coupe-feu, anti-effraction et mixtes.\" \/>\n<meta property=\"og:url\" content=\"https:\/\/www.heinen-doors.com\/fr\/cahier-des-charges-et-objets-bim\/\" \/>\n<meta property=\"og:site_name\" content=\"Heinen Doors\" \/>\n<meta property=\"article:modified_time\" content=\"2025-01-16T14:48:52+00:00\" \/>\n<meta property=\"og:image\" content=\"https:\/\/www.heinen-doors.com\/wp-content\/uploads\/2021\/06\/architecture-1857175_1920.jpg\" \/>\n\t<meta property=\"og:image:width\" content=\"1920\" \/>\n\t<meta property=\"og:image:height\" content=\"1280\" \/>\n\t<meta property=\"og:image:type\" content=\"image\/jpeg\" \/>\n<meta name=\"twitter:card\" content=\"summary_large_image\" \/>\n<meta name=\"twitter:label1\" content=\"Dur\u00e9e de lecture estim\u00e9e\" \/>\n\t<meta name=\"twitter:data1\" content=\"3 minutes\" \/>\n<script type=\"application\/ld+json\" class=\"yoast-schema-graph\">{\"@context\":\"https:\/\/schema.org\",\"@graph\":[{\"@type\":\"WebPage\",\"@id\":\"https:\/\/www.heinen-doors.com\/fr\/cahier-des-charges-et-objets-bim\/\",\"url\":\"https:\/\/www.heinen-doors.com\/fr\/cahier-des-charges-et-objets-bim\/\",\"name\":\"Cahiers des charges et objets BIM porte coupe-feu en acier | Heinen\",\"isPartOf\":{\"@id\":\"https:\/\/www.heinen-doors.com\/fr\/#website\"},\"primaryImageOfPage\":{\"@id\":\"https:\/\/www.heinen-doors.com\/fr\/cahier-des-charges-et-objets-bim\/#primaryimage\"},\"image\":{\"@id\":\"https:\/\/www.heinen-doors.com\/fr\/cahier-des-charges-et-objets-bim\/#primaryimage\"},\"thumbnailUrl\":\"https:\/\/www.heinen-doors.com\/wp-content\/uploads\/2021\/06\/architecture-1857175_1920.jpg\",\"datePublished\":\"2021-06-09T09:16:56+00:00\",\"dateModified\":\"2025-01-16T14:48:52+00:00\",\"description\":\"Cr\u00e9ez et t\u00e9l\u00e9chargez un cahier des charges et un objet BIM sur mesure avec le configurateur de Heinen. pour les portes coupe-feu, anti-effraction et mixtes.\",\"breadcrumb\":{\"@id\":\"https:\/\/www.heinen-doors.com\/fr\/cahier-des-charges-et-objets-bim\/#breadcrumb\"},\"inLanguage\":\"fr-FR\",\"potentialAction\":[{\"@type\":\"ReadAction\",\"target\":[\"https:\/\/www.heinen-doors.com\/fr\/cahier-des-charges-et-objets-bim\/\"]}]},{\"@type\":\"ImageObject\",\"inLanguage\":\"fr-FR\",\"@id\":\"https:\/\/www.heinen-doors.com\/fr\/cahier-des-charges-et-objets-bim\/#primaryimage\",\"url\":\"https:\/\/www.heinen-doors.com\/wp-content\/uploads\/2021\/06\/architecture-1857175_1920.jpg\",\"contentUrl\":\"https:\/\/www.heinen-doors.com\/wp-content\/uploads\/2021\/06\/architecture-1857175_1920.jpg\",\"width\":1920,\"height\":1280,\"caption\":\"Plan d'architecte\"},{\"@type\":\"BreadcrumbList\",\"@id\":\"https:\/\/www.heinen-doors.com\/fr\/cahier-des-charges-et-objets-bim\/#breadcrumb\",\"itemListElement\":[{\"@type\":\"ListItem\",\"position\":1,\"name\":\"Heinen\",\"item\":\"https:\/\/www.heinen-doors.com\/fr\/\"},{\"@type\":\"ListItem\",\"position\":2,\"name\":\"Cahier des charges et objets BIM\"}]},{\"@type\":\"WebSite\",\"@id\":\"https:\/\/www.heinen-doors.com\/fr\/#website\",\"url\":\"https:\/\/www.heinen-doors.com\/fr\/\",\"name\":\"Heinen Doors\",\"description\":\"Service &amp; technologie pour votre s\u00e9curit\u00e9\",\"publisher\":{\"@id\":\"https:\/\/www.heinen-doors.com\/fr\/#organization\"},\"potentialAction\":[{\"@type\":\"SearchAction\",\"target\":{\"@type\":\"EntryPoint\",\"urlTemplate\":\"https:\/\/www.heinen-doors.com\/fr\/?s={search_term_string}\"},\"query-input\":{\"@type\":\"PropertyValueSpecification\",\"valueRequired\":true,\"valueName\":\"search_term_string\"}}],\"inLanguage\":\"fr-FR\"},{\"@type\":\"Organization\",\"@id\":\"https:\/\/www.heinen-doors.com\/fr\/#organization\",\"name\":\"Heinen S.A.\",\"url\":\"https:\/\/www.heinen-doors.com\/fr\/\",\"logo\":{\"@type\":\"ImageObject\",\"inLanguage\":\"fr-FR\",\"@id\":\"https:\/\/www.heinen-doors.com\/fr\/#\/schema\/logo\/image\/\",\"url\":\"https:\/\/www.heinen-doors.com\/wp-content\/uploads\/2017\/05\/logo-heinen.svg\",\"contentUrl\":\"https:\/\/www.heinen-doors.com\/wp-content\/uploads\/2017\/05\/logo-heinen.svg\",\"width\":1,\"height\":1,\"caption\":\"Heinen S.A.\"},\"image\":{\"@id\":\"https:\/\/www.heinen-doors.com\/fr\/#\/schema\/logo\/image\/\"},\"sameAs\":[\"https:\/\/www.linkedin.com\/company-beta\/5359788\/\",\"https:\/\/www.youtube.com\/channel\/UCFngSniJBVon9jL54LtQxNQ\"]}]}<\/script>\n<!-- \/ Yoast SEO plugin. -->","yoast_head_json":{"title":"Cahiers des charges et objets BIM porte coupe-feu en acier | Heinen","description":"Cr\u00e9ez et t\u00e9l\u00e9chargez un cahier des charges et un objet BIM sur mesure avec le configurateur de Heinen. pour les portes coupe-feu, anti-effraction et mixtes.","robots":{"index":"index","follow":"follow","max-snippet":"max-snippet:-1","max-image-preview":"max-image-preview:large","max-video-preview":"max-video-preview:-1"},"canonical":"https:\/\/www.heinen-doors.com\/fr\/cahier-des-charges-et-objets-bim\/","og_locale":"fr_FR","og_type":"article","og_title":"Cahiers des charges et objets BIM porte coupe-feu en acier | Heinen","og_description":"Cr\u00e9ez et t\u00e9l\u00e9chargez un cahier des charges et un objet BIM sur mesure avec le configurateur de Heinen. pour les portes coupe-feu, anti-effraction et mixtes.","og_url":"https:\/\/www.heinen-doors.com\/fr\/cahier-des-charges-et-objets-bim\/","og_site_name":"Heinen Doors","article_modified_time":"2025-01-16T14:48:52+00:00","og_image":[{"width":1920,"height":1280,"url":"https:\/\/www.heinen-doors.com\/wp-content\/uploads\/2021\/06\/architecture-1857175_1920.jpg","type":"image\/jpeg"}],"twitter_card":"summary_large_image","twitter_misc":{"Dur\u00e9e de lecture estim\u00e9e":"3 minutes"},"schema":{"@context":"https:\/\/schema.org","@graph":[{"@type":"WebPage","@id":"https:\/\/www.heinen-doors.com\/fr\/cahier-des-charges-et-objets-bim\/","url":"https:\/\/www.heinen-doors.com\/fr\/cahier-des-charges-et-objets-bim\/","name":"Cahiers des charges et objets BIM porte coupe-feu en acier | Heinen","isPartOf":{"@id":"https:\/\/www.heinen-doors.com\/fr\/#website"},"primaryImageOfPage":{"@id":"https:\/\/www.heinen-doors.com\/fr\/cahier-des-charges-et-objets-bim\/#primaryimage"},"image":{"@id":"https:\/\/www.heinen-doors.com\/fr\/cahier-des-charges-et-objets-bim\/#primaryimage"},"thumbnailUrl":"https:\/\/www.heinen-doors.com\/wp-content\/uploads\/2021\/06\/architecture-1857175_1920.jpg","datePublished":"2021-06-09T09:16:56+00:00","dateModified":"2025-01-16T14:48:52+00:00","description":"Cr\u00e9ez et t\u00e9l\u00e9chargez un cahier des charges et un objet BIM sur mesure avec le configurateur de Heinen. pour les portes coupe-feu, anti-effraction et mixtes.","breadcrumb":{"@id":"https:\/\/www.heinen-doors.com\/fr\/cahier-des-charges-et-objets-bim\/#breadcrumb"},"inLanguage":"fr-FR","potentialAction":[{"@type":"ReadAction","target":["https:\/\/www.heinen-doors.com\/fr\/cahier-des-charges-et-objets-bim\/"]}]},{"@type":"ImageObject","inLanguage":"fr-FR","@id":"https:\/\/www.heinen-doors.com\/fr\/cahier-des-charges-et-objets-bim\/#primaryimage","url":"https:\/\/www.heinen-doors.com\/wp-content\/uploads\/2021\/06\/architecture-1857175_1920.jpg","contentUrl":"https:\/\/www.heinen-doors.com\/wp-content\/uploads\/2021\/06\/architecture-1857175_1920.jpg","width":1920,"height":1280,"caption":"Plan d'architecte"},{"@type":"BreadcrumbList","@id":"https:\/\/www.heinen-doors.com\/fr\/cahier-des-charges-et-objets-bim\/#breadcrumb","itemListElement":[{"@type":"ListItem","position":1,"name":"Heinen","item":"https:\/\/www.heinen-doors.com\/fr\/"},{"@type":"ListItem","position":2,"name":"Cahier des charges et objets BIM"}]},{"@type":"WebSite","@id":"https:\/\/www.heinen-doors.com\/fr\/#website","url":"https:\/\/www.heinen-doors.com\/fr\/","name":"Heinen Doors","description":"Service &amp; technologie pour votre s\u00e9curit\u00e9","publisher":{"@id":"https:\/\/www.heinen-doors.com\/fr\/#organization"},"potentialAction":[{"@type":"SearchAction","target":{"@type":"EntryPoint","urlTemplate":"https:\/\/www.heinen-doors.com\/fr\/?s={search_term_string}"},"query-input":{"@type":"PropertyValueSpecification","valueRequired":true,"valueName":"search_term_string"}}],"inLanguage":"fr-FR"},{"@type":"Organization","@id":"https:\/\/www.heinen-doors.com\/fr\/#organization","name":"Heinen S.A.","url":"https:\/\/www.heinen-doors.com\/fr\/","logo":{"@type":"ImageObject","inLanguage":"fr-FR","@id":"https:\/\/www.heinen-doors.com\/fr\/#\/schema\/logo\/image\/","url":"https:\/\/www.heinen-doors.com\/wp-content\/uploads\/2017\/05\/logo-heinen.svg","contentUrl":"https:\/\/www.heinen-doors.com\/wp-content\/uploads\/2017\/05\/logo-heinen.svg","width":1,"height":1,"caption":"Heinen S.A."},"image":{"@id":"https:\/\/www.heinen-doors.com\/fr\/#\/schema\/logo\/image\/"},"sameAs":["https:\/\/www.linkedin.com\/company-beta\/5359788\/","https:\/\/www.youtube.com\/channel\/UCFngSniJBVon9jL54LtQxNQ"]}]}},"_links":{"self":[{"href":"https:\/\/www.heinen-doors.com\/fr\/wp-json\/wp\/v2\/pages\/13448","targetHints":{"allow":["GET"]}}],"collection":[{"href":"https:\/\/www.heinen-doors.com\/fr\/wp-json\/wp\/v2\/pages"}],"about":[{"href":"https:\/\/www.heinen-doors.com\/fr\/wp-json\/wp\/v2\/types\/page"}],"author":[{"embeddable":true,"href":"https:\/\/www.heinen-doors.com\/fr\/wp-json\/wp\/v2\/users\/1379"}],"replies":[{"embeddable":true,"href":"https:\/\/www.heinen-doors.com\/fr\/wp-json\/wp\/v2\/comments?post=13448"}],"version-history":[{"count":0,"href":"https:\/\/www.heinen-doors.com\/fr\/wp-json\/wp\/v2\/pages\/13448\/revisions"}],"wp:featuredmedia":[{"embeddable":true,"href":"https:\/\/www.heinen-doors.com\/fr\/wp-json\/wp\/v2\/media\/13731"}],"wp:attachment":[{"href":"https:\/\/www.heinen-doors.com\/fr\/wp-json\/wp\/v2\/media?parent=13448"}],"curies":[{"name":"wp","href":"https:\/\/api.w.org\/{rel}","templated":true}]}}