{"id":2965,"date":"2017-02-02T12:17:04","date_gmt":"2017-02-02T11:17:04","guid":{"rendered":"https:\/\/heinen-doors.com\/inscription-pro\/"},"modified":"2021-06-29T11:21:42","modified_gmt":"2021-06-29T09:21:42","slug":"registration-pro","status":"publish","type":"page","link":"https:\/\/www.heinen-doors.com\/en\/my-account\/registration-pro\/","title":{"rendered":"Registration for Pro downloads"},"content":{"rendered":"<div class=\"prose\">\n<h2>Download our technical documentation<\/h2>\n<p>Are you looking for a technical data sheet or an information sheet relating to one of our products? We make our technical documentation available for free download to professionals.<\/p>\n<p>Immediately after your registration, these files will be accessible with a single click:<\/p>\n<ul>\n<li>specifications<\/li>\n<li> BIM objects<\/li>\n<li>product sheets<\/li>\n<li>technical documentation<\/li>\n<\/ul>\n<p>All you have to do is fill in your contact details opposite and our document library will be at your disposal.<\/p><\/div>\n","protected":false},"excerpt":{"rendered":"<p>Download our technical documentation Are you looking for a technical data sheet or an information sheet relating to one of our products? We make our technical documentation available for free download to professionals. Immediately after your registration, these files will be accessible with a single click: specifications BIM objects product sheets technical documentation All you [&hellip;]<\/p>\n","protected":false},"author":1379,"featured_media":0,"parent":33664,"menu_order":0,"comment_status":"closed","ping_status":"closed","template":"page-inscription.php","meta":{"_acf_changed":false,"inline_featured_image":false,"footnotes":""},"class_list":["post-2965","page","type-page","status-publish","hentry"],"acf":[],"yoast_head":"<!-- This site is optimized with the Yoast SEO plugin v27.1.1 - https:\/\/yoast.com\/product\/yoast-seo-wordpress\/ -->\n<title>Registration for Pro downloads | My account | Heinen<\/title>\n<meta name=\"description\" content=\"Inscrivez-vous \u00e0 notre section de t\u00e9l\u00e9chargements techniques Pro.\" \/>\n<meta name=\"robots\" content=\"index, follow, max-snippet:-1, max-image-preview:large, max-video-preview:-1\" \/>\n<link rel=\"canonical\" href=\"https:\/\/www.heinen-doors.com\/en\/my-account\/registration-pro\/\" \/>\n<meta property=\"og:locale\" content=\"en_US\" \/>\n<meta property=\"og:type\" content=\"article\" \/>\n<meta property=\"og:title\" content=\"Registration for Pro downloads | My account | Heinen\" \/>\n<meta property=\"og:description\" content=\"Inscrivez-vous \u00e0 notre section de t\u00e9l\u00e9chargements techniques Pro.\" \/>\n<meta property=\"og:url\" content=\"https:\/\/www.heinen-doors.com\/en\/my-account\/registration-pro\/\" \/>\n<meta property=\"og:site_name\" content=\"Heinen\" \/>\n<meta property=\"article:modified_time\" content=\"2021-06-29T09:21:42+00:00\" \/>\n<meta property=\"og:image\" content=\"https:\/\/www.heinen-doors.com\/wp-content\/uploads\/2017\/05\/logo-heinen.png\" \/>\n\t<meta property=\"og:image:width\" content=\"910\" \/>\n\t<meta property=\"og:image:height\" content=\"856\" \/>\n\t<meta property=\"og:image:type\" content=\"image\/png\" \/>\n<meta name=\"twitter:card\" content=\"summary_large_image\" \/>\n<script type=\"application\/ld+json\" class=\"yoast-schema-graph\">{\"@context\":\"https:\/\/schema.org\",\"@graph\":[{\"@type\":\"WebPage\",\"@id\":\"https:\/\/www.heinen-doors.com\/en\/my-account\/registration-pro\/\",\"url\":\"https:\/\/www.heinen-doors.com\/en\/my-account\/registration-pro\/\",\"name\":\"Registration for Pro downloads | My account | Heinen\",\"isPartOf\":{\"@id\":\"https:\/\/www.heinen-doors.com\/en\/#website\"},\"datePublished\":\"2017-02-02T11:17:04+00:00\",\"dateModified\":\"2021-06-29T09:21:42+00:00\",\"description\":\"Inscrivez-vous \u00e0 notre section de t\u00e9l\u00e9chargements techniques Pro.\",\"breadcrumb\":{\"@id\":\"https:\/\/www.heinen-doors.com\/en\/my-account\/registration-pro\/#breadcrumb\"},\"inLanguage\":\"en-US\",\"potentialAction\":[{\"@type\":\"ReadAction\",\"target\":[\"https:\/\/www.heinen-doors.com\/en\/my-account\/registration-pro\/\"]}]},{\"@type\":\"BreadcrumbList\",\"@id\":\"https:\/\/www.heinen-doors.com\/en\/my-account\/registration-pro\/#breadcrumb\",\"itemListElement\":[{\"@type\":\"ListItem\",\"position\":1,\"name\":\"Heinen\",\"item\":\"https:\/\/www.heinen-doors.com\/en\/\"},{\"@type\":\"ListItem\",\"position\":2,\"name\":\"Registration for Pro downloads\"}]},{\"@type\":\"WebSite\",\"@id\":\"https:\/\/www.heinen-doors.com\/en\/#website\",\"url\":\"https:\/\/www.heinen-doors.com\/en\/\",\"name\":\"Heinen Doors\",\"description\":\"Service &amp; technologie pour votre s\u00e9curit\u00e9\",\"publisher\":{\"@id\":\"https:\/\/www.heinen-doors.com\/en\/#organization\"},\"potentialAction\":[{\"@type\":\"SearchAction\",\"target\":{\"@type\":\"EntryPoint\",\"urlTemplate\":\"https:\/\/www.heinen-doors.com\/en\/?s={search_term_string}\"},\"query-input\":{\"@type\":\"PropertyValueSpecification\",\"valueRequired\":true,\"valueName\":\"search_term_string\"}}],\"inLanguage\":\"en-US\"},{\"@type\":\"Organization\",\"@id\":\"https:\/\/www.heinen-doors.com\/en\/#organization\",\"name\":\"Heinen S.A.\",\"url\":\"https:\/\/www.heinen-doors.com\/en\/\",\"logo\":{\"@type\":\"ImageObject\",\"inLanguage\":\"en-US\",\"@id\":\"https:\/\/www.heinen-doors.com\/en\/#\/schema\/logo\/image\/\",\"url\":\"https:\/\/www.heinen-doors.com\/wp-content\/uploads\/2017\/05\/logo-heinen.svg\",\"contentUrl\":\"https:\/\/www.heinen-doors.com\/wp-content\/uploads\/2017\/05\/logo-heinen.svg\",\"width\":1,\"height\":1,\"caption\":\"Heinen S.A.\"},\"image\":{\"@id\":\"https:\/\/www.heinen-doors.com\/en\/#\/schema\/logo\/image\/\"},\"sameAs\":[\"https:\/\/www.linkedin.com\/company-beta\/5359788\/\",\"https:\/\/www.youtube.com\/channel\/UCFngSniJBVon9jL54LtQxNQ\"]}]}<\/script>\n<!-- \/ Yoast SEO plugin. -->","yoast_head_json":{"title":"Registration for Pro downloads | My account | Heinen","description":"Inscrivez-vous \u00e0 notre section de t\u00e9l\u00e9chargements techniques Pro.","robots":{"index":"index","follow":"follow","max-snippet":"max-snippet:-1","max-image-preview":"max-image-preview:large","max-video-preview":"max-video-preview:-1"},"canonical":"https:\/\/www.heinen-doors.com\/en\/my-account\/registration-pro\/","og_locale":"en_US","og_type":"article","og_title":"Registration for Pro downloads | My account | Heinen","og_description":"Inscrivez-vous \u00e0 notre section de t\u00e9l\u00e9chargements techniques Pro.","og_url":"https:\/\/www.heinen-doors.com\/en\/my-account\/registration-pro\/","og_site_name":"Heinen","article_modified_time":"2021-06-29T09:21:42+00:00","og_image":[{"width":910,"height":856,"url":"https:\/\/www.heinen-doors.com\/wp-content\/uploads\/2017\/05\/logo-heinen.png","type":"image\/png"}],"twitter_card":"summary_large_image","schema":{"@context":"https:\/\/schema.org","@graph":[{"@type":"WebPage","@id":"https:\/\/www.heinen-doors.com\/en\/my-account\/registration-pro\/","url":"https:\/\/www.heinen-doors.com\/en\/my-account\/registration-pro\/","name":"Registration for Pro downloads | My account | Heinen","isPartOf":{"@id":"https:\/\/www.heinen-doors.com\/en\/#website"},"datePublished":"2017-02-02T11:17:04+00:00","dateModified":"2021-06-29T09:21:42+00:00","description":"Inscrivez-vous \u00e0 notre section de t\u00e9l\u00e9chargements techniques Pro.","breadcrumb":{"@id":"https:\/\/www.heinen-doors.com\/en\/my-account\/registration-pro\/#breadcrumb"},"inLanguage":"en-US","potentialAction":[{"@type":"ReadAction","target":["https:\/\/www.heinen-doors.com\/en\/my-account\/registration-pro\/"]}]},{"@type":"BreadcrumbList","@id":"https:\/\/www.heinen-doors.com\/en\/my-account\/registration-pro\/#breadcrumb","itemListElement":[{"@type":"ListItem","position":1,"name":"Heinen","item":"https:\/\/www.heinen-doors.com\/en\/"},{"@type":"ListItem","position":2,"name":"Registration for Pro downloads"}]},{"@type":"WebSite","@id":"https:\/\/www.heinen-doors.com\/en\/#website","url":"https:\/\/www.heinen-doors.com\/en\/","name":"Heinen Doors","description":"Service &amp; technologie pour votre s\u00e9curit\u00e9","publisher":{"@id":"https:\/\/www.heinen-doors.com\/en\/#organization"},"potentialAction":[{"@type":"SearchAction","target":{"@type":"EntryPoint","urlTemplate":"https:\/\/www.heinen-doors.com\/en\/?s={search_term_string}"},"query-input":{"@type":"PropertyValueSpecification","valueRequired":true,"valueName":"search_term_string"}}],"inLanguage":"en-US"},{"@type":"Organization","@id":"https:\/\/www.heinen-doors.com\/en\/#organization","name":"Heinen S.A.","url":"https:\/\/www.heinen-doors.com\/en\/","logo":{"@type":"ImageObject","inLanguage":"en-US","@id":"https:\/\/www.heinen-doors.com\/en\/#\/schema\/logo\/image\/","url":"https:\/\/www.heinen-doors.com\/wp-content\/uploads\/2017\/05\/logo-heinen.svg","contentUrl":"https:\/\/www.heinen-doors.com\/wp-content\/uploads\/2017\/05\/logo-heinen.svg","width":1,"height":1,"caption":"Heinen S.A."},"image":{"@id":"https:\/\/www.heinen-doors.com\/en\/#\/schema\/logo\/image\/"},"sameAs":["https:\/\/www.linkedin.com\/company-beta\/5359788\/","https:\/\/www.youtube.com\/channel\/UCFngSniJBVon9jL54LtQxNQ"]}]}},"_links":{"self":[{"href":"https:\/\/www.heinen-doors.com\/en\/wp-json\/wp\/v2\/pages\/2965","targetHints":{"allow":["GET"]}}],"collection":[{"href":"https:\/\/www.heinen-doors.com\/en\/wp-json\/wp\/v2\/pages"}],"about":[{"href":"https:\/\/www.heinen-doors.com\/en\/wp-json\/wp\/v2\/types\/page"}],"author":[{"embeddable":true,"href":"https:\/\/www.heinen-doors.com\/en\/wp-json\/wp\/v2\/users\/1379"}],"replies":[{"embeddable":true,"href":"https:\/\/www.heinen-doors.com\/en\/wp-json\/wp\/v2\/comments?post=2965"}],"version-history":[{"count":0,"href":"https:\/\/www.heinen-doors.com\/en\/wp-json\/wp\/v2\/pages\/2965\/revisions"}],"up":[{"embeddable":true,"href":"https:\/\/www.heinen-doors.com\/en\/wp-json\/wp\/v2\/pages\/33664"}],"wp:attachment":[{"href":"https:\/\/www.heinen-doors.com\/en\/wp-json\/wp\/v2\/media?parent=2965"}],"curies":[{"name":"wp","href":"https:\/\/api.w.org\/{rel}","templated":true}]}}