{"id":9336,"date":"2019-11-19T10:46:05","date_gmt":"2019-11-19T09:46:05","guid":{"rendered":"https:\/\/heinen-doors.com\/datenschutzerklarung\/"},"modified":"2025-02-27T15:24:55","modified_gmt":"2025-02-27T14:24:55","slug":"datenschutzerklarung","status":"publish","type":"page","link":"https:\/\/www.heinen-doors.com\/de\/datenschutzerklarung\/","title":{"rendered":"Datenschutzerkl\u00e4rung"},"content":{"rendered":"<div class=\"prose\"><h2 id=\"cookie-notice\">Cookies<\/h2>\n<p>Unsere Website verwendet Cookies zur Optimierung der angebotenen Funktionen. Cookies sind Daten, die auf Ihrem Ger\u00e4t gespeichert werden und es der Website erlauben, zur Verbesserung der Navigation bestimmte Informationen von Ihnen zu speichern.<\/p>\n<p>Wir nutzen diverse Cookies f\u00fcr spezielle Zwecke:<\/p>\n<ul>\n<li><strong>Notwendige Cookies:<\/strong> Sie werden ben\u00f6tigt, damit bestimmte Funktionen auf der Website korrekt genutzt werden k\u00f6nnen. Diese Cookies sammeln keinerlei personenbezogene Daten.<\/li>\n<li><strong>Cloudflare-Cookies:<\/strong> Cloudflare ist ein CDN (Content Delivery Network), mit dem bestimmte Ressourcen, abh\u00e4ngig vom Standort des Benutzers, schneller bereitgestellt werden k\u00f6nnen. Damit der Benutzer individuell navigieren kann, erlaubt das Cookie von Cloudflare die Unterscheidung mehrerer Benutzer, die die gleiche IP-Adresse verwenden (z. B. vier Benutzer im WLAN eines Fast-Food-Restaurants). Dieses Cookie speichert keine personenbezogenen Daten, mit denen der Benutzer identifiziert werden kann.<\/li>\n<li><strong>Funktionale Cookies:<\/strong> Diese Cookies erm\u00f6glichen einen h\u00f6heren Komfort bei der Benutzung bestimmter Funktionen auf der Website. Sie k\u00f6nnen beispielsweise die Anschrift des Benutzers speichern, so dass das Feld \u201eAdresse\u201c in einem Formular automatisch ausgef\u00fcllt wird und der Benutzer die Angaben nicht selbst eintragen muss.<\/li>\n<\/ul>\n<p>Wenn Sie auf die Schaltfl\u00e4che \u201eIch akzeptiere\u201c klicken, akzeptieren Sie die Verwendung von Cookies (Art.\u00a06.1 DSGVO). Sie k\u00f6nnen Ihre Einwilligung jederzeit widerrufen, indem Sie auf die Schaltfl\u00e4che \u201eCookie-Einstellungen\u201c unten rechts auf dem Bildschirm klicken. Wenn Sie keine Cookies zulassen, ist die Benutzung bestimmter Funktionen m\u00f6glicherweise beeintr\u00e4chtigt.<\/p>\n<h2>Kontaktformular<\/h2>\n<p>Sie willigen ein, dass die mit diesem Formular erhobenen Daten von Heinen f\u00fcr rein praktische Zwecke gespeichert werden (falls Heinen Sie gegebenenfalls kontaktieren muss). Diese Daten werden nicht an Dritte weitergegeben und nicht f\u00fcr andere Zwecke verwendet als die, f\u00fcr die Sie das Formular ausgef\u00fcllt haben. Sie k\u00f6nnen diese Daten jederzeit einsehen, \u00e4ndern oder l\u00f6schen, indem Sie uns kontaktieren unter: info@heinen-doors.com.<\/p>\n<h2>Google Analytics<\/h2>\n<p>Zu rein statistischen Zwecken verwenden wir Google, um den Traffic auf unserer Website t\u00e4glich zu messen. Dazu verwendet Google Analytics Cookies, mit denen die Aktivit\u00e4t des Benutzers auf der Website verfolgt werden kann. Bevor der Benutzer in die Verwendung von Cookies einwilligt, wird die von ihm verwendete IP-Adresse anonymisiert, d. h. das letzte Byte (Ipv4) bzw. die letzten 80\u00a0Bit (IPv6) der IP-Adresse werden auf Null gesetzt, so dass das geographische Gebiet des Benutzers nur eingeschr\u00e4nkt anhand seiner IP-Adresse identifiziert werden kann. Der Standortzugriff wird ebenfalls deaktiviert, so dass keine M\u00f6glichkeit der Identifikation \u00fcber den Ort besteht. Sobald der Benutzer der Verwendung von Cookies auf der Website zustimmt, wird die IP-Adresse nicht mehr anonymisiert und der Standortzugriff wird aktiviert. Diese Daten dienen jedoch rein statistischen Zwecken und die IP-Adresse wird nie einem konkreten Benutzer zugeordnet. IP-Adressen werden also nie zur Analyse der Internetnutzung einer einzelnen Person verwendet, sondern nur f\u00fcr Personengruppen. Das Cookie wird einen Monat nach Annahme des Tracings durch Google Analytics automatisch gel\u00f6scht (danach m\u00fcssen Sie Ihre Einwilligung erneut best\u00e4tigen).<\/p>\n<h2>Personenbezogene Daten<\/h2>\n<p>Alle Daten zum Benutzer, die mit Cookies oder Formularen auf der Website erhoben werden, werden nur dann in unserer Datenbank gespeichert, wenn der Benutzer dem vorher zugestimmt hat. Diese Informationen werden nicht zu anderen Zwecken genutzt als denen, in die der Benutzer eingewilligt hat. Der Benutzer hat ein Recht auf Auskunft \u00fcber alle ihn betreffenden Daten: Er kann sie einsehen, \u00e4ndern oder l\u00f6schen, wenn er das m\u00f6chte, ohne Heinen einen Grund daf\u00fcr nennen zu m\u00fcssen. Zu diesem Zweck kann sich der Benutzer mit dem unten stehenden Formular an den f\u00fcr die Verarbeitung der Daten Verantwortlichen wenden. Er kann au\u00dferdem jederzeit Beschwerde bei der Aufsichtsbeh\u00f6rde in seinem Land einlegen (Artikel\u00a013.2 Buchstabe\u00a0d DSGVO).<\/p>\n<p>Ihre Daten k\u00f6nnen verwendet werden f\u00fcr:<\/p>\n<ul>\n<li>das Erbringen unserer Leistungen f\u00fcr den Benutzer. Wenn der Benutzer beispielsweise einen Account auf unserer Website erstellt hat, verwenden wir die mit dem Account verkn\u00fcpften Daten, um den Benutzer \u00fcber \u00c4nderungen unserer Leistungen zu informieren.<\/li>\n<li>die Verbesserung der Benutzererfahrung.<\/li>\n<li>die Verbesserung der Interaktion zwischen Heinen und dem Benutzer.<\/li>\n<li>jegliche Kommunikation zu kommerziellen Zwecken<\/li>\n<li>die Analyse der Daten zur Optimierung der Website.<\/li>\n<li>\u00a0<\/li>\n<li>andere Zwecke, f\u00fcr die wir vorher die Einwilligung des Benutzers eingeholt haben.<\/li>\n<\/ul>\n<p>Wir verwenden diverse gesicherte Protokolle zum Schutz der mit dieser Website erhobenen Daten. Dennoch k\u00f6nnen wir, auch wenn wir uns nach Kr\u00e4ften bem\u00fchen, nicht die absolute Sicherheit dieser Daten garantieren. Bei einem Sicherheitsversto\u00df informieren wir deshalb die zust\u00e4ndigen Beh\u00f6rden. Sie werden ebenfalls informiert, wenn wir einen solchen Versto\u00df feststellen. Selbstverst\u00e4ndlich tun wir alles in unserer Macht Stehende, um Sicherheitsverst\u00f6\u00dfe zu verhindern. <strong>Achtung:<\/strong> Wenn der Benutzer auf unserer Website einen Account angelegt hat, muss er seinen Benutzernamen und sein Passwort streng vertraulich behandeln.<\/p>\n<p>Bez\u00fcglich seiner Daten hat der Benutzer folgende Rechte:<\/p>\n<ul>\n<li>Ein <strong>Informationsrecht:<\/strong> Der Benutzer darf wissen, wie die Daten auf der Website gesammelt werden.<\/li>\n<li>Ein <strong>Auskunftsrecht:<\/strong> Der Benutzer darf erfahren, welche Daten auf der Website gesammelt werden.<\/li>\n<li>Ein <strong>Recht auf Berichtigung:<\/strong> Der Benutzer darf verlangen, dass die auf der Website gesammelten Daten berichtigt werden.<\/li>\n<li>Ein <strong>Recht auf L\u00f6schung:<\/strong> Der Benutzer darf verlangen, dass die auf der Website gesammelten ihn betreffenden Daten ganz oder teilweise gel\u00f6scht werden.<\/li>\n<li>Ein <strong>Recht auf Einschr\u00e4nkung der Nutzung der Daten:<\/strong> Der Benutzer darf die Art und Weise, wie die Website ihn betreffende Daten nutzt, einschr\u00e4nken.<\/li>\n<li>Ein <strong>Widerrufsrecht:<\/strong> Der Benutzer darf jedwede Einwilligung in die Nutzung personenbezogener Daten auf unserer Website widerrufen.<\/li>\n<\/ul>\n<p>Nach Eingang der Anfrage wird sich der Verantwortliche so rasch wie m\u00f6glich mit dem Benutzer in Verbindung setzen und ihm einen Auskunftsbogen mit seinen personenbezogenen Daten zukommen lassen.<\/p>\n<p>Zur Anforderung der auf unseren Servern gespeicherten Daten klicken Sie bitte <a id=\"open-request-form\" class=\"local\" href=\"https:\/\/metalquartz.com\/fr\/\">hier<\/a>.<\/p>\n<h2>Geistige Eigentumsrechte<\/h2>\n<p>Die Website und ihr Inhalt einschlie\u00dflich Texten, Planentw\u00fcrfen, Grafiken, Bildern, Logos, Symbolen u. \u00c4. sind weltweit mit geistigen und anderen Eigentumsrechten der jeweiligen Urheber und\/oder Inhaber gesch\u00fctzt, solange der gesetzliche Schutz gilt.<\/p>\n<p>Die dem Benutzer erteilte Benutzerlizenz beinhaltet lediglich das Recht auf Vervielf\u00e4ltigung der konsultierten Werke zur Speicherung f\u00fcr die Darstellung auf Einzelplatzbildschirmen sowie Kopien und die Vervielf\u00e4ltigung zu rein privaten Zwecken des Benutzers und nicht f\u00fcr die kollektive oder kommerzielle Nutzung.<\/p>\n<p>Ebenfalls zul\u00e4ssig sind unter eindeutiger Angabe des Urhebernamens und der Quelle Analysen und Kurzzitate, die durch den kritischen, polemischen, p\u00e4dagogischen, wissenschaftlichen oder informativen Zweck des Werkes gerechtfertigt sind, in dem sie erscheinen.<\/p>\n<p>Abgesehen von diesen Ausnahmen d\u00fcrfen die Website und ihr Inhalt nur mit vorheriger schriftlicher Genehmigung von Heinen ganz oder in Teilen kopiert, vervielf\u00e4ltigt, verbreitet, genutzt, angepasst oder \u00fcbersetzt werden.<\/p>\n<ol>\n<li>Die personenbezogenen Daten der Internetnutzer, die die Dienste von Heinen in Anspruch nehmen, dienen zur Erstellung von Kostenvoranschl\u00e4gen und zur Beantwortung von Fragen.<\/li>\n<li>Wie gesetzlich vorgeschrieben gab Heinen vorab eine Datenverarbeitungsmeldung bei der belgischen Datenschutzbeh\u00f6rde ab. Die Datenverarbeitungsmeldung kann online unter https:\/\/www.privacycommission.be\/ abgerufen werden.<br \/>Ohne Ihre Einwilligung werden die Sie betreffenden Daten von uns weder verbreitet noch geteilt noch an Dritte verkauft.<br \/>Mittels Anfrage per E-Mail an info@legaldesk.be mit Beif\u00fcgung eines Identit\u00e4tsnachweises erhalten Sie kostenlos eine schriftliche Aufstellung der Sie betreffenden personenbezogenen Daten und k\u00f6nnen gegebenenfalls die Daten berichtigen lassen, die Ihrer Meinung nach falsch, unvollst\u00e4ndig oder irrelevant sind.<\/li>\n<li>Heinen verpflichtet sich, alles in seiner Macht Stehende zum Schutz personenbezogener Daten zu tun und insbesondere zu verhindern, dass diese manipuliert, besch\u00e4digt oder nicht autorisierten Dritten \u00fcbermittelt werden.<br \/>Heinen beh\u00e4lt sich das Recht vor, die Informationen von Mitteilungen zu kontrollieren und zu \u00fcberpr\u00fcfen, beispielsweise deren Inhalt, Herkunft oder Empf\u00e4nger, wenn der begr\u00fcndete Verdacht besteht, dass die Mitteilungen ganz oder teilweise mit illegalen oder rechtswidrigen Machenschaften zusammenh\u00e4ngen oder wenn wir von den zust\u00e4ndigen Beh\u00f6rden dazu aufgefordert wurden.<br \/>Erfolgt die Kontrolle nicht auf Verlangen der zust\u00e4ndigen Beh\u00f6rden, darf Heinen lediglich \u00f6ffentliche, nicht vertrauliche Mitteilungen kontrollieren, also Informationen, die man im Internet findet, Mitteilungen in Diskussionsforen oder Mailings usw.<\/li>\n<\/ol>\n<p>Heinen kann die personenbezogenen Daten der Internetbenutzer jedoch auf Aufforderung einer gesetzlichen Beh\u00f6rde oder in gutem Glauben weitergeben, wenn wir davon ausgehen, dass dies notwendig ist:<\/p>\n<ul>\n<li>zur Erf\u00fcllung geltender Gesetze oder Vorschriften;<\/li>\n<li>zum Schutz oder zur Verteidigung unserer Rechte oder Werte oder derer der Benutzer der Website www.legaldesk.be.<\/li>\n<\/ul>\n<h2>Impressum<\/h2>\n<p>1. Nutzungsbedingungen<\/p>\n<p>Die auf dieser Website verbreiteten Informationen und angebotenen Tools d\u00fcrfen nur in einem normalen und vern\u00fcnftigen Rahmen zu privaten Zwecken sowie nur f\u00fcr die Zwecke, f\u00fcr die sie bereitgestellt werden, genutzt werden.<\/p>\n<p>2. Geistige Eigentumsrechte<\/p>\n<p>F\u00fcr die gesamte Website gilt das belgische und internationale Urheberrecht und geistige Eigentumsrecht.<br \/>Die Vervielf\u00e4ltigung und\/oder Kopie dieser Website, ganz oder in Ausz\u00fcgen, ist in gleich welcher Weise streng verboten, es sei denn, es liegt eine vorherige schriftliche Einwilligung von Heinen vor.<br \/>Dies gilt sowohl f\u00fcr den Inhalt der Website als auch f\u00fcr deren Bestandteile, die Form, die Aufmachung und den Aufbau. Eingetragene und nicht eingetragene Marken und Logos, die auf dieser Website verwendet werden, sind ausschlie\u00dfliches Eigentum von Heinen und d\u00fcrfen nicht benutzt oder vervielf\u00e4ltigt werden.<\/p>\n<p>3. Haftung<\/p>\n<p>Heinen lehnt jede Haftung ab und leistet keinerlei Garantie bei Unterbrechung oder St\u00f6rung der Website oder direkten oder indirekten Sch\u00e4den an den IT-Systemen des Benutzers, insbesondere durch Viren, die trotz der diversen Schutzmechanismen m\u00f6glicherweise nicht erkannt oder verhindert werden k\u00f6nnen.<\/p>\n\n<\/div>\n<p><\/p>\n","protected":false},"excerpt":{"rendered":"<p>Cookies Unsere Website verwendet Cookies zur Optimierung der angebotenen Funktionen. Cookies sind Daten, die auf Ihrem Ger\u00e4t gespeichert werden und es der Website erlauben, zur Verbesserung der Navigation bestimmte Informationen von Ihnen zu speichern. Wir nutzen diverse Cookies f\u00fcr spezielle Zwecke: Notwendige Cookies: Sie werden ben\u00f6tigt, damit bestimmte Funktionen auf der Website korrekt genutzt werden [&hellip;]<\/p>\n","protected":false},"author":1379,"featured_media":0,"parent":0,"menu_order":0,"comment_status":"closed","ping_status":"closed","template":"","meta":{"_acf_changed":false,"inline_featured_image":false,"footnotes":""},"class_list":["post-9336","page","type-page","status-publish","hentry"],"acf":[],"yoast_head":"<!-- This site is optimized with the Yoast SEO plugin v27.1.1 - https:\/\/yoast.com\/product\/yoast-seo-wordpress\/ -->\n<title>Datenschutzerkl\u00e4rung | Heinen<\/title>\n<meta name=\"robots\" content=\"index, follow, max-snippet:-1, max-image-preview:large, max-video-preview:-1\" \/>\n<link rel=\"canonical\" href=\"https:\/\/www.heinen-doors.com\/de\/datenschutzerklarung\/\" \/>\n<meta property=\"og:locale\" content=\"de_DE\" \/>\n<meta property=\"og:type\" content=\"article\" \/>\n<meta property=\"og:title\" content=\"Datenschutzerkl\u00e4rung | Heinen\" \/>\n<meta property=\"og:description\" content=\"Cookies Unsere Website verwendet Cookies zur Optimierung der angebotenen Funktionen. Cookies sind Daten, die auf Ihrem Ger\u00e4t gespeichert werden und es der Website erlauben, zur Verbesserung der Navigation bestimmte Informationen von Ihnen zu speichern. Wir nutzen diverse Cookies f\u00fcr spezielle Zwecke: Notwendige Cookies: Sie werden ben\u00f6tigt, damit bestimmte Funktionen auf der Website korrekt genutzt werden [&hellip;]\" \/>\n<meta property=\"og:url\" content=\"https:\/\/www.heinen-doors.com\/de\/datenschutzerklarung\/\" \/>\n<meta property=\"og:site_name\" content=\"Heinen\" \/>\n<meta property=\"article:modified_time\" content=\"2025-02-27T14:24:55+00:00\" \/>\n<meta property=\"og:image\" content=\"https:\/\/www.heinen-doors.com\/wp-content\/uploads\/2017\/05\/logo-heinen.png\" \/>\n\t<meta property=\"og:image:width\" content=\"910\" \/>\n\t<meta property=\"og:image:height\" content=\"856\" \/>\n\t<meta property=\"og:image:type\" content=\"image\/png\" \/>\n<meta name=\"twitter:card\" content=\"summary_large_image\" \/>\n<meta name=\"twitter:label1\" content=\"Est. reading time\" \/>\n\t<meta name=\"twitter:data1\" content=\"8 minutes\" \/>\n<script type=\"application\/ld+json\" class=\"yoast-schema-graph\">{\"@context\":\"https:\/\/schema.org\",\"@graph\":[{\"@type\":\"WebPage\",\"@id\":\"https:\/\/www.heinen-doors.com\/de\/datenschutzerklarung\/\",\"url\":\"https:\/\/www.heinen-doors.com\/de\/datenschutzerklarung\/\",\"name\":\"Datenschutzerkl\u00e4rung | Heinen\",\"isPartOf\":{\"@id\":\"https:\/\/www.heinen-doors.com\/de\/#website\"},\"datePublished\":\"2019-11-19T09:46:05+00:00\",\"dateModified\":\"2025-02-27T14:24:55+00:00\",\"breadcrumb\":{\"@id\":\"https:\/\/www.heinen-doors.com\/de\/datenschutzerklarung\/#breadcrumb\"},\"inLanguage\":\"de-DE\",\"potentialAction\":[{\"@type\":\"ReadAction\",\"target\":[\"https:\/\/www.heinen-doors.com\/de\/datenschutzerklarung\/\"]}]},{\"@type\":\"BreadcrumbList\",\"@id\":\"https:\/\/www.heinen-doors.com\/de\/datenschutzerklarung\/#breadcrumb\",\"itemListElement\":[{\"@type\":\"ListItem\",\"position\":1,\"name\":\"Heinen\",\"item\":\"https:\/\/www.heinen-doors.com\/de\/\"},{\"@type\":\"ListItem\",\"position\":2,\"name\":\"Datenschutzerkl\u00e4rung\"}]},{\"@type\":\"WebSite\",\"@id\":\"https:\/\/www.heinen-doors.com\/de\/#website\",\"url\":\"https:\/\/www.heinen-doors.com\/de\/\",\"name\":\"Heinen Doors\",\"description\":\"Service &amp; technologie pour votre s\u00e9curit\u00e9\",\"publisher\":{\"@id\":\"https:\/\/www.heinen-doors.com\/de\/#organization\"},\"potentialAction\":[{\"@type\":\"SearchAction\",\"target\":{\"@type\":\"EntryPoint\",\"urlTemplate\":\"https:\/\/www.heinen-doors.com\/de\/?s={search_term_string}\"},\"query-input\":{\"@type\":\"PropertyValueSpecification\",\"valueRequired\":true,\"valueName\":\"search_term_string\"}}],\"inLanguage\":\"de-DE\"},{\"@type\":\"Organization\",\"@id\":\"https:\/\/www.heinen-doors.com\/de\/#organization\",\"name\":\"Heinen S.A.\",\"url\":\"https:\/\/www.heinen-doors.com\/de\/\",\"logo\":{\"@type\":\"ImageObject\",\"inLanguage\":\"de-DE\",\"@id\":\"https:\/\/www.heinen-doors.com\/de\/#\/schema\/logo\/image\/\",\"url\":\"https:\/\/www.heinen-doors.com\/wp-content\/uploads\/2017\/05\/logo-heinen.svg\",\"contentUrl\":\"https:\/\/www.heinen-doors.com\/wp-content\/uploads\/2017\/05\/logo-heinen.svg\",\"width\":1,\"height\":1,\"caption\":\"Heinen S.A.\"},\"image\":{\"@id\":\"https:\/\/www.heinen-doors.com\/de\/#\/schema\/logo\/image\/\"},\"sameAs\":[\"https:\/\/www.linkedin.com\/company-beta\/5359788\/\",\"https:\/\/www.youtube.com\/channel\/UCFngSniJBVon9jL54LtQxNQ\"]}]}<\/script>\n<!-- \/ Yoast SEO plugin. -->","yoast_head_json":{"title":"Datenschutzerkl\u00e4rung | Heinen","robots":{"index":"index","follow":"follow","max-snippet":"max-snippet:-1","max-image-preview":"max-image-preview:large","max-video-preview":"max-video-preview:-1"},"canonical":"https:\/\/www.heinen-doors.com\/de\/datenschutzerklarung\/","og_locale":"de_DE","og_type":"article","og_title":"Datenschutzerkl\u00e4rung | Heinen","og_description":"Cookies Unsere Website verwendet Cookies zur Optimierung der angebotenen Funktionen. Cookies sind Daten, die auf Ihrem Ger\u00e4t gespeichert werden und es der Website erlauben, zur Verbesserung der Navigation bestimmte Informationen von Ihnen zu speichern. Wir nutzen diverse Cookies f\u00fcr spezielle Zwecke: Notwendige Cookies: Sie werden ben\u00f6tigt, damit bestimmte Funktionen auf der Website korrekt genutzt werden [&hellip;]","og_url":"https:\/\/www.heinen-doors.com\/de\/datenschutzerklarung\/","og_site_name":"Heinen","article_modified_time":"2025-02-27T14:24:55+00:00","og_image":[{"width":910,"height":856,"url":"https:\/\/www.heinen-doors.com\/wp-content\/uploads\/2017\/05\/logo-heinen.png","type":"image\/png"}],"twitter_card":"summary_large_image","twitter_misc":{"Est. reading time":"8 minutes"},"schema":{"@context":"https:\/\/schema.org","@graph":[{"@type":"WebPage","@id":"https:\/\/www.heinen-doors.com\/de\/datenschutzerklarung\/","url":"https:\/\/www.heinen-doors.com\/de\/datenschutzerklarung\/","name":"Datenschutzerkl\u00e4rung | Heinen","isPartOf":{"@id":"https:\/\/www.heinen-doors.com\/de\/#website"},"datePublished":"2019-11-19T09:46:05+00:00","dateModified":"2025-02-27T14:24:55+00:00","breadcrumb":{"@id":"https:\/\/www.heinen-doors.com\/de\/datenschutzerklarung\/#breadcrumb"},"inLanguage":"de-DE","potentialAction":[{"@type":"ReadAction","target":["https:\/\/www.heinen-doors.com\/de\/datenschutzerklarung\/"]}]},{"@type":"BreadcrumbList","@id":"https:\/\/www.heinen-doors.com\/de\/datenschutzerklarung\/#breadcrumb","itemListElement":[{"@type":"ListItem","position":1,"name":"Heinen","item":"https:\/\/www.heinen-doors.com\/de\/"},{"@type":"ListItem","position":2,"name":"Datenschutzerkl\u00e4rung"}]},{"@type":"WebSite","@id":"https:\/\/www.heinen-doors.com\/de\/#website","url":"https:\/\/www.heinen-doors.com\/de\/","name":"Heinen Doors","description":"Service &amp; technologie pour votre s\u00e9curit\u00e9","publisher":{"@id":"https:\/\/www.heinen-doors.com\/de\/#organization"},"potentialAction":[{"@type":"SearchAction","target":{"@type":"EntryPoint","urlTemplate":"https:\/\/www.heinen-doors.com\/de\/?s={search_term_string}"},"query-input":{"@type":"PropertyValueSpecification","valueRequired":true,"valueName":"search_term_string"}}],"inLanguage":"de-DE"},{"@type":"Organization","@id":"https:\/\/www.heinen-doors.com\/de\/#organization","name":"Heinen S.A.","url":"https:\/\/www.heinen-doors.com\/de\/","logo":{"@type":"ImageObject","inLanguage":"de-DE","@id":"https:\/\/www.heinen-doors.com\/de\/#\/schema\/logo\/image\/","url":"https:\/\/www.heinen-doors.com\/wp-content\/uploads\/2017\/05\/logo-heinen.svg","contentUrl":"https:\/\/www.heinen-doors.com\/wp-content\/uploads\/2017\/05\/logo-heinen.svg","width":1,"height":1,"caption":"Heinen S.A."},"image":{"@id":"https:\/\/www.heinen-doors.com\/de\/#\/schema\/logo\/image\/"},"sameAs":["https:\/\/www.linkedin.com\/company-beta\/5359788\/","https:\/\/www.youtube.com\/channel\/UCFngSniJBVon9jL54LtQxNQ"]}]}},"_links":{"self":[{"href":"https:\/\/www.heinen-doors.com\/de\/wp-json\/wp\/v2\/pages\/9336","targetHints":{"allow":["GET"]}}],"collection":[{"href":"https:\/\/www.heinen-doors.com\/de\/wp-json\/wp\/v2\/pages"}],"about":[{"href":"https:\/\/www.heinen-doors.com\/de\/wp-json\/wp\/v2\/types\/page"}],"author":[{"embeddable":true,"href":"https:\/\/www.heinen-doors.com\/de\/wp-json\/wp\/v2\/users\/1379"}],"replies":[{"embeddable":true,"href":"https:\/\/www.heinen-doors.com\/de\/wp-json\/wp\/v2\/comments?post=9336"}],"version-history":[{"count":0,"href":"https:\/\/www.heinen-doors.com\/de\/wp-json\/wp\/v2\/pages\/9336\/revisions"}],"wp:attachment":[{"href":"https:\/\/www.heinen-doors.com\/de\/wp-json\/wp\/v2\/media?parent=9336"}],"curies":[{"name":"wp","href":"https:\/\/api.w.org\/{rel}","templated":true}]}}