{"id":9164,"date":"2019-11-18T15:39:45","date_gmt":"2019-11-18T14:39:45","guid":{"rendered":"https:\/\/heinen-doors.com\/anmelden-downloads-fur-gewerbliche-kunden\/"},"modified":"2021-06-29T11:20:58","modified_gmt":"2021-06-29T09:20:58","slug":"anmelden-downloads-fur-gewerbliche-kunden","status":"publish","type":"page","link":"https:\/\/www.heinen-doors.com\/de\/mein-konto\/anmelden-downloads-fur-gewerbliche-kunden\/","title":{"rendered":"Anmelden Downloads f\u00fcr gewerbliche Kunden"},"content":{"rendered":"<div class=\"prose\">\n<h2>Laden Sie unsere technische Dokumentation herunter<\/h2>\n<p>Sie suchen ein Datenblatt oder ein Informationsblatt f\u00fcr eines unserer Produkte? Wir stellen unsere technische Dokumentation f\u00fcr gewerbliche Kunden kostenlos zum Download zur Verf\u00fcgung.<\/p>\n<p>Unmittelbar nach der Anmeldung stehen diese Dokumente per Mausklick bereit:<\/p>\n<ul>\n<li>Ausschreibungstexte<\/li>\n<li>BIM-Objekte<\/li>\n<li>Produktdatenbl\u00e4tter<\/li>\n<li>Technische Dokumentation<\/li>\n<\/ul>\n<p>Sie brauchen lediglich nebenstehend Ihre Kontaktdaten einzutragen und unsere Dokumentbibliothek steht Ihnen zur Verf\u00fcgung.<\/p><\/div>\n","protected":false},"excerpt":{"rendered":"<p>Laden Sie unsere technische Dokumentation herunter Sie suchen ein Datenblatt oder ein Informationsblatt f\u00fcr eines unserer Produkte? Wir stellen unsere technische Dokumentation f\u00fcr gewerbliche Kunden kostenlos zum Download zur Verf\u00fcgung. Unmittelbar nach der Anmeldung stehen diese Dokumente per Mausklick bereit: Ausschreibungstexte BIM-Objekte Produktdatenbl\u00e4tter Technische Dokumentation Sie brauchen lediglich nebenstehend Ihre Kontaktdaten einzutragen und unsere Dokumentbibliothek [&hellip;]<\/p>\n","protected":false},"author":1379,"featured_media":0,"parent":33665,"menu_order":0,"comment_status":"closed","ping_status":"closed","template":"page-inscription.php","meta":{"_acf_changed":false,"inline_featured_image":false,"footnotes":""},"class_list":["post-9164","page","type-page","status-publish","hentry"],"acf":[],"yoast_head":"<!-- This site is optimized with the Yoast SEO plugin v27.1.1 - https:\/\/yoast.com\/product\/yoast-seo-wordpress\/ -->\n<title>Anmelden Downloads f\u00fcr gewerbliche Kunden | Mein Konto | Heinen<\/title>\n<meta name=\"description\" content=\"Melden Sie sich f\u00fcr das Download technischer Dokumente f\u00fcr gewerbliche Kunden an.\" \/>\n<meta name=\"robots\" content=\"index, follow, max-snippet:-1, max-image-preview:large, max-video-preview:-1\" \/>\n<link rel=\"canonical\" href=\"https:\/\/www.heinen-doors.com\/de\/mein-konto\/anmelden-downloads-fur-gewerbliche-kunden\/\" \/>\n<meta property=\"og:locale\" content=\"de_DE\" \/>\n<meta property=\"og:type\" content=\"article\" \/>\n<meta property=\"og:title\" content=\"Anmelden Downloads f\u00fcr gewerbliche Kunden | Mein Konto | Heinen\" \/>\n<meta property=\"og:description\" content=\"Melden Sie sich f\u00fcr das Download technischer Dokumente f\u00fcr gewerbliche Kunden an.\" \/>\n<meta property=\"og:url\" content=\"https:\/\/www.heinen-doors.com\/de\/mein-konto\/anmelden-downloads-fur-gewerbliche-kunden\/\" \/>\n<meta property=\"og:site_name\" content=\"Heinen\" \/>\n<meta property=\"article:modified_time\" content=\"2021-06-29T09:20:58+00:00\" \/>\n<meta property=\"og:image\" content=\"https:\/\/www.heinen-doors.com\/wp-content\/uploads\/2017\/05\/logo-heinen.png\" \/>\n\t<meta property=\"og:image:width\" content=\"910\" \/>\n\t<meta property=\"og:image:height\" content=\"856\" \/>\n\t<meta property=\"og:image:type\" content=\"image\/png\" \/>\n<meta name=\"twitter:card\" content=\"summary_large_image\" \/>\n<script type=\"application\/ld+json\" class=\"yoast-schema-graph\">{\"@context\":\"https:\/\/schema.org\",\"@graph\":[{\"@type\":\"WebPage\",\"@id\":\"https:\/\/www.heinen-doors.com\/de\/mein-konto\/anmelden-downloads-fur-gewerbliche-kunden\/\",\"url\":\"https:\/\/www.heinen-doors.com\/de\/mein-konto\/anmelden-downloads-fur-gewerbliche-kunden\/\",\"name\":\"Anmelden Downloads f\u00fcr gewerbliche Kunden | Mein Konto | Heinen\",\"isPartOf\":{\"@id\":\"https:\/\/www.heinen-doors.com\/de\/#website\"},\"datePublished\":\"2019-11-18T14:39:45+00:00\",\"dateModified\":\"2021-06-29T09:20:58+00:00\",\"description\":\"Melden Sie sich f\u00fcr das Download technischer Dokumente f\u00fcr gewerbliche Kunden an.\",\"breadcrumb\":{\"@id\":\"https:\/\/www.heinen-doors.com\/de\/mein-konto\/anmelden-downloads-fur-gewerbliche-kunden\/#breadcrumb\"},\"inLanguage\":\"de-DE\",\"potentialAction\":[{\"@type\":\"ReadAction\",\"target\":[\"https:\/\/www.heinen-doors.com\/de\/mein-konto\/anmelden-downloads-fur-gewerbliche-kunden\/\"]}]},{\"@type\":\"BreadcrumbList\",\"@id\":\"https:\/\/www.heinen-doors.com\/de\/mein-konto\/anmelden-downloads-fur-gewerbliche-kunden\/#breadcrumb\",\"itemListElement\":[{\"@type\":\"ListItem\",\"position\":1,\"name\":\"Heinen\",\"item\":\"https:\/\/www.heinen-doors.com\/de\/\"},{\"@type\":\"ListItem\",\"position\":2,\"name\":\"Anmelden Downloads f\u00fcr gewerbliche Kunden\"}]},{\"@type\":\"WebSite\",\"@id\":\"https:\/\/www.heinen-doors.com\/de\/#website\",\"url\":\"https:\/\/www.heinen-doors.com\/de\/\",\"name\":\"Heinen Doors\",\"description\":\"Service &amp; technologie pour votre s\u00e9curit\u00e9\",\"publisher\":{\"@id\":\"https:\/\/www.heinen-doors.com\/de\/#organization\"},\"potentialAction\":[{\"@type\":\"SearchAction\",\"target\":{\"@type\":\"EntryPoint\",\"urlTemplate\":\"https:\/\/www.heinen-doors.com\/de\/?s={search_term_string}\"},\"query-input\":{\"@type\":\"PropertyValueSpecification\",\"valueRequired\":true,\"valueName\":\"search_term_string\"}}],\"inLanguage\":\"de-DE\"},{\"@type\":\"Organization\",\"@id\":\"https:\/\/www.heinen-doors.com\/de\/#organization\",\"name\":\"Heinen S.A.\",\"url\":\"https:\/\/www.heinen-doors.com\/de\/\",\"logo\":{\"@type\":\"ImageObject\",\"inLanguage\":\"de-DE\",\"@id\":\"https:\/\/www.heinen-doors.com\/de\/#\/schema\/logo\/image\/\",\"url\":\"https:\/\/www.heinen-doors.com\/wp-content\/uploads\/2017\/05\/logo-heinen.svg\",\"contentUrl\":\"https:\/\/www.heinen-doors.com\/wp-content\/uploads\/2017\/05\/logo-heinen.svg\",\"width\":1,\"height\":1,\"caption\":\"Heinen S.A.\"},\"image\":{\"@id\":\"https:\/\/www.heinen-doors.com\/de\/#\/schema\/logo\/image\/\"},\"sameAs\":[\"https:\/\/www.linkedin.com\/company-beta\/5359788\/\",\"https:\/\/www.youtube.com\/channel\/UCFngSniJBVon9jL54LtQxNQ\"]}]}<\/script>\n<!-- \/ Yoast SEO plugin. -->","yoast_head_json":{"title":"Anmelden Downloads f\u00fcr gewerbliche Kunden | Mein Konto | Heinen","description":"Melden Sie sich f\u00fcr das Download technischer Dokumente f\u00fcr gewerbliche Kunden an.","robots":{"index":"index","follow":"follow","max-snippet":"max-snippet:-1","max-image-preview":"max-image-preview:large","max-video-preview":"max-video-preview:-1"},"canonical":"https:\/\/www.heinen-doors.com\/de\/mein-konto\/anmelden-downloads-fur-gewerbliche-kunden\/","og_locale":"de_DE","og_type":"article","og_title":"Anmelden Downloads f\u00fcr gewerbliche Kunden | Mein Konto | Heinen","og_description":"Melden Sie sich f\u00fcr das Download technischer Dokumente f\u00fcr gewerbliche Kunden an.","og_url":"https:\/\/www.heinen-doors.com\/de\/mein-konto\/anmelden-downloads-fur-gewerbliche-kunden\/","og_site_name":"Heinen","article_modified_time":"2021-06-29T09:20:58+00:00","og_image":[{"width":910,"height":856,"url":"https:\/\/www.heinen-doors.com\/wp-content\/uploads\/2017\/05\/logo-heinen.png","type":"image\/png"}],"twitter_card":"summary_large_image","schema":{"@context":"https:\/\/schema.org","@graph":[{"@type":"WebPage","@id":"https:\/\/www.heinen-doors.com\/de\/mein-konto\/anmelden-downloads-fur-gewerbliche-kunden\/","url":"https:\/\/www.heinen-doors.com\/de\/mein-konto\/anmelden-downloads-fur-gewerbliche-kunden\/","name":"Anmelden Downloads f\u00fcr gewerbliche Kunden | Mein Konto | Heinen","isPartOf":{"@id":"https:\/\/www.heinen-doors.com\/de\/#website"},"datePublished":"2019-11-18T14:39:45+00:00","dateModified":"2021-06-29T09:20:58+00:00","description":"Melden Sie sich f\u00fcr das Download technischer Dokumente f\u00fcr gewerbliche Kunden an.","breadcrumb":{"@id":"https:\/\/www.heinen-doors.com\/de\/mein-konto\/anmelden-downloads-fur-gewerbliche-kunden\/#breadcrumb"},"inLanguage":"de-DE","potentialAction":[{"@type":"ReadAction","target":["https:\/\/www.heinen-doors.com\/de\/mein-konto\/anmelden-downloads-fur-gewerbliche-kunden\/"]}]},{"@type":"BreadcrumbList","@id":"https:\/\/www.heinen-doors.com\/de\/mein-konto\/anmelden-downloads-fur-gewerbliche-kunden\/#breadcrumb","itemListElement":[{"@type":"ListItem","position":1,"name":"Heinen","item":"https:\/\/www.heinen-doors.com\/de\/"},{"@type":"ListItem","position":2,"name":"Anmelden Downloads f\u00fcr gewerbliche Kunden"}]},{"@type":"WebSite","@id":"https:\/\/www.heinen-doors.com\/de\/#website","url":"https:\/\/www.heinen-doors.com\/de\/","name":"Heinen Doors","description":"Service &amp; technologie pour votre s\u00e9curit\u00e9","publisher":{"@id":"https:\/\/www.heinen-doors.com\/de\/#organization"},"potentialAction":[{"@type":"SearchAction","target":{"@type":"EntryPoint","urlTemplate":"https:\/\/www.heinen-doors.com\/de\/?s={search_term_string}"},"query-input":{"@type":"PropertyValueSpecification","valueRequired":true,"valueName":"search_term_string"}}],"inLanguage":"de-DE"},{"@type":"Organization","@id":"https:\/\/www.heinen-doors.com\/de\/#organization","name":"Heinen S.A.","url":"https:\/\/www.heinen-doors.com\/de\/","logo":{"@type":"ImageObject","inLanguage":"de-DE","@id":"https:\/\/www.heinen-doors.com\/de\/#\/schema\/logo\/image\/","url":"https:\/\/www.heinen-doors.com\/wp-content\/uploads\/2017\/05\/logo-heinen.svg","contentUrl":"https:\/\/www.heinen-doors.com\/wp-content\/uploads\/2017\/05\/logo-heinen.svg","width":1,"height":1,"caption":"Heinen S.A."},"image":{"@id":"https:\/\/www.heinen-doors.com\/de\/#\/schema\/logo\/image\/"},"sameAs":["https:\/\/www.linkedin.com\/company-beta\/5359788\/","https:\/\/www.youtube.com\/channel\/UCFngSniJBVon9jL54LtQxNQ"]}]}},"_links":{"self":[{"href":"https:\/\/www.heinen-doors.com\/de\/wp-json\/wp\/v2\/pages\/9164","targetHints":{"allow":["GET"]}}],"collection":[{"href":"https:\/\/www.heinen-doors.com\/de\/wp-json\/wp\/v2\/pages"}],"about":[{"href":"https:\/\/www.heinen-doors.com\/de\/wp-json\/wp\/v2\/types\/page"}],"author":[{"embeddable":true,"href":"https:\/\/www.heinen-doors.com\/de\/wp-json\/wp\/v2\/users\/1379"}],"replies":[{"embeddable":true,"href":"https:\/\/www.heinen-doors.com\/de\/wp-json\/wp\/v2\/comments?post=9164"}],"version-history":[{"count":0,"href":"https:\/\/www.heinen-doors.com\/de\/wp-json\/wp\/v2\/pages\/9164\/revisions"}],"up":[{"embeddable":true,"href":"https:\/\/www.heinen-doors.com\/de\/wp-json\/wp\/v2\/pages\/33665"}],"wp:attachment":[{"href":"https:\/\/www.heinen-doors.com\/de\/wp-json\/wp\/v2\/media?parent=9164"}],"curies":[{"name":"wp","href":"https:\/\/api.w.org\/{rel}","templated":true}]}}