{"id":32458,"date":"2024-10-28T21:06:36","date_gmt":"2024-10-28T20:06:36","guid":{"rendered":"https:\/\/www.heinen-doors.com\/qui-sommes-nous\/"},"modified":"2025-10-06T16:25:37","modified_gmt":"2025-10-06T14:25:37","slug":"wer-wir-sind","status":"publish","type":"page","link":"https:\/\/www.heinen-doors.com\/de\/wer-wir-sind\/","title":{"rendered":"Wer sind wir"},"content":{"rendered":"\n\n\t<div class=\"text-image full relative overflow-hidden    py-14\" >\n\n\t\t\n\t\t\n\t\t<div class=\" col-start-1 col-end-13 \">\n\n\t\t\t\n\t\t\t\t\t\t\n\n\t\t\t<div style=\"grid-template-columns: 55% 1fr;\" class=\"lg:grid  gap-8 \">\n\n\t\t\t\t<div class=\" xl:px-12 xl:py-8 px-8 py-4  \">\n\n\t\t\t\t\t<header class=\"flex flex-col \">\n\n\t\t\t\t\t\t\n\t\t\t\t\t\t\t\t\t\t\t\t\t<h1 class=\"mt-0 mb-8 \">Heinen, eine Erfolgsgeschichte der Familie<\/h1>\n\t\t\t\t\t\t\n\t\t\t\t\t\t\n\t\t\t\t\t<\/header>\n\n\t\t\t\t\t\t\t\t\t\t\t<div class=\"prose text-secondary \">\n\t\t\t\t\t\t\t<p>Heinen Doors ist ein belgisches, familiengef\u00fchrtes Unternehmen, das 1947 von Rudolphe Heinen als Schmiedewerkstatt gegr\u00fcndet wurde. Im Laufe der Jahrzehnte wuchs es zu einem europ\u00e4ischen Marktf\u00fchrer in der Produktion von feuerfesten Stahlt\u00fcren. Besonders im Jahr 1973, als das Unternehmen die erste Stahlt\u00fcr mit vollst\u00e4ndiger Isolierung entwickelte, wurde Heinen bekannt. Diese Innovation entstand im Kontext strengerer Brandschutzvorschriften nach einem tragischen Vorfall in Br\u00fcssel, bei dem bei einem Brand im Kaufhaus Innovation \u00fcber 200 Menschen ums Leben kamen. Als Reaktion auf diese Trag\u00f6die entwickelte Hans-Dieter Heinen, der Sohn von Rudolphe Heinen und Ingenieur-Physiker an der Universit\u00e4t L\u00fcttich, die erste Stahlt\u00fcr mit vollst\u00e4ndiger Isolierung, die den neuen strengen Vorschriften entsprach. Der Einsatz von Stahl in einer feuerfesten T\u00fcr war ein bedeutender Durchbruch, erm\u00f6glicht durch eine innovative chemische Behandlung, die Heinen entwickelte. Dieser Prozess verlangsamte die W\u00e4rme\u00fcbertragung, w\u00e4hrend er das Stahl abk\u00fchlte, was zu einer T\u00fcr f\u00fchrte, die mehr als eine Stunde lang dem Feuer standhielt. Heute bleibt dieses Konzept, Metal+ Inside, der Kern der Produkte von Heinen Doors, die feuerfeste T\u00fcren mit einer Isolierung von bis zu vier Stunden, einbruchhemmende T\u00fcren, explosionsgesch\u00fctzte T\u00fcren, kugelsichere T\u00fcren und akustische T\u00fcren umfassen.<\/p>\n<p>Heinen positionierte sich schnell als Pionier f\u00fcr Sicherheitsl\u00f6sungen und entwickelte innovative Schutzl\u00f6sungen wie einbruchhemmende, kugelsichere und akustische T\u00fcren. Das Unternehmen hat au\u00dferdem Qualit\u00e4tszertifikate, darunter den ISO 9001-Standard, erhalten, was sein Engagement f\u00fcr Exzellenz unterstreicht.<\/p>\n<p>Heute f\u00fchrt Heinen weiterhin den Weg der Innovation. Seine T\u00fcren, die zwischen 100 und mehr als 300 Kilogramm wiegen, sind mit einer inneren Stahlstruktur, einem Rahmen aus 60 x 60 x 2 Millimeter Profilrohren, verst\u00e4rkt mit horizontalen und vertikalen Querstreben, die au\u00dfergew\u00f6hnliche Festigkeit gew\u00e4hrleisten, ausgestattet. Diese T\u00fcren unterziehen sich strengen Tests, sowohl intern als auch bei anerkannten unabh\u00e4ngigen Pr\u00fcfinstituten.<\/p>\n<p>Im Jahr 2021 wurde Heinen Teil der Heinen Doors International-Gruppe, wodurch die Position im globalen Sicherheitsmarkt gest\u00e4rkt wurde. Gleichzeitig begann das belgische Unternehmen mit dem Bau einer neuen Produktionsst\u00e4tte, die voraussichtlich 2025 in Betrieb gehen wird, um der wachsenden Nachfrage nach seinen hochsicheren Produkten gerecht zu werden. Durch Jahre der Innovation und des Wachstums hat sich Heinen Doors als Referenz in der Entwicklung und Herstellung von Hochsicherheitst\u00fcren etabliert.<\/p>\n\n\t\t\t\t\t\t<\/div>\n\t\t\t\t\t\n\t\t\t\t\t\n\t\t\t\t\t\t\t\t\t\t\t<div class=\"flex flex-wrap justify-center gap-4 mb-12 md:justify-start \">\n\t\t\t\t\t\t\t\t\t\t\t\t\t\t\t\n\n\n\n\n<!-- parse-ignore-start -->\n<a  href=\"https:\/\/www.heinen-doors.com\/de\/wer-wir-sind\/geschichte\/\" class=\"group gap-2 border-2 rounded-3xl justify-center items-center w-full xs:w-auto inline-flex px-3 sm:px-6 py-3 space-x-1 leading-6 transition duration-150 ease-in-out     mt-6  bg-primary hover:bg-primaryAccent border-primary font-bold hover:border-primaryAccent text-white hover:text-white\" >\n\tEntdecken Sie unsere Geschichte\n\t\n\t\n\t<!-- temp -->\n\t<svg class=\"hidden group-hover:block\" xmlns=\"http:\/\/www.w3.org\/2000\/svg\" width=\"16\" height=\"10\" viewBox=\"0 0 16 10\" fill=\"none\">\n<path d=\"M1.00016 5.08329L15 5.08329M15 5.08329L10.9167 9.16657M15 5.08329L10.9167 1\" stroke=\"#004059\" stroke-width=\"1.5\" stroke-linecap=\"round\" stroke-linejoin=\"round\"\/>\n<\/svg>\n\t\n<\/a>\n<!-- parse-ignore-end -->\n\t\t\t\t\t\t\t\t\t\t\t\t\t<\/div>\n\t\t\t\t\t\n\t\t\t\t<\/div>\n\n\t\t\t\t\t\t\t\t\t<div class=\"relative\">\n\t\t\t\t\t\t<figure class=\"overflow-hidden    0 \">\n\t\t\t\t\t\t\t<img decoding=\"async\" width=\"1482\" height=\"1102\" src=\"https:\/\/www.heinen-doors.com\/wp-content\/uploads\/2024\/10\/Frame-6-1.jpg\" class=\"w-full h-auto object-cover\" alt=\"Frame-6-1\" srcset=\"https:\/\/www.heinen-doors.com\/wp-content\/uploads\/2024\/10\/Frame-6-1.jpg 1482w, https:\/\/www.heinen-doors.com\/wp-content\/uploads\/2024\/10\/Frame-6-1-450x335.jpg 450w, https:\/\/www.heinen-doors.com\/wp-content\/uploads\/2024\/10\/Frame-6-1-320x238.jpg 320w, https:\/\/www.heinen-doors.com\/wp-content\/uploads\/2024\/10\/Frame-6-1-768x571.jpg 768w, https:\/\/www.heinen-doors.com\/wp-content\/uploads\/2024\/10\/Frame-6-1-215x160.jpg 215w, https:\/\/www.heinen-doors.com\/wp-content\/uploads\/2024\/10\/Frame-6-1-1024x761.jpg 1024w, https:\/\/www.heinen-doors.com\/wp-content\/uploads\/2024\/10\/Frame-6-1-960x714.jpg 960w, https:\/\/www.heinen-doors.com\/wp-content\/uploads\/2024\/10\/Frame-6-1-480x357.jpg 480w, https:\/\/www.heinen-doors.com\/wp-content\/uploads\/2024\/10\/Frame-6-1-350x260.jpg 350w\" sizes=\"(max-width: 1482px) 100vw, 1482px\" \/>\n\t\t\t\t\t\t<\/figure>\n\t\t\t\t\t<\/div>\n\t\t\t\t\n\t\t\t<\/div>\n\t\t<\/div>\n\t<\/div>\n\n\n\n\n\t<div class=\"text-image full relative overflow-hidden    py-14\" >\n\n\t\t\n\t\t\t\t\t<figure>\n\t\t\t\t<img decoding=\"async\" width=\"1920\" height=\"881\" src=\"https:\/\/www.heinen-doors.com\/wp-content\/uploads\/2024\/10\/Valeurs-2-1-1920x881.jpg\" class=\"absolute top-0 bottom-0 left-0 w-full h-full object-cover z-[-1]\" alt=\"Valeurs-2-1-scaled\" srcset=\"https:\/\/www.heinen-doors.com\/wp-content\/uploads\/2024\/10\/Valeurs-2-1-1920x881.jpg 1920w, https:\/\/www.heinen-doors.com\/wp-content\/uploads\/2024\/10\/Valeurs-2-1-450x207.jpg 450w, https:\/\/www.heinen-doors.com\/wp-content\/uploads\/2024\/10\/Valeurs-2-1-320x147.jpg 320w, https:\/\/www.heinen-doors.com\/wp-content\/uploads\/2024\/10\/Valeurs-2-1-768x353.jpg 768w, https:\/\/www.heinen-doors.com\/wp-content\/uploads\/2024\/10\/Valeurs-2-1-1536x705.jpg 1536w, https:\/\/www.heinen-doors.com\/wp-content\/uploads\/2024\/10\/Valeurs-2-1-2048x940.jpg 2048w, https:\/\/www.heinen-doors.com\/wp-content\/uploads\/2024\/10\/Valeurs-2-1-349x160.jpg 349w, https:\/\/www.heinen-doors.com\/wp-content\/uploads\/2024\/10\/Valeurs-2-1-1024x470.jpg 1024w, https:\/\/www.heinen-doors.com\/wp-content\/uploads\/2024\/10\/Valeurs-2-1-960x441.jpg 960w, https:\/\/www.heinen-doors.com\/wp-content\/uploads\/2024\/10\/Valeurs-2-1-480x220.jpg 480w, https:\/\/www.heinen-doors.com\/wp-content\/uploads\/2024\/10\/Valeurs-2-1-350x161.jpg 350w\" sizes=\"(max-width: 1920px) 100vw, 1920px\" \/>\n\t\t\t<\/figure>\n\t\t\n\t\t<div class=\" col-start-1 col-end-13 \">\n\n\t\t\t\n\t\t\t\t\t\t\t\t\t\t\n\t\t\t\n\n\t\t\t<div style=\"grid-template-columns: 40% 1fr;\" class=\"lg:grid  gap-8 \">\n\n\t\t\t\t<div class=\" xl:px-12 xl:py-8 px-8 py-4  order-2\">\n\n\t\t\t\t\t<header class=\"flex flex-col \">\n\n\t\t\t\t\t\t\n\t\t\t\t\t\t\t\t\t\t\t\t\t<h2 class=\"mt-0 mb-8 \">Die Werte von Heinen Doors<\/h2>\n\t\t\t\t\t\t\n\t\t\t\t\t\t\t\t\t\t\t\t\t<h3 class=\"mb-8 text-primary\">Von der st\u00e4ndiger Verbesserung zur Verantwortung<\/h3>\n\t\t\t\t\t\t\n\t\t\t\t\t<\/header>\n\n\t\t\t\t\t\t\t\t\t\t\t<div class=\"prose text-secondary \">\n\t\t\t\t\t\t\t<p>In der Branche der Stahl-Feuerschutzt\u00fcren kommt es auf jedes Detail an. Deshalb sind unsere Kernwerte bei Heinen Doors die Grundlage f\u00fcr unseren Erfolg und unser Engagement f\u00fcr hervorragende Leistungen. Sie pr\u00e4gen nicht nur die Qualit\u00e4t unserer Produkte, sondern auch die Art und Weise, wie wir mit unseren Kunden und Partnern zusammenarbeiten.<\/p>\n<p>Wir sind der festen \u00dcberzeugung, dass ein Produkt mehr ist als nur seine Funktion: Es muss Vertrauen erwecken, h\u00f6chsten Anspr\u00fcchen gen\u00fcgen und dauerhafte L\u00f6sungen bieten. Unsere Werte sind ein Versprechen f\u00fcr Sicherheit, Leistung und Innovation, das in jeden Schritt unseres Prozesses eingebettet ist, vom Entwurf bis zur Installation.<\/p>\n<p>Was wir liefern, beschr\u00e4nkt sich nicht auf die Qualit\u00e4t unserer Brandschutzt\u00fcren, sondern auf das tiefe Engagement eines Unternehmens, das in seinem Bereich wirklich etwas bewirken will. Wir laden Sie ein, zu entdecken, wie unsere Werte unseren Ansatz pr\u00e4gen und unser Handeln leiten, um unseren Partnern ma\u00dfgeschneiderte L\u00f6sungen zu bieten, die ihren Bed\u00fcrfnissen entsprechen.<\/p>\n<p>Bei Heinen Doors ist jedes Projekt eine Gelegenheit zu beweisen, dass unsere Werte mehr sind als nur Worte. Sie sind die Essenz dessen, was wir tun. Entdecken Sie sie, und sehen Sie selbst, was sie f\u00fcr Ihre Projekte bedeuten.<\/p>\n\n\t\t\t\t\t\t<\/div>\n\t\t\t\t\t\n\t\t\t\t\t\n\t\t\t\t\t\t\t\t\t\t\t<div class=\"flex flex-wrap justify-center gap-4 mb-12 md:justify-start \">\n\t\t\t\t\t\t\t\t\t\t\t\t\t\t\t\n\n\n\n\n<!-- parse-ignore-start -->\n<a  href=\"https:\/\/www.heinen-doors.com\/de\/wer-wir-sind\/werte\/\" class=\"group gap-2 border-2 rounded-3xl justify-center items-center w-full xs:w-auto inline-flex px-3 sm:px-6 py-3 space-x-1 leading-6 transition duration-150 ease-in-out     mt-6  bg-primary hover:bg-primaryAccent border-primary font-bold hover:border-primaryAccent text-white hover:text-white\" >\n\tEntdecken Sie alle unsere Werte\n\t\n\t\n\t<!-- temp -->\n\t<svg class=\"hidden group-hover:block\" xmlns=\"http:\/\/www.w3.org\/2000\/svg\" width=\"16\" height=\"10\" viewBox=\"0 0 16 10\" fill=\"none\">\n<path d=\"M1.00016 5.08329L15 5.08329M15 5.08329L10.9167 9.16657M15 5.08329L10.9167 1\" stroke=\"#004059\" stroke-width=\"1.5\" stroke-linecap=\"round\" stroke-linejoin=\"round\"\/>\n<\/svg>\n\t\n<\/a>\n<!-- parse-ignore-end -->\n\t\t\t\t\t\t\t\t\t\t\t\t\t<\/div>\n\t\t\t\t\t\n\t\t\t\t<\/div>\n\n\t\t\t\t\t\t\t\t\t<div class=\"relative\">\n\t\t\t\t\t\t<figure class=\"overflow-hidden    0 \">\n\t\t\t\t\t\t\t<img decoding=\"async\" width=\"1289\" height=\"1070\" src=\"https:\/\/www.heinen-doors.com\/wp-content\/uploads\/2025\/02\/Group-119-1_DE.png\" class=\"w-full h-auto object-cover\" alt=\"Group-119-1_DE\" srcset=\"https:\/\/www.heinen-doors.com\/wp-content\/uploads\/2025\/02\/Group-119-1_DE.png 1289w, https:\/\/www.heinen-doors.com\/wp-content\/uploads\/2025\/02\/Group-119-1_DE-450x374.png 450w, https:\/\/www.heinen-doors.com\/wp-content\/uploads\/2025\/02\/Group-119-1_DE-320x266.png 320w, https:\/\/www.heinen-doors.com\/wp-content\/uploads\/2025\/02\/Group-119-1_DE-768x638.png 768w, https:\/\/www.heinen-doors.com\/wp-content\/uploads\/2025\/02\/Group-119-1_DE-193x160.png 193w, https:\/\/www.heinen-doors.com\/wp-content\/uploads\/2025\/02\/Group-119-1_DE-1024x850.png 1024w, https:\/\/www.heinen-doors.com\/wp-content\/uploads\/2025\/02\/Group-119-1_DE-960x797.png 960w, https:\/\/www.heinen-doors.com\/wp-content\/uploads\/2025\/02\/Group-119-1_DE-480x398.png 480w, https:\/\/www.heinen-doors.com\/wp-content\/uploads\/2025\/02\/Group-119-1_DE-350x291.png 350w\" sizes=\"(max-width: 1289px) 100vw, 1289px\" \/>\n\t\t\t\t\t\t<\/figure>\n\t\t\t\t\t<\/div>\n\t\t\t\t\n\t\t\t<\/div>\n\t\t<\/div>\n\t<\/div>\n","protected":false},"excerpt":{"rendered":"","protected":false},"author":2359,"featured_media":0,"parent":0,"menu_order":0,"comment_status":"closed","ping_status":"closed","template":"","meta":{"_acf_changed":false,"inline_featured_image":false,"footnotes":""},"class_list":["post-32458","page","type-page","status-publish","hentry"],"acf":[],"yoast_head":"<!-- This site is optimized with the Yoast SEO plugin v27.1.1 - https:\/\/yoast.com\/product\/yoast-seo-wordpress\/ -->\n<title>Wer sind wir | Heinen<\/title>\n<meta name=\"robots\" content=\"index, follow, max-snippet:-1, max-image-preview:large, max-video-preview:-1\" \/>\n<link rel=\"canonical\" href=\"https:\/\/www.heinen-doors.com\/de\/wer-wir-sind\/\" \/>\n<meta property=\"og:locale\" content=\"de_DE\" \/>\n<meta property=\"og:type\" content=\"article\" \/>\n<meta property=\"og:title\" content=\"Wer sind wir | Heinen\" \/>\n<meta property=\"og:url\" content=\"https:\/\/www.heinen-doors.com\/de\/wer-wir-sind\/\" \/>\n<meta property=\"og:site_name\" content=\"Heinen\" \/>\n<meta property=\"article:modified_time\" content=\"2025-10-06T14:25:37+00:00\" \/>\n<meta property=\"og:image\" content=\"https:\/\/www.heinen-doors.com\/wp-content\/uploads\/2017\/05\/logo-heinen.png\" \/>\n\t<meta property=\"og:image:width\" content=\"910\" \/>\n\t<meta property=\"og:image:height\" content=\"856\" \/>\n\t<meta property=\"og:image:type\" content=\"image\/png\" \/>\n<meta name=\"twitter:card\" content=\"summary_large_image\" \/>\n<script type=\"application\/ld+json\" class=\"yoast-schema-graph\">{\"@context\":\"https:\/\/schema.org\",\"@graph\":[{\"@type\":\"WebPage\",\"@id\":\"https:\/\/www.heinen-doors.com\/de\/wer-wir-sind\/\",\"url\":\"https:\/\/www.heinen-doors.com\/de\/wer-wir-sind\/\",\"name\":\"Wer sind wir | Heinen\",\"isPartOf\":{\"@id\":\"https:\/\/www.heinen-doors.com\/de\/#website\"},\"datePublished\":\"2024-10-28T20:06:36+00:00\",\"dateModified\":\"2025-10-06T14:25:37+00:00\",\"breadcrumb\":{\"@id\":\"https:\/\/www.heinen-doors.com\/de\/wer-wir-sind\/#breadcrumb\"},\"inLanguage\":\"de-DE\",\"potentialAction\":[{\"@type\":\"ReadAction\",\"target\":[\"https:\/\/www.heinen-doors.com\/de\/wer-wir-sind\/\"]}]},{\"@type\":\"BreadcrumbList\",\"@id\":\"https:\/\/www.heinen-doors.com\/de\/wer-wir-sind\/#breadcrumb\",\"itemListElement\":[{\"@type\":\"ListItem\",\"position\":1,\"name\":\"Heinen\",\"item\":\"https:\/\/www.heinen-doors.com\/de\/\"},{\"@type\":\"ListItem\",\"position\":2,\"name\":\"Wer sind wir\"}]},{\"@type\":\"WebSite\",\"@id\":\"https:\/\/www.heinen-doors.com\/de\/#website\",\"url\":\"https:\/\/www.heinen-doors.com\/de\/\",\"name\":\"Heinen Doors\",\"description\":\"Service &amp; technologie pour votre s\u00e9curit\u00e9\",\"publisher\":{\"@id\":\"https:\/\/www.heinen-doors.com\/de\/#organization\"},\"potentialAction\":[{\"@type\":\"SearchAction\",\"target\":{\"@type\":\"EntryPoint\",\"urlTemplate\":\"https:\/\/www.heinen-doors.com\/de\/?s={search_term_string}\"},\"query-input\":{\"@type\":\"PropertyValueSpecification\",\"valueRequired\":true,\"valueName\":\"search_term_string\"}}],\"inLanguage\":\"de-DE\"},{\"@type\":\"Organization\",\"@id\":\"https:\/\/www.heinen-doors.com\/de\/#organization\",\"name\":\"Heinen S.A.\",\"url\":\"https:\/\/www.heinen-doors.com\/de\/\",\"logo\":{\"@type\":\"ImageObject\",\"inLanguage\":\"de-DE\",\"@id\":\"https:\/\/www.heinen-doors.com\/de\/#\/schema\/logo\/image\/\",\"url\":\"https:\/\/www.heinen-doors.com\/wp-content\/uploads\/2017\/05\/logo-heinen.svg\",\"contentUrl\":\"https:\/\/www.heinen-doors.com\/wp-content\/uploads\/2017\/05\/logo-heinen.svg\",\"width\":1,\"height\":1,\"caption\":\"Heinen S.A.\"},\"image\":{\"@id\":\"https:\/\/www.heinen-doors.com\/de\/#\/schema\/logo\/image\/\"},\"sameAs\":[\"https:\/\/www.linkedin.com\/company-beta\/5359788\/\",\"https:\/\/www.youtube.com\/channel\/UCFngSniJBVon9jL54LtQxNQ\"]}]}<\/script>\n<!-- \/ Yoast SEO plugin. -->","yoast_head_json":{"title":"Wer sind wir | Heinen","robots":{"index":"index","follow":"follow","max-snippet":"max-snippet:-1","max-image-preview":"max-image-preview:large","max-video-preview":"max-video-preview:-1"},"canonical":"https:\/\/www.heinen-doors.com\/de\/wer-wir-sind\/","og_locale":"de_DE","og_type":"article","og_title":"Wer sind wir | Heinen","og_url":"https:\/\/www.heinen-doors.com\/de\/wer-wir-sind\/","og_site_name":"Heinen","article_modified_time":"2025-10-06T14:25:37+00:00","og_image":[{"width":910,"height":856,"url":"https:\/\/www.heinen-doors.com\/wp-content\/uploads\/2017\/05\/logo-heinen.png","type":"image\/png"}],"twitter_card":"summary_large_image","schema":{"@context":"https:\/\/schema.org","@graph":[{"@type":"WebPage","@id":"https:\/\/www.heinen-doors.com\/de\/wer-wir-sind\/","url":"https:\/\/www.heinen-doors.com\/de\/wer-wir-sind\/","name":"Wer sind wir | Heinen","isPartOf":{"@id":"https:\/\/www.heinen-doors.com\/de\/#website"},"datePublished":"2024-10-28T20:06:36+00:00","dateModified":"2025-10-06T14:25:37+00:00","breadcrumb":{"@id":"https:\/\/www.heinen-doors.com\/de\/wer-wir-sind\/#breadcrumb"},"inLanguage":"de-DE","potentialAction":[{"@type":"ReadAction","target":["https:\/\/www.heinen-doors.com\/de\/wer-wir-sind\/"]}]},{"@type":"BreadcrumbList","@id":"https:\/\/www.heinen-doors.com\/de\/wer-wir-sind\/#breadcrumb","itemListElement":[{"@type":"ListItem","position":1,"name":"Heinen","item":"https:\/\/www.heinen-doors.com\/de\/"},{"@type":"ListItem","position":2,"name":"Wer sind wir"}]},{"@type":"WebSite","@id":"https:\/\/www.heinen-doors.com\/de\/#website","url":"https:\/\/www.heinen-doors.com\/de\/","name":"Heinen Doors","description":"Service &amp; technologie pour votre s\u00e9curit\u00e9","publisher":{"@id":"https:\/\/www.heinen-doors.com\/de\/#organization"},"potentialAction":[{"@type":"SearchAction","target":{"@type":"EntryPoint","urlTemplate":"https:\/\/www.heinen-doors.com\/de\/?s={search_term_string}"},"query-input":{"@type":"PropertyValueSpecification","valueRequired":true,"valueName":"search_term_string"}}],"inLanguage":"de-DE"},{"@type":"Organization","@id":"https:\/\/www.heinen-doors.com\/de\/#organization","name":"Heinen S.A.","url":"https:\/\/www.heinen-doors.com\/de\/","logo":{"@type":"ImageObject","inLanguage":"de-DE","@id":"https:\/\/www.heinen-doors.com\/de\/#\/schema\/logo\/image\/","url":"https:\/\/www.heinen-doors.com\/wp-content\/uploads\/2017\/05\/logo-heinen.svg","contentUrl":"https:\/\/www.heinen-doors.com\/wp-content\/uploads\/2017\/05\/logo-heinen.svg","width":1,"height":1,"caption":"Heinen S.A."},"image":{"@id":"https:\/\/www.heinen-doors.com\/de\/#\/schema\/logo\/image\/"},"sameAs":["https:\/\/www.linkedin.com\/company-beta\/5359788\/","https:\/\/www.youtube.com\/channel\/UCFngSniJBVon9jL54LtQxNQ"]}]}},"_links":{"self":[{"href":"https:\/\/www.heinen-doors.com\/de\/wp-json\/wp\/v2\/pages\/32458","targetHints":{"allow":["GET"]}}],"collection":[{"href":"https:\/\/www.heinen-doors.com\/de\/wp-json\/wp\/v2\/pages"}],"about":[{"href":"https:\/\/www.heinen-doors.com\/de\/wp-json\/wp\/v2\/types\/page"}],"author":[{"embeddable":true,"href":"https:\/\/www.heinen-doors.com\/de\/wp-json\/wp\/v2\/users\/2359"}],"replies":[{"embeddable":true,"href":"https:\/\/www.heinen-doors.com\/de\/wp-json\/wp\/v2\/comments?post=32458"}],"version-history":[{"count":0,"href":"https:\/\/www.heinen-doors.com\/de\/wp-json\/wp\/v2\/pages\/32458\/revisions"}],"wp:attachment":[{"href":"https:\/\/www.heinen-doors.com\/de\/wp-json\/wp\/v2\/media?parent=32458"}],"curies":[{"name":"wp","href":"https:\/\/api.w.org\/{rel}","templated":true}]}}