{"id":13531,"date":"2021-06-11T08:18:52","date_gmt":"2021-06-11T06:18:52","guid":{"rendered":"https:\/\/heinen-doors.com\/?page_id=13531"},"modified":"2025-02-20T11:03:27","modified_gmt":"2025-02-20T10:03:27","slug":"spezifikationen-und-bim-objekte","status":"publish","type":"page","link":"https:\/\/www.heinen-doors.com\/de\/spezifikationen-und-bim-objekte\/","title":{"rendered":"Spezifikationen und BIM-Objekte"},"content":{"rendered":"<div class=\"relative full page-title\" style=\"background: linear-gradient(45deg, #eef4f7, white);\">\n\t<div class=\"container\">\n\t\t<div class=\" max-w-[640px] text-center py-24 mx-auto\">\n\t\t\t<h1 class=\"center\">Spezifikationen und BIM-Objekte<\/h1>\n\t\t<\/div>\n\t<\/div>\n<\/div>\n\n\n\n\t<div class=\"full\">\n\t\t<div class=\"container flex flex-col gap-4\">\n\t\t\t<div class=\"flex flex-wrap items-start justify-between gap-4\">\n\t\t\t\t\t\t\t\t\t<h1 class=\"mt-0 \">Unserer Spezifikationen herunterladen<\/h1>\n\t\t\t\t\t\t\t<\/div>\n\n\t\t\t<div class=\"grid md:grid-cols-[450px_1fr] gap-8\">\n\n\t\t\t\t\t\t\t\t\t<div class=\"relative\">\n\t\t\t\t\t\t<figure class=\"overflow-hidden\">\n\t\t\t\t\t\t\t<img decoding=\"async\" width=\"1920\" height=\"1280\" src=\"https:\/\/www.heinen-doors.com\/wp-content\/uploads\/2021\/06\/architecture-1857175_1920.jpg\" class=\"w-full h-auto object-cover\" alt=\"Spezifikationen\" srcset=\"https:\/\/www.heinen-doors.com\/wp-content\/uploads\/2021\/06\/architecture-1857175_1920.jpg 1920w, https:\/\/www.heinen-doors.com\/wp-content\/uploads\/2021\/06\/architecture-1857175_1920-450x300.jpg 450w, https:\/\/www.heinen-doors.com\/wp-content\/uploads\/2021\/06\/architecture-1857175_1920-320x213.jpg 320w, https:\/\/www.heinen-doors.com\/wp-content\/uploads\/2021\/06\/architecture-1857175_1920-768x512.jpg 768w, https:\/\/www.heinen-doors.com\/wp-content\/uploads\/2021\/06\/architecture-1857175_1920-1536x1024.jpg 1536w, https:\/\/www.heinen-doors.com\/wp-content\/uploads\/2021\/06\/architecture-1857175_1920-478x319.jpg 478w\" sizes=\"(max-width: 1920px) 100vw, 1920px\" \/>\n\t\t\t\t\t\t<\/figure>\n\t\t\t\t\t<\/div>\n\t\t\t\t\n\t\t\t\t<div>\n\t\t\t\t\t\t\t\t\t\t\t<div class=\"prose text-secondary \">\n\t\t\t\t\t\t\t<p>Sie suchen einen professionellen Partner f\u00fcr die Einbindung von Sicherheitsaspekten schon bei der Erstellung der Ausschreibungstexte oder Angebotsaufrufe f\u00fcr Ihre Projekte. Die kaufm\u00e4nnischen Ingenieure von Heinen pr\u00fcfen schon im Vorfeld die technische Machbarkeit mit Ihnen.<\/p>\n<p><strong>Entscheidungstr\u00e4ger, Bauherr?\u00a0<\/strong>Sie suchen ad\u00e4quate L\u00f6sungen f\u00fcr die gesetzlichen und vollzugsrechtlichen Rahmenvorgaben.<\/p>\n<p><strong>Sicherheitsbeauftragter?\u00a0<\/strong>Sie suchen solide L\u00f6sungen mit optimaler Sicherheit, und das auf Dauer.<\/p>\n<p><strong>Architekt? Vorschriftsberechtigter?\u00a0<\/strong>Sie suchen einen professionellen Partner f\u00fcr die Einbindung von Sicherheitsaspekten in Ihre Projekte schon im Entwurfsstadium.<\/p>\n<p><strong>Bauunternehmer?<\/strong>\u00a0Sie suchen renommierte Produkte und eine verl\u00e4ssliche Betreuung bis zur Abnahme der Leistungen.<\/p>\n\n\t\t\t\t\t\t<\/div>\n\t\t\t\t\t\n\t\t\t\t\t\t\t\t\t<\/div>\n\t\t\t<\/div>\n\t\t<\/div>\n\t<\/div>\n\n\n<div class=\"default\">\n\t<div class=\"container\">\n\t\t\t\t\t\t\t<div class=\"grid grid-cols-2 gap-4 md:grid-cols-4 lg:grid-cols-5\">\n\t\t\t\t\t\t\t\t\t<div class=\"p-4 shadow-lg document-item rounded-xl\">\n\t\t\t\t\t\t<div class=\"flex flex-col items-center\">\n\t\t\t\t\t\t\t\t\t\t\t\t\t\t\t<figure class=\"w-full h-auto overflow-hidden\">\n\t\t\t\t\t\t\t\t\t<img decoding=\"async\" width=\"596\" height=\"842\" src=\"https:\/\/www.heinen-doors.com\/wp-content\/uploads\/2021\/07\/Cahier-charges-battantes-DE.jpg\" class=\"w-full h-full object-contain mb-4 block\" alt=\"Cahier-charges-battantes-DE\" id=\"\" loading=\"lazy\" srcset=\"https:\/\/www.heinen-doors.com\/wp-content\/uploads\/2021\/07\/Cahier-charges-battantes-DE.jpg 596w, https:\/\/www.heinen-doors.com\/wp-content\/uploads\/2021\/07\/Cahier-charges-battantes-DE-319x450.jpg 319w, https:\/\/www.heinen-doors.com\/wp-content\/uploads\/2021\/07\/Cahier-charges-battantes-DE-227x320.jpg 227w, https:\/\/www.heinen-doors.com\/wp-content\/uploads\/2021\/07\/Cahier-charges-battantes-DE-478x675.jpg 478w\" sizes=\"auto, (max-width: 596px) 100vw, 596px\" \/>\n\t\t\t\t\t\t\t\t<\/figure>\n\t\t\t\t\t\t\t\n\t\t\t\t\t\t\t<h3 class=\"text-base font-bold text-center\">SPHE 0000 | Spezifikationen &#8211; Dreht\u00fcren<\/h3>\n\n\t\t\t\t\t\t\t\t\t\t\t\t\t\t\t<div class=\"mt-2\">\n\t\t\t\t\t\t\t\t\t\n\n\n\t\n\n<!-- parse-ignore-start -->\n<a  href=\"https:\/\/www.heinen-doors.com\/de\/\/?wpdmdl=17197&#038;ind=1637169749338\" class=\"group gap-2 border-2 rounded-3xl justify-center items-center w-full xs:w-auto inline-flex px-3 sm:px-6 py-3 space-x-1 leading-6 transition duration-150 ease-in-out group-transparent  transparent  btn-download text-sm  bg-transparent border-primary hover:bg-primary-50 font-bold text-primary hover:text-primary\"  target=\"_blank\">\n\tSich anmelden\n\t\n\t\n\t<!-- temp -->\n\t<svg class=\"hidden group-hover:block\" xmlns=\"http:\/\/www.w3.org\/2000\/svg\" width=\"16\" height=\"10\" viewBox=\"0 0 16 10\" fill=\"none\">\n<path d=\"M1.00016 5.08329L15 5.08329M15 5.08329L10.9167 9.16657M15 5.08329L10.9167 1\" stroke=\"#004059\" stroke-width=\"1.5\" stroke-linecap=\"round\" stroke-linejoin=\"round\"\/>\n<\/svg>\n\t\n<\/a>\n<!-- parse-ignore-end -->\n\t\t\t\t\t\t\t\t<\/div>\n\t\t\t\t\t\t\t\t\t\t\t\t\t<\/div>\n\t\t\t\t\t<\/div>\n\t\t\t\t\t\t\t\t\t<div class=\"p-4 shadow-lg document-item rounded-xl\">\n\t\t\t\t\t\t<div class=\"flex flex-col items-center\">\n\t\t\t\t\t\t\t\t\t\t\t\t\t\t\t<figure class=\"w-full h-auto overflow-hidden\">\n\t\t\t\t\t\t\t\t\t<img decoding=\"async\" width=\"596\" height=\"842\" src=\"https:\/\/www.heinen-doors.com\/wp-content\/uploads\/2021\/07\/Cahier-charges-va-vient-DE.jpg\" class=\"w-full h-full object-contain mb-4 block\" alt=\"Cahier-charges-va-vient-DE\" id=\"\" loading=\"lazy\" srcset=\"https:\/\/www.heinen-doors.com\/wp-content\/uploads\/2021\/07\/Cahier-charges-va-vient-DE.jpg 596w, https:\/\/www.heinen-doors.com\/wp-content\/uploads\/2021\/07\/Cahier-charges-va-vient-DE-319x450.jpg 319w, https:\/\/www.heinen-doors.com\/wp-content\/uploads\/2021\/07\/Cahier-charges-va-vient-DE-227x320.jpg 227w, https:\/\/www.heinen-doors.com\/wp-content\/uploads\/2021\/07\/Cahier-charges-va-vient-DE-478x675.jpg 478w\" sizes=\"auto, (max-width: 596px) 100vw, 596px\" \/>\n\t\t\t\t\t\t\t\t<\/figure>\n\t\t\t\t\t\t\t\n\t\t\t\t\t\t\t<h3 class=\"text-base font-bold text-center\">SPHE 0300 | Spezifikationen &#8211; Schwingt\u00fcr<\/h3>\n\n\t\t\t\t\t\t\t\t\t\t\t\t\t\t\t<div class=\"mt-2\">\n\t\t\t\t\t\t\t\t\t\n\n\n\t\n\n<!-- parse-ignore-start -->\n<a  href=\"https:\/\/www.heinen-doors.com\/de\/\/?wpdmdl=17204&#038;ind=1627377497903\" class=\"group gap-2 border-2 rounded-3xl justify-center items-center w-full xs:w-auto inline-flex px-3 sm:px-6 py-3 space-x-1 leading-6 transition duration-150 ease-in-out group-transparent  transparent  btn-download text-sm  bg-transparent border-primary hover:bg-primary-50 font-bold text-primary hover:text-primary\"  target=\"_blank\">\n\tSich anmelden\n\t\n\t\n\t<!-- temp -->\n\t<svg class=\"hidden group-hover:block\" xmlns=\"http:\/\/www.w3.org\/2000\/svg\" width=\"16\" height=\"10\" viewBox=\"0 0 16 10\" fill=\"none\">\n<path d=\"M1.00016 5.08329L15 5.08329M15 5.08329L10.9167 9.16657M15 5.08329L10.9167 1\" stroke=\"#004059\" stroke-width=\"1.5\" stroke-linecap=\"round\" stroke-linejoin=\"round\"\/>\n<\/svg>\n\t\n<\/a>\n<!-- parse-ignore-end -->\n\t\t\t\t\t\t\t\t<\/div>\n\t\t\t\t\t\t\t\t\t\t\t\t\t<\/div>\n\t\t\t\t\t<\/div>\n\t\t\t\t\t\t\t<\/div>\n\t\t\t<\/div>\n<\/div>\n<div class=\"prose\">\n\n<h4>Was ist BIM?<\/h4>\n<p>Building Information Modeling. Es handelt sich um die Verwaltung eines Bauprojekts mit Hilfe eines digitalen 3D-Modells, das eine Vielzahl von Objekten (wie T\u00fcren, Fassaden, Rohre usw.) enth\u00e4lt. Sein Hauptzweck ist der Informationsaustausch zwischen den verschiedenen am Projekt beteiligten Parteien (Projektant, Produkthersteller, Installateur). Auf diese Weise k\u00f6nnen einerseits Mengen und Kosten kalkuliert und andererseits Konflikte vermieden werden.<\/p>\n<p>Sie wollen Ihre ma\u00dfgeschneiderten T\u00fcren konfigurieren und verschiedene Leistungen kombinieren? M\u00f6chten Sie BIM-Objekte in verschiedenen Formaten herunterladen?<\/p>\n<p>Heinen Doors bietet seinen Partnern, Kunden und Anwendern seiner T\u00fcren einen \u201eHeinen Door Configurator\u201c, mit dem sie ihre Konfiguration in verschiedenen Formaten wie Revit, IFC, CAD, dxf herunterladen k\u00f6nnen.<\/p>\n<p>Unser BIM-Konfigurator liefert Ihnen Informationen, die Sie bei der Suche nach einer Heinen T\u00fcr nutzen k\u00f6nnen. Aufgrund der Vielzahl und Komplexit\u00e4t der verf\u00fcgbaren Konfigurationen kann Heinen Doors Belgium nur einen Teil seines Sortiments \u00fcber seinen BIM-Konfigurator anbieten. Die Angaben in diesem Konfigurator dienen nur der allgemeinen Information. Aus den Angaben in diesem Konfigurator k\u00f6nnen keine Rechte abgeleitet werden. Obwohl Heinen Doors Belgium die notwendige Sorgfalt bei der Zusammenstellung und Pflege dieses Tools walten l\u00e4sst, kann Heinen Doors Belgium keine Garantie und Haftung f\u00fcr die Richtigkeit, Vollst\u00e4ndigkeit und Aktualit\u00e4t der bereitgestellten Informationen \u00fcbernehmen.<\/p>\n<p>Auch kann Heinen Doors Belgium nicht garantieren, dass der Konfigurator ohne Fehler oder Unterbrechungen funktioniert.<\/p>\n<\/p>\n<\/p>\n<div id=\"attachment_17406\" style=\"width: 248px\" class=\"wp-caption alignright\"><a href=\"https:\/\/bcb-online.nl\/?zoekterm=Heinen+-+Metal+Plus\"><img decoding=\"async\" aria-describedby=\"caption-attachment-17406\" class=\"wp-image-17408\" src=\"https:\/\/www.heinen-doors.com\/wp-content\/uploads\/2021\/08\/BouwConnect_logo_Bibliotheek-450x78.jpg\" alt=\"link to bouwconnect bibliotheek\" width=\"238\" height=\"41\" srcset=\"https:\/\/www.heinen-doors.com\/wp-content\/uploads\/2021\/08\/BouwConnect_logo_Bibliotheek-450x78.jpg 450w, https:\/\/www.heinen-doors.com\/wp-content\/uploads\/2021\/08\/BouwConnect_logo_Bibliotheek-1920x334.jpg 1920w, https:\/\/www.heinen-doors.com\/wp-content\/uploads\/2021\/08\/BouwConnect_logo_Bibliotheek-320x56.jpg 320w, https:\/\/www.heinen-doors.com\/wp-content\/uploads\/2021\/08\/BouwConnect_logo_Bibliotheek-768x134.jpg 768w, https:\/\/www.heinen-doors.com\/wp-content\/uploads\/2021\/08\/BouwConnect_logo_Bibliotheek-1536x267.jpg 1536w, https:\/\/www.heinen-doors.com\/wp-content\/uploads\/2021\/08\/BouwConnect_logo_Bibliotheek-478x83.jpg 478w, https:\/\/www.heinen-doors.com\/wp-content\/uploads\/2021\/08\/BouwConnect_logo_Bibliotheek.jpg 2048w\" sizes=\"(max-width: 238px) 100vw, 238px\" \/><\/a><p id=\"caption-attachment-17406\" class=\"wp-caption-text\">Powered by Bouwconnect<\/p><\/div>\n<h2>BIM Konfigurator<\/h2>\n<p><iframe src=\"https:\/\/heinen.bimservice.bouwconnect.nl\/fab-filters\/du\" height=\"900\"><\/iframe><\/p><\/div>","protected":false},"excerpt":{"rendered":"<p>Was ist BIM? Building Information Modeling. Es handelt sich um die Verwaltung eines Bauprojekts mit Hilfe eines digitalen 3D-Modells, das eine Vielzahl von Objekten (wie T\u00fcren, Fassaden, Rohre usw.) enth\u00e4lt. Sein Hauptzweck ist der Informationsaustausch zwischen den verschiedenen am Projekt beteiligten Parteien (Projektant, Produkthersteller, Installateur). Auf diese Weise k\u00f6nnen einerseits Mengen und Kosten kalkuliert und [&hellip;]<\/p>\n","protected":false},"author":1379,"featured_media":13734,"parent":0,"menu_order":0,"comment_status":"closed","ping_status":"closed","template":"","meta":{"_acf_changed":false,"inline_featured_image":false,"footnotes":""},"class_list":["post-13531","page","type-page","status-publish","has-post-thumbnail","hentry"],"acf":[],"yoast_head":"<!-- This site is optimized with the Yoast SEO plugin v27.1.1 - https:\/\/yoast.com\/product\/yoast-seo-wordpress\/ -->\n<title>Spezifikationen und BIM-Objekte | f\u00fcr Brandschutzt\u00fcren aus Stahl | Heinen<\/title>\n<meta name=\"description\" content=\"Generieren und downloaden Sie ein ma\u00dfgeschneidertes Pflichtenheft und BIM-Modell von Heinen. f\u00fcr Feuer-, Einbruch- und Kombinationst\u00fcren\" \/>\n<meta name=\"robots\" content=\"index, follow, max-snippet:-1, max-image-preview:large, max-video-preview:-1\" \/>\n<link rel=\"canonical\" href=\"https:\/\/www.heinen-doors.com\/de\/spezifikationen-und-bim-objekte\/\" \/>\n<meta property=\"og:locale\" content=\"de_DE\" \/>\n<meta property=\"og:type\" content=\"article\" \/>\n<meta property=\"og:title\" content=\"Spezifikationen und BIM-Objekte | f\u00fcr Brandschutzt\u00fcren aus Stahl | Heinen\" \/>\n<meta property=\"og:description\" content=\"Generieren und downloaden Sie ein ma\u00dfgeschneidertes Pflichtenheft und BIM-Modell von Heinen. f\u00fcr Feuer-, Einbruch- und Kombinationst\u00fcren\" \/>\n<meta property=\"og:url\" content=\"https:\/\/www.heinen-doors.com\/de\/spezifikationen-und-bim-objekte\/\" \/>\n<meta property=\"og:site_name\" content=\"Heinen\" \/>\n<meta property=\"article:modified_time\" content=\"2025-02-20T10:03:27+00:00\" \/>\n<meta property=\"og:image\" content=\"https:\/\/www.heinen-doors.com\/wp-content\/uploads\/2021\/06\/architecture-1857175_1920.jpg\" \/>\n\t<meta property=\"og:image:width\" content=\"1920\" \/>\n\t<meta property=\"og:image:height\" content=\"1280\" \/>\n\t<meta property=\"og:image:type\" content=\"image\/jpeg\" \/>\n<meta name=\"twitter:card\" content=\"summary_large_image\" \/>\n<meta name=\"twitter:label1\" content=\"Est. reading time\" \/>\n\t<meta name=\"twitter:data1\" content=\"3 minutes\" \/>\n<script type=\"application\/ld+json\" class=\"yoast-schema-graph\">{\"@context\":\"https:\/\/schema.org\",\"@graph\":[{\"@type\":\"WebPage\",\"@id\":\"https:\/\/www.heinen-doors.com\/de\/spezifikationen-und-bim-objekte\/\",\"url\":\"https:\/\/www.heinen-doors.com\/de\/spezifikationen-und-bim-objekte\/\",\"name\":\"Spezifikationen und BIM-Objekte | f\u00fcr Brandschutzt\u00fcren aus Stahl | Heinen\",\"isPartOf\":{\"@id\":\"https:\/\/www.heinen-doors.com\/de\/#website\"},\"primaryImageOfPage\":{\"@id\":\"https:\/\/www.heinen-doors.com\/de\/spezifikationen-und-bim-objekte\/#primaryimage\"},\"image\":{\"@id\":\"https:\/\/www.heinen-doors.com\/de\/spezifikationen-und-bim-objekte\/#primaryimage\"},\"thumbnailUrl\":\"https:\/\/www.heinen-doors.com\/wp-content\/uploads\/2021\/06\/architecture-1857175_1920.jpg\",\"datePublished\":\"2021-06-11T06:18:52+00:00\",\"dateModified\":\"2025-02-20T10:03:27+00:00\",\"description\":\"Generieren und downloaden Sie ein ma\u00dfgeschneidertes Pflichtenheft und BIM-Modell von Heinen. f\u00fcr Feuer-, Einbruch- und Kombinationst\u00fcren\",\"breadcrumb\":{\"@id\":\"https:\/\/www.heinen-doors.com\/de\/spezifikationen-und-bim-objekte\/#breadcrumb\"},\"inLanguage\":\"de-DE\",\"potentialAction\":[{\"@type\":\"ReadAction\",\"target\":[\"https:\/\/www.heinen-doors.com\/de\/spezifikationen-und-bim-objekte\/\"]}]},{\"@type\":\"ImageObject\",\"inLanguage\":\"de-DE\",\"@id\":\"https:\/\/www.heinen-doors.com\/de\/spezifikationen-und-bim-objekte\/#primaryimage\",\"url\":\"https:\/\/www.heinen-doors.com\/wp-content\/uploads\/2021\/06\/architecture-1857175_1920.jpg\",\"contentUrl\":\"https:\/\/www.heinen-doors.com\/wp-content\/uploads\/2021\/06\/architecture-1857175_1920.jpg\",\"width\":1920,\"height\":1280,\"caption\":\"Spezifikationen\"},{\"@type\":\"BreadcrumbList\",\"@id\":\"https:\/\/www.heinen-doors.com\/de\/spezifikationen-und-bim-objekte\/#breadcrumb\",\"itemListElement\":[{\"@type\":\"ListItem\",\"position\":1,\"name\":\"Heinen\",\"item\":\"https:\/\/www.heinen-doors.com\/de\/\"},{\"@type\":\"ListItem\",\"position\":2,\"name\":\"Spezifikationen und BIM-Objekte\"}]},{\"@type\":\"WebSite\",\"@id\":\"https:\/\/www.heinen-doors.com\/de\/#website\",\"url\":\"https:\/\/www.heinen-doors.com\/de\/\",\"name\":\"Heinen Doors\",\"description\":\"Service &amp; technologie pour votre s\u00e9curit\u00e9\",\"publisher\":{\"@id\":\"https:\/\/www.heinen-doors.com\/de\/#organization\"},\"potentialAction\":[{\"@type\":\"SearchAction\",\"target\":{\"@type\":\"EntryPoint\",\"urlTemplate\":\"https:\/\/www.heinen-doors.com\/de\/?s={search_term_string}\"},\"query-input\":{\"@type\":\"PropertyValueSpecification\",\"valueRequired\":true,\"valueName\":\"search_term_string\"}}],\"inLanguage\":\"de-DE\"},{\"@type\":\"Organization\",\"@id\":\"https:\/\/www.heinen-doors.com\/de\/#organization\",\"name\":\"Heinen S.A.\",\"url\":\"https:\/\/www.heinen-doors.com\/de\/\",\"logo\":{\"@type\":\"ImageObject\",\"inLanguage\":\"de-DE\",\"@id\":\"https:\/\/www.heinen-doors.com\/de\/#\/schema\/logo\/image\/\",\"url\":\"https:\/\/www.heinen-doors.com\/wp-content\/uploads\/2017\/05\/logo-heinen.svg\",\"contentUrl\":\"https:\/\/www.heinen-doors.com\/wp-content\/uploads\/2017\/05\/logo-heinen.svg\",\"width\":1,\"height\":1,\"caption\":\"Heinen S.A.\"},\"image\":{\"@id\":\"https:\/\/www.heinen-doors.com\/de\/#\/schema\/logo\/image\/\"},\"sameAs\":[\"https:\/\/www.linkedin.com\/company-beta\/5359788\/\",\"https:\/\/www.youtube.com\/channel\/UCFngSniJBVon9jL54LtQxNQ\"]}]}<\/script>\n<!-- \/ Yoast SEO plugin. -->","yoast_head_json":{"title":"Spezifikationen und BIM-Objekte | f\u00fcr Brandschutzt\u00fcren aus Stahl | Heinen","description":"Generieren und downloaden Sie ein ma\u00dfgeschneidertes Pflichtenheft und BIM-Modell von Heinen. f\u00fcr Feuer-, Einbruch- und Kombinationst\u00fcren","robots":{"index":"index","follow":"follow","max-snippet":"max-snippet:-1","max-image-preview":"max-image-preview:large","max-video-preview":"max-video-preview:-1"},"canonical":"https:\/\/www.heinen-doors.com\/de\/spezifikationen-und-bim-objekte\/","og_locale":"de_DE","og_type":"article","og_title":"Spezifikationen und BIM-Objekte | f\u00fcr Brandschutzt\u00fcren aus Stahl | Heinen","og_description":"Generieren und downloaden Sie ein ma\u00dfgeschneidertes Pflichtenheft und BIM-Modell von Heinen. f\u00fcr Feuer-, Einbruch- und Kombinationst\u00fcren","og_url":"https:\/\/www.heinen-doors.com\/de\/spezifikationen-und-bim-objekte\/","og_site_name":"Heinen","article_modified_time":"2025-02-20T10:03:27+00:00","og_image":[{"width":1920,"height":1280,"url":"https:\/\/www.heinen-doors.com\/wp-content\/uploads\/2021\/06\/architecture-1857175_1920.jpg","type":"image\/jpeg"}],"twitter_card":"summary_large_image","twitter_misc":{"Est. reading time":"3 minutes"},"schema":{"@context":"https:\/\/schema.org","@graph":[{"@type":"WebPage","@id":"https:\/\/www.heinen-doors.com\/de\/spezifikationen-und-bim-objekte\/","url":"https:\/\/www.heinen-doors.com\/de\/spezifikationen-und-bim-objekte\/","name":"Spezifikationen und BIM-Objekte | f\u00fcr Brandschutzt\u00fcren aus Stahl | Heinen","isPartOf":{"@id":"https:\/\/www.heinen-doors.com\/de\/#website"},"primaryImageOfPage":{"@id":"https:\/\/www.heinen-doors.com\/de\/spezifikationen-und-bim-objekte\/#primaryimage"},"image":{"@id":"https:\/\/www.heinen-doors.com\/de\/spezifikationen-und-bim-objekte\/#primaryimage"},"thumbnailUrl":"https:\/\/www.heinen-doors.com\/wp-content\/uploads\/2021\/06\/architecture-1857175_1920.jpg","datePublished":"2021-06-11T06:18:52+00:00","dateModified":"2025-02-20T10:03:27+00:00","description":"Generieren und downloaden Sie ein ma\u00dfgeschneidertes Pflichtenheft und BIM-Modell von Heinen. f\u00fcr Feuer-, Einbruch- und Kombinationst\u00fcren","breadcrumb":{"@id":"https:\/\/www.heinen-doors.com\/de\/spezifikationen-und-bim-objekte\/#breadcrumb"},"inLanguage":"de-DE","potentialAction":[{"@type":"ReadAction","target":["https:\/\/www.heinen-doors.com\/de\/spezifikationen-und-bim-objekte\/"]}]},{"@type":"ImageObject","inLanguage":"de-DE","@id":"https:\/\/www.heinen-doors.com\/de\/spezifikationen-und-bim-objekte\/#primaryimage","url":"https:\/\/www.heinen-doors.com\/wp-content\/uploads\/2021\/06\/architecture-1857175_1920.jpg","contentUrl":"https:\/\/www.heinen-doors.com\/wp-content\/uploads\/2021\/06\/architecture-1857175_1920.jpg","width":1920,"height":1280,"caption":"Spezifikationen"},{"@type":"BreadcrumbList","@id":"https:\/\/www.heinen-doors.com\/de\/spezifikationen-und-bim-objekte\/#breadcrumb","itemListElement":[{"@type":"ListItem","position":1,"name":"Heinen","item":"https:\/\/www.heinen-doors.com\/de\/"},{"@type":"ListItem","position":2,"name":"Spezifikationen und BIM-Objekte"}]},{"@type":"WebSite","@id":"https:\/\/www.heinen-doors.com\/de\/#website","url":"https:\/\/www.heinen-doors.com\/de\/","name":"Heinen Doors","description":"Service &amp; technologie pour votre s\u00e9curit\u00e9","publisher":{"@id":"https:\/\/www.heinen-doors.com\/de\/#organization"},"potentialAction":[{"@type":"SearchAction","target":{"@type":"EntryPoint","urlTemplate":"https:\/\/www.heinen-doors.com\/de\/?s={search_term_string}"},"query-input":{"@type":"PropertyValueSpecification","valueRequired":true,"valueName":"search_term_string"}}],"inLanguage":"de-DE"},{"@type":"Organization","@id":"https:\/\/www.heinen-doors.com\/de\/#organization","name":"Heinen S.A.","url":"https:\/\/www.heinen-doors.com\/de\/","logo":{"@type":"ImageObject","inLanguage":"de-DE","@id":"https:\/\/www.heinen-doors.com\/de\/#\/schema\/logo\/image\/","url":"https:\/\/www.heinen-doors.com\/wp-content\/uploads\/2017\/05\/logo-heinen.svg","contentUrl":"https:\/\/www.heinen-doors.com\/wp-content\/uploads\/2017\/05\/logo-heinen.svg","width":1,"height":1,"caption":"Heinen S.A."},"image":{"@id":"https:\/\/www.heinen-doors.com\/de\/#\/schema\/logo\/image\/"},"sameAs":["https:\/\/www.linkedin.com\/company-beta\/5359788\/","https:\/\/www.youtube.com\/channel\/UCFngSniJBVon9jL54LtQxNQ"]}]}},"_links":{"self":[{"href":"https:\/\/www.heinen-doors.com\/de\/wp-json\/wp\/v2\/pages\/13531","targetHints":{"allow":["GET"]}}],"collection":[{"href":"https:\/\/www.heinen-doors.com\/de\/wp-json\/wp\/v2\/pages"}],"about":[{"href":"https:\/\/www.heinen-doors.com\/de\/wp-json\/wp\/v2\/types\/page"}],"author":[{"embeddable":true,"href":"https:\/\/www.heinen-doors.com\/de\/wp-json\/wp\/v2\/users\/1379"}],"replies":[{"embeddable":true,"href":"https:\/\/www.heinen-doors.com\/de\/wp-json\/wp\/v2\/comments?post=13531"}],"version-history":[{"count":0,"href":"https:\/\/www.heinen-doors.com\/de\/wp-json\/wp\/v2\/pages\/13531\/revisions"}],"wp:featuredmedia":[{"embeddable":true,"href":"https:\/\/www.heinen-doors.com\/de\/wp-json\/wp\/v2\/media\/13734"}],"wp:attachment":[{"href":"https:\/\/www.heinen-doors.com\/de\/wp-json\/wp\/v2\/media?parent=13531"}],"curies":[{"name":"wp","href":"https:\/\/api.w.org\/{rel}","templated":true}]}}